{"id":28517,"date":"2018-08-01T15:43:41","date_gmt":"2018-08-01T14:43:41","guid":{"rendered":"https:\/\/icpraha.com\/kdo-jsme\/"},"modified":"2022-10-26T16:19:32","modified_gmt":"2022-10-26T15:19:32","slug":"biz-kimiz","status":"publish","type":"page","link":"https:\/\/old.icpraha.com\/tr\/biz-kimiz\/","title":{"rendered":"B\u0130Z K\u0130M\u0130Z?"},"content":{"rendered":"<div id='av_section_1'  class='avia-section av-hs5fj-25bb5b66d7dd593f72bba7fce67ac100 main_color avia-section-default avia-no-border-styling  avia-builder-el-0  avia-builder-el-no-sibling  avia-bg-style-scroll container_wrap fullsize'  ><div class='container av-section-cont-open' ><main  role=\"main\" itemprop=\"mainContentOfPage\"  class='template-page content  av-content-full alpha units'><div class='post-entry post-entry-type-page post-entry-28517'><div class='entry-content-wrapper clearfix'>\n<div class='flex_column_table av-bp233-339e8b75b93941822bf34b79f5a1081d sc-av_two_third av-equal-height-column-flextable'>\n<style type=\"text\/css\" data-created_by=\"avia_inline_auto\" id=\"style-css-av-bp233-339e8b75b93941822bf34b79f5a1081d\">\n#top .flex_column_table.av-equal-height-column-flextable.av-bp233-339e8b75b93941822bf34b79f5a1081d{\nmargin-top:0px;\nmargin-bottom:30px;\n}\n.flex_column.av-bp233-339e8b75b93941822bf34b79f5a1081d{\nborder-radius:10px 10px 10px 10px;\npadding:120px 30px 120px 30px;\nbackground:url(https:\/\/old.icpraha.com\/wp-content\/uploads\/2021\/10\/IMG_2336-1030x687.jpg) 50% 50% repeat-x scroll rgba(0,0,0,0.6);\n}\n<\/style>\n<div  class='flex_column av-bp233-339e8b75b93941822bf34b79f5a1081d av_two_third  avia-builder-el-1  el_before_av_one_third  avia-builder-el-first  shadow blend first flex_column_table_cell av-equal-height-column av-align-middle  '     ><style type=\"text\/css\" data-created_by=\"avia_inline_auto\" id=\"style-css-av-jkaxdisn-a4d5f863a812e10a93b514f3f253464d\">\n#top .av_textblock_section.av-jkaxdisn-a4d5f863a812e10a93b514f3f253464d .avia_textblock{\nfont-size:18px;\ncolor:#ffffff;\n}\n<\/style>\n<section  class='av_textblock_section av-jkaxdisn-a4d5f863a812e10a93b514f3f253464d '   itemscope=\"itemscope\" itemtype=\"https:\/\/schema.org\/CreativeWork\" ><div class='avia_textblock av_inherit_color'  itemprop=\"text\" ><h1 style=\"text-align: center;\">B\u0130Z K\u0130M\u0130Z?<\/h1>\n<\/div><\/section><\/div><div class='av-flex-placeholder'><\/div>\n<style type=\"text\/css\" data-created_by=\"avia_inline_auto\" id=\"style-css-av-bp233-9-d2947535c236c9b78ce418953bff95d3\">\n#top .flex_column_table.av-equal-height-column-flextable.av-bp233-9-d2947535c236c9b78ce418953bff95d3{\nmargin-top:0px;\nmargin-bottom:30px;\n}\n.flex_column.av-bp233-9-d2947535c236c9b78ce418953bff95d3{\nborder-radius:10px 10px 10px 10px;\npadding:30px 30px 30px 30px;\nbackground-color:#148a73;\nbackground:linear-gradient( to top right, #148a73, #97b34d );\n}\n<\/style>\n<div  class='flex_column av-bp233-9-d2947535c236c9b78ce418953bff95d3 av_one_third  avia-builder-el-3  el_after_av_two_third  el_before_av_one_third  shadow flex_column_table_cell av-equal-height-column av-align-middle  '     ><style type=\"text\/css\" data-created_by=\"avia_inline_auto\" id=\"style-css-av-jkaxdisn-8-004feb91a91abe8fc7f504efc07bacd4\">\n#top .av_textblock_section.av-jkaxdisn-8-004feb91a91abe8fc7f504efc07bacd4 .avia_textblock{\nfont-size:15px;\ncolor:#ffffff;\n}\n<\/style>\n<section  class='av_textblock_section av-jkaxdisn-8-004feb91a91abe8fc7f504efc07bacd4 '   itemscope=\"itemscope\" itemtype=\"https:\/\/schema.org\/CreativeWork\" ><div class='avia_textblock av_inherit_color'  itemprop=\"text\" ><p style=\"text-align: center;\">Prag&#8217;\u0131 herkes i\u00e7in ya\u015fanabilir bir \u015fehir haline getirmeye \u00e7al\u0131\u015fan, kar amac\u0131 g\u00fctmeyen bir kurulu\u015fuz &#8211; geldikleri \u00fclkeden ba\u011f\u0131ms\u0131z olarak burada ya\u015famaya karar veren herkes i\u00e7in kendi evi gibi hissedece\u011fi ve sakinlerinin birbirine sayg\u0131 duydu\u011fu ve destekledi\u011fi ekip ruhuna sahip bir yer.<\/p>\n<\/div><\/section><br \/>\n<div  class='avia-button-wrap av-jkcpodb3-4b68c29d689b4547c2547762f8dae250-wrap avia-button-center  avia-builder-el-5  el_after_av_textblock  avia-builder-el-last '><a href='https:\/\/old.icpraha.com\/tr\/biz-kimiz\/'  class='avia-button av-jkcpodb3-4b68c29d689b4547c2547762f8dae250 av-link-btn avia-icon_select-no avia-size-large avia-position-center avia-color-light'   aria-label=\"\u0130LET\u0130\u015e\u0130M\"><span class='avia_iconbox_title' >\u0130LET\u0130\u015e\u0130M<\/span><\/a><\/div><\/p><\/div><\/div><!--close column table wrapper. Autoclose: 1 --><div class='flex_column_table av-bp233-7-7a502220c4ba4969c1a5b12c9e9f98c6 sc-av_one_third av-equal-height-column-flextable'>\n<style type=\"text\/css\" data-created_by=\"avia_inline_auto\" id=\"style-css-av-bp233-7-7a502220c4ba4969c1a5b12c9e9f98c6\">\n#top .flex_column_table.av-equal-height-column-flextable.av-bp233-7-7a502220c4ba4969c1a5b12c9e9f98c6{\nmargin-top:30px;\nmargin-bottom:30px;\n}\n.flex_column.av-bp233-7-7a502220c4ba4969c1a5b12c9e9f98c6{\nborder-radius:10px 10px 10px 10px;\npadding:30px 30px 30px 30px;\nbackground-color:#148a73;\nbackground:linear-gradient( to top right, #148a73, #97b34d );\n}\n<\/style>\n<div  class='flex_column av-bp233-7-7a502220c4ba4969c1a5b12c9e9f98c6 av_one_third  avia-builder-el-6  el_after_av_one_third  el_before_av_two_third  shadow first flex_column_table_cell av-equal-height-column av-align-middle av-hide-on-mobile  column-top-margin'     ><style type=\"text\/css\" data-created_by=\"avia_inline_auto\" id=\"style-css-av-jkax2ocz-847b589cc9652c0bc837303413ffbf11\">\n.av_font_icon.av-jkax2ocz-847b589cc9652c0bc837303413ffbf11{\ncolor:#ffffff;\nborder-color:#ffffff;\n}\n.av_font_icon.av-jkax2ocz-847b589cc9652c0bc837303413ffbf11 .av-icon-char{\nfont-size:120px;\nline-height:120px;\n}\n<\/style>\n<span  class='av_font_icon av-jkax2ocz-847b589cc9652c0bc837303413ffbf11 avia_animate_when_visible av-icon-style- avia-icon-pos-center avia-icon-animate'><span class='av-icon-char' aria-hidden='true' data-av_icon='\uf158' data-av_iconfont='flaticon' ><\/span><\/span><\/div><div class='av-flex-placeholder'><\/div>\n<style type=\"text\/css\" data-created_by=\"avia_inline_auto\" id=\"style-css-av-bp233-5-c1dc1390a09a7e368c091d72f59cb301\">\n#top .flex_column_table.av-equal-height-column-flextable.av-bp233-5-c1dc1390a09a7e368c091d72f59cb301{\nmargin-top:30px;\nmargin-bottom:30px;\n}\n.flex_column.av-bp233-5-c1dc1390a09a7e368c091d72f59cb301{\nborder-radius:10px 10px 10px 10px;\npadding:30px 30px 30px 30px;\nbackground-color:#ffffff;\n}\n<\/style>\n<div  class='flex_column av-bp233-5-c1dc1390a09a7e368c091d72f59cb301 av_two_third  avia-builder-el-8  el_after_av_one_third  el_before_av_two_third  shadow flex_column_table_cell av-equal-height-column av-align-middle  column-top-margin'     ><section  class='av_textblock_section av-jkaxdisn-6-eaadb00c05f190d66d5c30bfce5ce1a7 '   itemscope=\"itemscope\" itemtype=\"https:\/\/schema.org\/CreativeWork\" ><div class='avia_textblock'  itemprop=\"text\" ><h2>M\u00fc\u015fterilerimiz kimlerdir?<\/h2>\n<p>M\u00fc\u015fterilerimiz \u00c7ek Cumhuriyeti&#8217;nde uzun s\u00fcredir ya\u015fayan yabanc\u0131lard\u0131r. Hizmetlerimizi ikamet t\u00fcr\u00fcn\u00fcze g\u00f6re kullan\u0131p kullanamayaca\u011f\u0131n\u0131zdan emin de\u011filseniz, l\u00fctfen bizimle ileti\u015fime ge\u00e7in, size tavsiyede bulunmaktan memnuniyet duyar\u0131z. Entegrasyonu iki y\u00f6nl\u00fc bir s\u00fcre\u00e7 olarak alg\u0131l\u0131yoruz ve bu nedenle baz\u0131 faaliyetlerimizi \u00c7ek vatanda\u015flar\u0131 i\u00e7in de tasarlad\u0131k.<\/p>\n<\/div><\/section><br \/>\n<div  class='avia-button-wrap av-kyiiymkx-8793a1839ead9f2f486ba81b72a41b6c-wrap avia-button-left  avia-builder-el-10  el_after_av_textblock  avia-builder-el-last '><a href='https:\/\/www.google.com\/search?q=integra%C4%8Dn%C3%AD+centrum+praha&amp;oq=integra%C4%8Dn%C3%AD+centrum+praha&amp;aqs=chrome..69i57j46i175i199i512j0i22i30l2j69i61j69i60j69i61j69i65.5579j0j7&amp;sourceid=chrome&amp;ie=UTF-8#lrd=0x470b948db2e03abf:0x883d02dcb55c08c8,1,,,' class='avia-button av-kyiiymkx-8793a1839ead9f2f486ba81b72a41b6c av-link-btn avia-icon_select-no avia-size-medium avia-position-left avia-color-theme-color' target=\"_blank\" rel=\"noopener noreferrer\" aria-label=\" M\u00fc\u015fterilerimizden gelen yorumlar\"><span class='avia_iconbox_title' > M\u00fc\u015fterilerimizden gelen yorumlar<\/span><\/a><\/div><\/p><\/div><\/div><!--close column table wrapper. Autoclose: 1 --><div class='flex_column_table av-bp233-3-9ab3e9ec92cec9e874e1c8214b5bac5b sc-av_two_third av-equal-height-column-flextable'>\n<style type=\"text\/css\" data-created_by=\"avia_inline_auto\" id=\"style-css-av-bp233-3-9ab3e9ec92cec9e874e1c8214b5bac5b\">\n.flex_column.av-bp233-3-9ab3e9ec92cec9e874e1c8214b5bac5b{\nborder-radius:10px 10px 10px 10px;\npadding:30px 30px 30px 30px;\nbackground-color:#ffffff;\n}\n<\/style>\n<div  class='flex_column av-bp233-3-9ab3e9ec92cec9e874e1c8214b5bac5b av_two_third  avia-builder-el-11  el_after_av_two_third  el_before_av_one_third  shadow first flex_column_table_cell av-equal-height-column av-align-middle  column-top-margin'     ><section  class='av_textblock_section av-jkaxdisn-2-82418180ff1ddbae13b83444a545685b '   itemscope=\"itemscope\" itemtype=\"https:\/\/schema.org\/CreativeWork\" ><div class='avia_textblock'  itemprop=\"text\" ><h2>Nas\u0131l \u00e7al\u0131\u015f\u0131yoruz? \u2013 Vak\u0131f ve benzerleri<\/h2>\n<p>Prag Entegrasyon Merkezi (ICP), entegrasyon faaliyetlerini etkin bir \u015fekilde koordine etmek ve kar amac\u0131 g\u00fctmeyen sekt\u00f6r, yerel makamlar ve Prag Belediye Meclisi aras\u0131nda i\u015fbirli\u011fi kurmak amac\u0131yla 14 Mart 2012&#8217;de Prag Belediyesi taraf\u0131ndan kurulmu\u015f bir kamu hizmeti \u015firketidir.<\/p>\n<\/div><\/section><br \/>\n<div  class='avia-button-wrap av-knedb2d5-c06a385ade3603ef45d4a58231cfd6e1-wrap avia-button-left  avia-builder-el-13  el_after_av_textblock  avia-builder-el-last '><a href='https:\/\/old.icpraha.com\/tr\/biz-kimiz\/'  class='avia-button av-knedb2d5-c06a385ade3603ef45d4a58231cfd6e1 av-link-btn avia-icon_select-yes-left-icon avia-size-medium avia-position-left avia-color-theme-color'  target=\"_blank\"  rel=\"noopener noreferrer\"  aria-label=\" Bizim ortaklar\u0131m\u0131z\"><span class='avia_button_icon avia_button_icon_left' aria-hidden='true' data-av_icon='\uf107' data-av_iconfont='flaticon'><\/span><span class='avia_iconbox_title' > Bizim ortaklar\u0131m\u0131z<\/span><\/a><\/div><\/p><\/div><div class='av-flex-placeholder'><\/div>\n<style type=\"text\/css\" data-created_by=\"avia_inline_auto\" id=\"style-css-av-bp233-1-4735d4a96b7dcaae903c22bd2bd731c1\">\n.flex_column.av-bp233-1-4735d4a96b7dcaae903c22bd2bd731c1{\nborder-radius:10px 10px 10px 10px;\npadding:30px 30px 30px 30px;\nbackground-color:#148a73;\nbackground:linear-gradient( to top right, #148a73, #97b34d );\n}\n<\/style>\n<div  class='flex_column av-bp233-1-4735d4a96b7dcaae903c22bd2bd731c1 av_one_third  avia-builder-el-14  el_after_av_two_third  el_before_av_hr  shadow flex_column_table_cell av-equal-height-column av-align-middle av-hide-on-mobile  column-top-margin'     ><style type=\"text\/css\" data-created_by=\"avia_inline_auto\" id=\"style-css-av-jkax2ocz-4-3f83cfdca4427fa404c460eb6bbf018c\">\n.av_font_icon.av-jkax2ocz-4-3f83cfdca4427fa404c460eb6bbf018c{\ncolor:#ffffff;\nborder-color:#ffffff;\n}\n.av_font_icon.av-jkax2ocz-4-3f83cfdca4427fa404c460eb6bbf018c .av-icon-char{\nfont-size:120px;\nline-height:120px;\n}\n<\/style>\n<span  class='av_font_icon av-jkax2ocz-4-3f83cfdca4427fa404c460eb6bbf018c avia_animate_when_visible av-icon-style- avia-icon-pos-center avia-icon-animate'><span class='av-icon-char' aria-hidden='true' data-av_icon='\uf11b' data-av_iconfont='flaticon' ><\/span><\/span><\/div><\/div><!--close column table wrapper. Autoclose: 1 -->\n<style type=\"text\/css\" data-created_by=\"avia_inline_auto\" id=\"style-css-av-kyij0x0i-43e861854db09fb2a691992c409dfac9\">\n#top .hr.hr-invisible.av-kyij0x0i-43e861854db09fb2a691992c409dfac9{\nheight:50px;\n}\n<\/style>\n<div  class='hr av-kyij0x0i-43e861854db09fb2a691992c409dfac9 hr-invisible  avia-builder-el-16  el_after_av_one_third  el_before_av_video '><span class='hr-inner '><span class=\"hr-inner-style\"><\/span><\/span><\/div>\n<div  class='avia-video av-kckm0rb5-d28aed1368c530c92774b22f146ea309 avia-video-16-9 shadow av-no-preview-image avia-video-load-always av-lazyload-immediate av-lazyload-video-embed'  itemprop=\"video\" itemtype=\"https:\/\/schema.org\/VideoObject\"  data-original_url='https:\/\/www.youtube.com\/watch?v=swYk0gaXTPs'><script type='text\/html' class='av-video-tmpl'><div class='avia-iframe-wrap'><iframe loading=\"lazy\" title=\"Integration centre Prague - This is us (EN)\" width=\"1500\" height=\"844\" src=\"https:\/\/www.youtube.com\/embed\/swYk0gaXTPs?feature=oembed&autoplay=0&loop=0&controls=1&mute=0\" frameborder=\"0\" allow=\"accelerometer; autoplay; clipboard-write; encrypted-media; gyroscope; picture-in-picture\" allowfullscreen><\/iframe><\/div><\/script><div class='av-click-to-play-overlay'><div class=\"avia_playpause_icon\"><\/div><\/div><\/div>\n\n","protected":false},"excerpt":{"rendered":"","protected":false},"author":1,"featured_media":0,"parent":0,"menu_order":0,"comment_status":"closed","ping_status":"closed","template":"","meta":{"footnotes":""},"class_list":["post-28517","page","type-page","status-publish","hentry"],"yoast_head":"<!-- This site is optimized with the Yoast SEO plugin v25.3 - https:\/\/yoast.com\/wordpress\/plugins\/seo\/ -->\n<title>B\u0130Z K\u0130M\u0130Z? - Integra\u010dn\u00ed centrum Praha<\/title>\n<meta name=\"robots\" content=\"noindex, follow, max-snippet:-1, max-image-preview:large, max-video-preview:-1\" \/>\n<meta property=\"og:locale\" content=\"tr_TR\" \/>\n<meta property=\"og:type\" content=\"article\" \/>\n<meta property=\"og:title\" content=\"B\u0130Z K\u0130M\u0130Z? - Integra\u010dn\u00ed centrum Praha\" \/>\n<meta property=\"og:url\" content=\"https:\/\/icpraha.com\/tr\/biz-kimiz\/\" \/>\n<meta property=\"og:site_name\" content=\"Integra\u010dn\u00ed centrum Praha\" \/>\n<meta property=\"article:publisher\" content=\"https:\/\/www.facebook.com\/ICPraha\" \/>\n<meta property=\"article:modified_time\" content=\"2022-10-26T15:19:32+00:00\" \/>\n<meta property=\"og:image\" content=\"https:\/\/old.icpraha.com\/wp-content\/uploads\/2018\/11\/shareimg.png\" \/>\n\t<meta property=\"og:image:width\" content=\"1200\" \/>\n\t<meta property=\"og:image:height\" content=\"630\" \/>\n\t<meta property=\"og:image:type\" content=\"image\/png\" \/>\n<meta name=\"twitter:card\" content=\"summary_large_image\" \/>\n<meta name=\"twitter:site\" content=\"@ICPraha\" \/>\n<meta name=\"twitter:label1\" content=\"Tahmini okuma s\u00fcresi\" \/>\n\t<meta name=\"twitter:data1\" content=\"5 dakika\" \/>\n<script type=\"application\/ld+json\" class=\"yoast-schema-graph\">{\"@context\":\"https:\/\/schema.org\",\"@graph\":[{\"@type\":\"WebPage\",\"@id\":\"https:\/\/icpraha.com\/tr\/biz-kimiz\/\",\"url\":\"https:\/\/icpraha.com\/tr\/biz-kimiz\/\",\"name\":\"B\u0130Z K\u0130M\u0130Z? - Integra\u010dn\u00ed centrum Praha\",\"isPartOf\":{\"@id\":\"https:\/\/icpraha.com\/uk\/#website\"},\"datePublished\":\"2018-08-01T14:43:41+00:00\",\"dateModified\":\"2022-10-26T15:19:32+00:00\",\"breadcrumb\":{\"@id\":\"https:\/\/icpraha.com\/tr\/biz-kimiz\/#breadcrumb\"},\"inLanguage\":\"tr\",\"potentialAction\":[{\"@type\":\"ReadAction\",\"target\":[\"https:\/\/icpraha.com\/tr\/biz-kimiz\/\"]}]},{\"@type\":\"BreadcrumbList\",\"@id\":\"https:\/\/icpraha.com\/tr\/biz-kimiz\/#breadcrumb\",\"itemListElement\":[{\"@type\":\"ListItem\",\"position\":1,\"name\":\"Dom\u016f\",\"item\":\"https:\/\/old.icpraha.com\/\"},{\"@type\":\"ListItem\",\"position\":2,\"name\":\"B\u0130Z K\u0130M\u0130Z?\"}]},{\"@type\":\"WebSite\",\"@id\":\"https:\/\/icpraha.com\/uk\/#website\",\"url\":\"https:\/\/icpraha.com\/uk\/\",\"name\":\"Integra\u010dn\u00ed centrum Praha\",\"description\":\"Praha \u2013 Metropole v\u0161ech\",\"publisher\":{\"@id\":\"https:\/\/icpraha.com\/uk\/#organization\"},\"potentialAction\":[{\"@type\":\"SearchAction\",\"target\":{\"@type\":\"EntryPoint\",\"urlTemplate\":\"https:\/\/icpraha.com\/uk\/?s={search_term_string}\"},\"query-input\":{\"@type\":\"PropertyValueSpecification\",\"valueRequired\":true,\"valueName\":\"search_term_string\"}}],\"inLanguage\":\"tr\"},{\"@type\":\"Organization\",\"@id\":\"https:\/\/icpraha.com\/uk\/#organization\",\"name\":\"Integra\u010dn\u00ed centrum Praha o.p.s.\",\"url\":\"https:\/\/icpraha.com\/uk\/\",\"logo\":{\"@type\":\"ImageObject\",\"inLanguage\":\"tr\",\"@id\":\"https:\/\/icpraha.com\/uk\/#\/schema\/logo\/image\/\",\"url\":\"https:\/\/old.icpraha.com\/wp-content\/uploads\/2018\/08\/ICP-full-color-medium.png\",\"contentUrl\":\"https:\/\/old.icpraha.com\/wp-content\/uploads\/2018\/08\/ICP-full-color-medium.png\",\"width\":1000,\"height\":429,\"caption\":\"Integra\u010dn\u00ed centrum Praha o.p.s.\"},\"image\":{\"@id\":\"https:\/\/icpraha.com\/uk\/#\/schema\/logo\/image\/\"},\"sameAs\":[\"https:\/\/www.facebook.com\/ICPraha\",\"https:\/\/x.com\/ICPraha\",\"https:\/\/www.instagram.com\/icpraha\"]}]}<\/script>\n<!-- \/ Yoast SEO plugin. -->","yoast_head_json":{"title":"B\u0130Z K\u0130M\u0130Z? - Integra\u010dn\u00ed centrum Praha","robots":{"index":"noindex","follow":"follow","max-snippet":"max-snippet:-1","max-image-preview":"max-image-preview:large","max-video-preview":"max-video-preview:-1"},"og_locale":"tr_TR","og_type":"article","og_title":"B\u0130Z K\u0130M\u0130Z? - Integra\u010dn\u00ed centrum Praha","og_url":"https:\/\/icpraha.com\/tr\/biz-kimiz\/","og_site_name":"Integra\u010dn\u00ed centrum Praha","article_publisher":"https:\/\/www.facebook.com\/ICPraha","article_modified_time":"2022-10-26T15:19:32+00:00","og_image":[{"width":1200,"height":630,"url":"https:\/\/old.icpraha.com\/wp-content\/uploads\/2018\/11\/shareimg.png","type":"image\/png"}],"twitter_card":"summary_large_image","twitter_site":"@ICPraha","twitter_misc":{"Tahmini okuma s\u00fcresi":"5 dakika"},"schema":{"@context":"https:\/\/schema.org","@graph":[{"@type":"WebPage","@id":"https:\/\/icpraha.com\/tr\/biz-kimiz\/","url":"https:\/\/icpraha.com\/tr\/biz-kimiz\/","name":"B\u0130Z K\u0130M\u0130Z? - Integra\u010dn\u00ed centrum Praha","isPartOf":{"@id":"https:\/\/icpraha.com\/uk\/#website"},"datePublished":"2018-08-01T14:43:41+00:00","dateModified":"2022-10-26T15:19:32+00:00","breadcrumb":{"@id":"https:\/\/icpraha.com\/tr\/biz-kimiz\/#breadcrumb"},"inLanguage":"tr","potentialAction":[{"@type":"ReadAction","target":["https:\/\/icpraha.com\/tr\/biz-kimiz\/"]}]},{"@type":"BreadcrumbList","@id":"https:\/\/icpraha.com\/tr\/biz-kimiz\/#breadcrumb","itemListElement":[{"@type":"ListItem","position":1,"name":"Dom\u016f","item":"https:\/\/old.icpraha.com\/"},{"@type":"ListItem","position":2,"name":"B\u0130Z K\u0130M\u0130Z?"}]},{"@type":"WebSite","@id":"https:\/\/icpraha.com\/uk\/#website","url":"https:\/\/icpraha.com\/uk\/","name":"Integra\u010dn\u00ed centrum Praha","description":"Praha \u2013 Metropole v\u0161ech","publisher":{"@id":"https:\/\/icpraha.com\/uk\/#organization"},"potentialAction":[{"@type":"SearchAction","target":{"@type":"EntryPoint","urlTemplate":"https:\/\/icpraha.com\/uk\/?s={search_term_string}"},"query-input":{"@type":"PropertyValueSpecification","valueRequired":true,"valueName":"search_term_string"}}],"inLanguage":"tr"},{"@type":"Organization","@id":"https:\/\/icpraha.com\/uk\/#organization","name":"Integra\u010dn\u00ed centrum Praha o.p.s.","url":"https:\/\/icpraha.com\/uk\/","logo":{"@type":"ImageObject","inLanguage":"tr","@id":"https:\/\/icpraha.com\/uk\/#\/schema\/logo\/image\/","url":"https:\/\/old.icpraha.com\/wp-content\/uploads\/2018\/08\/ICP-full-color-medium.png","contentUrl":"https:\/\/old.icpraha.com\/wp-content\/uploads\/2018\/08\/ICP-full-color-medium.png","width":1000,"height":429,"caption":"Integra\u010dn\u00ed centrum Praha o.p.s."},"image":{"@id":"https:\/\/icpraha.com\/uk\/#\/schema\/logo\/image\/"},"sameAs":["https:\/\/www.facebook.com\/ICPraha","https:\/\/x.com\/ICPraha","https:\/\/www.instagram.com\/icpraha"]}]}},"_links":{"self":[{"href":"https:\/\/old.icpraha.com\/tr\/wp-json\/wp\/v2\/pages\/28517","targetHints":{"allow":["GET"]}}],"collection":[{"href":"https:\/\/old.icpraha.com\/tr\/wp-json\/wp\/v2\/pages"}],"about":[{"href":"https:\/\/old.icpraha.com\/tr\/wp-json\/wp\/v2\/types\/page"}],"author":[{"embeddable":true,"href":"https:\/\/old.icpraha.com\/tr\/wp-json\/wp\/v2\/users\/1"}],"replies":[{"embeddable":true,"href":"https:\/\/old.icpraha.com\/tr\/wp-json\/wp\/v2\/comments?post=28517"}],"version-history":[{"count":0,"href":"https:\/\/old.icpraha.com\/tr\/wp-json\/wp\/v2\/pages\/28517\/revisions"}],"wp:attachment":[{"href":"https:\/\/old.icpraha.com\/tr\/wp-json\/wp\/v2\/media?parent=28517"}],"curies":[{"name":"wp","href":"https:\/\/api.w.org\/{rel}","templated":true}]}}