{"id":12252,"date":"2020-01-10T14:59:51","date_gmt":"2020-01-10T13:59:51","guid":{"rendered":"https:\/\/icpraha.com\/?page_id=12252"},"modified":"2024-05-20T10:33:32","modified_gmt":"2024-05-20T09:33:32","slug":"nhung-cau-hoi-hay-duoc-dat-nhat-va-cac-cau-tra-loi","status":"publish","type":"page","link":"https:\/\/old.icpraha.com\/vi\/nhung-cau-hoi-hay-duoc-dat-nhat-va-cac-cau-tra-loi\/","title":{"rendered":"NH\u1eeeNG C\u00c2U H\u1eceI HAY \u0110\u01af\u1ee2C \u0110\u1eb6T NH\u1ea4T V\u00c0 C\u00c1C C\u00c2U TR\u1ea2 L\u1edcI"},"content":{"rendered":"<div id='av_section_1'  class='avia-section av-q4mymm-74ee6d170c1b09eeecde121ca739d887 main_color avia-section-default avia-no-border-styling  avia-builder-el-0  avia-builder-el-no-sibling  avia-bg-style-scroll container_wrap fullsize'  ><div class='container av-section-cont-open' ><main  role=\"main\" itemprop=\"mainContentOfPage\"  class='template-page content  av-content-full alpha units'><div class='post-entry post-entry-type-page post-entry-12252'><div class='entry-content-wrapper clearfix'>\n<section  class='av_textblock_section av-jz8dpk74-49259ed0201f7cef81e17af23400e78f '   itemscope=\"itemscope\" itemtype=\"https:\/\/schema.org\/CreativeWork\" ><div class='avia_textblock'  itemprop=\"text\" ><h1><span style=\"font-weight: 400;\">NH\u1eeeNG C\u00c2U H\u1eceI HAY \u0110\u01af\u1ee2C \u0110\u1eb6T NH\u1ea4T V\u00c0 C\u00c1C C\u00c2U TR\u1ea2 L\u1edcI<\/span><\/h1>\n<h3>1. T\u00f4i mu\u1ed1n h\u1ecdc ti\u1ebfng S\u00e9c. Bao gi\u1edd c\u00e1c kho\u00e1 h\u1ecdc b\u1eaft \u0111\u1ea7u?<\/h3>\n<p>Kho\u00e1 h\u1ecdc ti\u1ebfng S\u00e9c ti\u00eau chu\u1ea9n cho ng\u01b0\u1eddi l\u1edbn \u0111\u01b0\u1ee3c m\u1edf m\u1ed7i n\u0103m hai l\u1ea7n, kho\u00e1 h\u1ecdc chu\u1ea9n b\u1ecb thi v\u0129nh tr\u00fa v\u00e0 kho\u00e1 h\u1ecdc h\u1ed9i tho\u1ea1i v\u00e0 kh\u00f3a h\u1ecdc e-learning c\u0169ng hai l\u1ea7n trong n\u0103m. Th\u1eddi gian \u0111\u0103ng k\u00fd c\u1ee5 th\u1ec3 v\u00e0o t\u1eebng kho\u00e1 h\u1ecdc s\u1ebd \u0111\u01b0\u1ee3c \u0111\u0103ng t\u1ea3i tr\u01b0\u1edbc k\u1ecbp th\u1eddi khi b\u1ea5m v\u00e0o &#8220;Th\u00f4ng tin c\u1ee5 th\u1ec3 + \u0110\u0103ng k\u00fd&#8221; \u1edf kho\u00e1 h\u1ecdc t\u01b0\u01a1ng \u1ee9ng.<\/p>\n<h3>2. C\u00f3 l\u00e0m sao kh\u00f4ng khi t\u00f4i kh\u00f4ng bi\u1ebft tr\u00ecnh \u0111\u1ed9 c\u1ee7a m\u00ecnh?<\/h3>\n<p>Kh\u00f4ng sao! \u0110\u1ec3 \u0111\u00e1nh gi\u00e1 tr\u00ecnh \u0111\u1ed9 c\u1ee7a B\u1ea1n \u0111\u00e3 c\u00f3 b\u00e0i ki\u1ec3m tra ph\u00e2n h\u1ea1ng online m\u00e0 B\u1ea1n c\u00f3 th\u1ec3 \u0111i\u1ec1n trong giai \u0111o\u1ea1n \u0111\u0103ng k\u00fd \u0111\u1ea7u ti\u00ean. D\u1ef1a tr\u00ean c\u01a1 s\u1edf k\u1ebft qu\u1ea3 c\u1ee7a b\u00e0i ki\u1ec3m tra \u0111\u00f3, h\u1ec7 th\u1ed1ng s\u1ebd \u0111\u00e1nh gi\u00e1 tr\u00ecnh \u0111\u1ed9 ti\u1ebfng S\u00e9c c\u1ee7a B\u1ea1n l\u00e0 A1 ho\u1eb7c A2. N\u1ebfu B\u1ea1n l\u00e0 ng\u01b0\u1eddi ho\u00e0n to\u00e0n m\u1edbi b\u1eaft \u0111\u1ea7u, c\u00f3 th\u1ec3 b\u1ecf qua b\u00e0i ki\u1ec3m tra.<\/p>\n<p>Ch\u00fa \u00fd: N\u1ebfu c\u00f3 ai thay b\u1ea1n \u0111i\u1ec1n b\u00e0i ki\u1ec3m tra, ch\u00fang t\u00f4i s\u1ebd kh\u00f4ng th\u1ec3 ph\u00e2n bi\u1ec7t \u0111\u01b0\u1ee3c tr\u00ecnh \u0111\u1ed9 c\u1ee7a b\u1ea1n v\u00e0 \u0111\u0103ng k\u00fd cho b\u1ea1n v\u00e0o kho\u00e1 h\u1ecdc ph\u00f9 h\u1ee3p. V\u00ec v\u1eady b\u1ea1n h\u00e3y t\u1ef1 \u0111i\u1ec1n b\u00e0i ki\u1ec3m tra \u0111\u1ec3 ch\u00fang ta c\u00f3 th\u1ec3 tr\u00e1nh nh\u1eefng tr\u01b0\u1eddng h\u1ee3p kh\u00f3 x\u1eed. Xin c\u00e1m \u01a1n.<\/p>\n<h3>3. T\u00f4i c\u00f3 th\u1ec3 \u0111\u0103ng k\u00fd tr\u01b0\u1edbc v\u00e0 b\u1ea3o \u0111\u1ea3m ch\u1ed7 trong kho\u00e1 h\u1ecdc cho m\u00ecnh kh\u00f4ng?<\/h3>\n<p><span style=\"font-weight: 400;\">R\u1ea5t ti\u1ebfc l\u00e0 kh\u00f4ng. Vi\u1ec7c \u0111\u0103ng k\u00fd v\u00e0o c\u00e1c kh\u00f3a h\u1ecdc di\u1ec5n ra hai l\u1ea7n m\u1ed9t n\u0103m trong c\u00e1c kho\u1ea3n th\u1eddi gian nh\u1ea5t \u0111\u1ecbnh. \u0110\u0103ng k\u00fd v\u00e0o c\u00e1c kh\u00f3a h\u1ecdc ngo\u00e0i kho\u1ea3n th\u1eddi gian n\u00e0y l\u00e0 kh\u00f4ng th\u1ec3. T\u1ea5t c\u1ea3 c\u00e1c th\u00f4ng tin c\u1eadp nh\u1eadt v\u1ec1 vi\u1ec7c \u0111\u0103ng k\u00fd \u0111\u01b0\u1ee3c c\u00f4ng b\u1ed1 tr\u00ean trang web c\u1ee7a ch\u00fang t\u00f4i. <\/span>Li\u00ean quan t\u1edbi vi\u1ec7c \u0111\u0103ng k\u00fd kho\u00e1 h\u1ecdc, xin h\u00e3y ch\u1ec9 tin t\u01b0\u1edfng nh\u1eefng k\u00eanh ch\u00ednh th\u1ee9c c\u1ee7a ICP ch\u1ee9 kh\u00f4ng ph\u1ea3i c\u00e1c c\u00e1 nh\u00e2n \u0111\u0103ng t\u1ea3i tr\u00ean internet kh\u00e1c (ngo\u00e0i m\u1ea1ng l\u01b0\u1edbi ch\u00ednh th\u1ee9c c\u1ee7a ICP).<\/p>\n<h3>4. T\u00f4i c\u00f3 th\u1ec3 thay \u0111\u1ed5i kho\u00e1 h\u1ecdc kh\u00f4ng?<\/h3>\n<p>Trong tu\u1ea7n \u0111\u0103ng k\u00fd Qu\u00fd v\u1ecb c\u00f3 th\u1ec3 thay \u0111\u1ed5i v\u00e0 l\u1ef1a ch\u1ecdn kh\u00f3a h\u1ecdc trong h\u1ec7 th\u1ed1ng. Sau khi tu\u1ea7n \u0111\u0103ng k\u00fd k\u1ebft th\u00fac v\u00e0 kh\u00f3a h\u1ecdc \u0111\u00e3 b\u1eaft \u0111\u1ea7u Qu\u00fd v\u1ecb kh\u00f4ng th\u1ec3 thay \u0111\u1ed5i kh\u00f3a h\u1ecdc \u0111\u01b0\u1ee3c n\u1eefa.<\/p>\n<p>Qu\u00fd v\u1ecb h\u00e3y c\u00e2n nh\u1eafc k\u1ef9 m\u00ecnh th\u1eadt s\u1ef1 c\u00f3 th\u1ec3 tham gia kh\u00f3a h\u1ecdc \u0111\u00e3 \u0111ang \u0111\u0103ng k\u00fd kh\u00f4ng (nh\u01b0 ng\u00e0y, gi\u1edd v\u00e0 c\u00e1ch t\u1ed5 ch\u1ee9c kh\u00f3a h\u1ecdc c\u00f3 ph\u00f9 h\u1ee3p kh\u00f4ng).<\/p>\n<h3><strong>5. T\u00f4i ph\u1ea3i l\u00e0m g\u00ec n\u1ebfu kh\u00f4ng kho\u00e1 h\u1ecdc n\u00e0o \u0111\u01b0\u1ee3c \u0111\u01b0a ra l\u00e0 ph\u00f9 h\u1ee3p cho t\u00f4i?<\/strong><\/h3>\n<p>Trong tr\u01b0\u1eddng h\u1ee3p n\u00e0y ch\u00fang t\u00f4i r\u1ea5t l\u1ea5y l\u00e0m ti\u1ebfc nh\u01b0ng ch\u00fang t\u00f4i kh\u00f4ng c\u00f3 kho\u00e1 h\u1ecdc ph\u00f9 h\u1ee3p n\u00e0o cho b\u1ea1n. Nh\u01b0ng t\u1ea1i Praha, ICP kh\u00f4ng ph\u1ea3i l\u00e0 t\u1ed5 ch\u1ee9c duy nh\u1ea5t cung c\u1ea5p kho\u00e1 h\u1ecdc ti\u1ebfng S\u00e9c. V\u00ec th\u1ebf ch\u00fang t\u00f4i khuy\u00ean b\u1ea1n h\u00e3y li\u00ean l\u1ea1c v\u1edbi m\u1ed9t trong nh\u1eefng t\u1ed5 ch\u1ee9c sau:<\/p>\n<p>CIC \u2013 Trung t\u00e2m cho s\u1ef1 h\u1ed9i nh\u1eadp c\u1ee7a ng\u01b0\u1eddi n\u01b0\u1edbc ngo\u00e0i<\/p>\n<p>META<\/p>\n<p>InB\u00e1ze<\/p>\n<p>Poradna pro integraci \u2013 V\u0103n ph\u00f2ng t\u01b0 v\u1ea5n cho s\u1ef1 h\u1ed9i nh\u1eadp<\/p>\n<p>\u00dastav jazykov\u00e9 a odborn\u00e9 p\u0159\u00edpravy Univerzity Karlovy \u2013 Vi\u1ec7n ng\u00f4n ng\u1eef v\u00e0 chu\u1ea9n b\u1ecb chuy\u00ean m\u00f4n c\u1ee7a Tr\u01b0\u1eddng \u0110\u1ea1i h\u1ecdc t\u1ed5ng h\u1ee3p S\u00e1c-l\u01a1.<\/p>\n<h3>6. T\u1ea1i sao b\u1ea1n n\u00f3i r\u1eb1ng kho\u00e1 h\u1ecdc mi\u1ec5n ph\u00ed trong khi t\u00f4i ph\u1ea3i tr\u1ea3 2000 K\u010d?<\/h3>\n<p>S\u1ed1 ti\u1ec1n m\u00e0 b\u1ea1n tr\u1ea3 kh\u00f4ng ph\u1ea3i l\u00e0 h\u1ecdc ph\u00ed m\u00e0 ch\u1ec9 l\u00e0 ti\u1ec1n \u0111\u1eb7t c\u1ecdc l\u00e0m \u0111\u1ed9ng l\u1ef1c c\u00f3 th\u1ec3 \u0111\u01b0\u1ee3c ho\u00e0n l\u1ea1i. Kho\u1ea3n ti\u1ec1n \u0111\u1eb7t c\u1ecdc n\u00e0y s\u1ebd \u0111\u01b0\u1ee3c ho\u00e0n tr\u1ea3 n\u1ebfu sinh vi\u00ean tham gia \u00edt nh\u1ea5t 70% bu\u1ed5i h\u1ecdc v\u00e0 \u0111\u1ea1t \u0111\u01b0\u1ee3c t\u1ed1i thi\u1ec3u 70% \u0111i\u1ec3m trong b\u00e0i ki\u1ec3m tra t\u1ed5ng k\u1ebft.<br \/>\nB\u1eb1ng c\u00e1ch n\u00e0y, ch\u00fang t\u00f4i c\u1ed1 g\u1eafng b\u1ea3o \u0111\u1ea3m r\u1eb1ng ch\u1ec9 nh\u1eefng sinh vi\u00ean c\u00f3 s\u1ef1 quan t\u00e2m l\u1edbn t\u1edbi kho\u00e1 h\u1ecdc m\u1edbi tham gia kho\u00e1 h\u1ecdc \u0111\u01b0\u1ee3c.<\/p>\n<h3><strong>7. B\u1ea1n vi\u1ebft r\u1eb1ng b\u1ea1n kh\u00f4ng th\u1ec3 cung c\u1ea5p c\u00e1c d\u1ecbch v\u1ee5 c\u1ee7a m\u00ecnh cho t\u1ea5t c\u1ea3 m\u1ecdi ng\u01b0\u1eddi. L\u00e0m sao \u0111\u1ec3 bi\u1ebft l\u00e0 t\u00f4i thu\u1ed9c v\u1ec1 nh\u00f3m m\u1ee5c ti\u00eau c\u1ee7a b\u1ea1n v\u00e0 t\u00f4i c\u00f3 th\u1ec3 tham gia kho\u00e1 h\u1ecdc?<\/strong><\/h3>\n<p>D\u1ecbch v\u1ee5 c\u1ee7a ch\u00fang t\u00f4i \u0111\u01b0\u1ee3c t\u00e0i tr\u1ee3 t\u1eeb c\u00e1c ngu\u1ed3n c\u1ee7a EU. EU \u0111\u1eb7t \u0111\u1ecbnh c\u00e1c quy t\u1eafc m\u00e0 ch\u00fang t\u00f4i ph\u1ea3i tu\u00e2n th\u1ee7. M\u1ed9t ph\u1ea7n c\u1ee7a nh\u1eefng quy t\u1eafc n\u00e0y l\u00e0 nh\u00f3m \u0111\u1ed1i t\u01b0\u1ee3ng: ng\u01b0\u1eddi n\u01b0\u1edbc ngo\u00e0i t\u1eeb c\u00e1c n\u01b0\u1edbc kh\u00f4ng thu\u1ed9c EU c\u00f3 c\u01b0 tr\u00fa h\u1ee3p ph\u00e1p \u1edf CH S\u00e9c tr\u00ean 90 ng\u00e0y (th\u1ecb th\u1ef1c d\u00e0i h\u1ea1n, c\u01b0 tr\u00fa d\u00e0i h\u1ea1n, t\u1ea1m tr\u00fa, v\u0129nh tr\u00fa, ph\u00e9p b\u1ea3o v\u1ec7 t\u1ea1m th\u1eddi) ho\u1eb7c \u0111\u01b0\u1ee3c c\u1ea5p b\u1ea3o tr\u1ee3 qu\u1ed1c t\u1ebf tr\u00ean l\u00e3nh th\u1ed7 CH S\u00e9c (t\u1ecb n\u1ea1n ho\u1eb7c b\u1ea3o tr\u1ee3 b\u1ed5 sung).<\/p>\n<h3><strong>8. T\u00f4i ph\u1ea3i l\u00e0m g\u00ec n\u1ebfu t\u00f4i kh\u00f4ng v\u00e0o \u0111\u01b0\u1ee3c kho\u00e1 h\u1ecdc?<\/strong><\/h3>\n<p><span style=\"font-weight: 400;\">N\u1ebfu nh\u01b0 h\u1ec7 th\u1ed1ng kh\u00f4ng b\u1ed1c th\u0103m b\u1ea1n l\u00e0m ng\u01b0\u1eddi tham gia ho\u1eb7c ng\u01b0\u1eddi d\u1ef1 b\u1ecb, ch\u00fang t\u00f4i r\u1ea5t l\u1ea5y l\u00e0m ti\u1ebfc, nh\u01b0ng trong t\u00ecnh hu\u1ed1ng nh\u01b0 v\u1eady ch\u00fang t\u00f4i kh\u00f4ng th\u1ec3 l\u00e0m g\u00ec \u0111\u01b0\u1ee3c cho b\u1ea1n. \u0110\u1eebng th\u1ea5t v\u1ecdng, b\u1ea1n c\u00f3 th\u1ec3 tham gia ghi danh trong k\u1ef3 t\u1edbi. H\u00e3y th\u1eed li\u00ean h\u1ec7 v\u1edbi c\u00e1c t\u1ed5 ch\u1ee9c kh\u00e1c c\u0169ng cung c\u1ea5p kh\u00f3a h\u1ecdc ti\u1ebfng S\u00e9c.<\/span><\/p>\n<p><span style=\"font-weight: 400;\">Xin l\u01b0u \u00fd r\u1eb1ng trong m\u1ed7i k\u1ef3 ghi danh c\u00f3 t\u1edbi h\u00e0ng tr\u0103m ng\u01b0\u1eddi mu\u1ed1n \u0111\u0103ng k\u00fd l\u00e0m \u1ee9ng vi\u00ean kh\u00f3a h\u1ecdc ti\u1ebfng S\u00e9c t\u1ea1i ICP.\u00a0<\/span><\/p>\n<p>Ch\u00fang t\u00f4i s\u1ebd l\u00e0m t\u1ed1i \u0111a \u0111\u1ec3 kho\u00e1 h\u1ecdc ti\u1ebfng S\u00e9c c\u00f3 nhi\u1ec1u ng\u01b0\u1eddi trong s\u1ed1 c\u00e1c b\u1ea1n tham gia \u0111\u01b0\u1ee3c nh\u1ea5t v\u00e0 \u0111\u1ec3 cho ch\u1ea5t l\u01b0\u1ee3ng c\u1ee7a kho\u00e1 h\u1ecdc v\u1eabn ti\u1ebfp t\u1ee5c cao.<\/p>\n<h3>9. Kho\u00e1 h\u1ecdc \u0111\u01b0\u1ee3c di\u1ec5n ra \u1edf \u0111\u00e2u?<\/h3>\n<p>\u0110a s\u1ed1 kho\u00e1 h\u1ecdc di\u1ec5n ra t\u1ea1i l\u1edbp h\u1ecdc c\u1ee7a Trung t\u00e2m h\u1ed9i nh\u1eadp Praha t\u1ea1i \u0111\u1ecba ch\u1ec9 \u017ditn\u00e1 51, 110 00 Praha 1.<\/p>\n<h3>10. \u0110i\u1ec1u \u0111\u00f3 c\u00f3 ngh\u0129a g\u00ec khi t\u00f4i d\u01b0\u1eddng nh\u01b0 l\u00e0 ng\u01b0\u1eddi thay th\u1ebf? B\u1ea1n \u0111ang l\u00e0m g\u00ec \u0111\u1ea5y?<\/h3>\n<p>N\u1ebfu h\u1ec7 th\u1ed1ng b\u1ed1c tr\u00fang B\u1ea1n nh\u01b0 ng\u01b0\u1eddi d\u1ef1 b\u1ecb, B\u1ea1n v\u1eabn c\u00f2n c\u01a1 h\u1ed9i \u0111\u1ec3 v\u00e0o kho\u00e1 h\u1ecdc. Ch\u00fang t\u00f4i s\u1ebd li\u00ean h\u1ec7 \u0111\u1ebfn ng\u01b0\u1eddi d\u1ef1 b\u1ecb, trong tr\u01b0\u1eddng h\u1ee3p ai \u0111\u00f3 \u0111\u1ec3 l\u1ea1i ch\u1ed7 tr\u1ed1ng trong kho\u00e1 h\u1ecdc, nh\u01b0ng mu\u1ed9n nh\u1ea5t ph\u1ea3i \u0111\u1ebfn bu\u1ed5i h\u1ecdc th\u1ee9 ba c\u1ee7a kho\u00e1 h\u1ecdc.<\/p>\n<h3>11. T\u00f4i ph\u1ea3i l\u00e0m g\u00ec n\u1ebfu qu\u00ean m\u1eadt kh\u1ea9u v\u00e0o t\u00e0i kho\u1ea3n \u1edf h\u1ec7 th\u1ed1ng \u0111\u0103ng k\u00fd?<\/h3>\n<p>M\u1eadt m\u00e3 c\u00f3 th\u1ec3 d\u1ec5 d\u00e0ng \u0111\u01b0\u1ee3c kh\u00f4i ph\u1ee5c. B\u1ea1n s\u1ebd nh\u1eadn m\u1eadt m\u00e3 m\u1edbi qua e-mail. Sau khi b\u1ea5m v\u00e0o n\u00fat &#8220;kh\u00f4i ph\u1ee5c m\u1eadt m\u00e3&#8221;. Tuy nhi\u00ean, th\u00f4ng tin \u0111\u0103ng nh\u1eadp c\u1ee7a m\u00ecnh B\u1ea1n n\u00ean ghi nh\u1edb, v\u00ec B\u1ea1n c\u00f3 th\u1ec3 xem trong h\u1ec7 th\u1ed1ng th\u00f4ng tin t\u1ed5 ch\u1ee9c kho\u00e1 h\u1ecdc c\u1ee7a m\u00ecnh v\u00e0 c\u00e1c h\u01b0\u1edbng d\u1eabn tr\u1ea3 ti\u1ec1n \u0111\u1eb7t c\u1ecdc \u0111\u1ed9ng l\u1ef1c. Xin B\u1ea1n kh\u00f4ng l\u1eadp nhi\u1ec1u t\u00e0i kho\u1ea3n trong h\u1ec7 th\u1ed1ng, kh\u1ea3 n\u0103ng b\u1ed1c tr\u00fang c\u1ee7a B\u1ea1n kh\u00f4ng v\u00ec th\u1ebf m\u00e0 \u0111\u01b0\u1ee3c n\u00e2ng l\u00ean v\u00e0 t\u1ea5t c\u1ea3 t\u00e0i kho\u1ea3n tr\u00f9ng l\u1eb7p s\u1ebd b\u1ecb xo\u00e1!<\/p>\n<h3><strong>12. T\u00f4i c\u00f3 th\u1ec3 \u0111\u0103ng k\u00fd kho\u00e1 h\u1ecdc n\u1ed1i ti\u1ebfp kh\u00f4ng?<\/strong><\/h3>\n<p>Qu\u00fd v\u1ecb c\u00f3 th\u1ec3 \u0111\u0103ng k\u00fd kh\u00f3a h\u1ecdc n\u00e2ng c\u1ea5p ti\u1ebfp theo, nh\u01b0ng Qu\u00fd v\u1ecb ph\u1ea3i th\u1ef1c hi\u1ec7n l\u1ea1i t\u1ea5t c\u1ea3 c\u00e1c th\u1ee7 t\u1ee5c \u0111\u0103ng k\u00fd, bao g\u1ed3m vi\u1ec7c tham gia qu\u00e1 tr\u00ecnh b\u1ed1c th\u0103m. Tuy nhi\u00ean, Qu\u00fd v\u1ecb ch\u1ec9 c\u00f3 th\u1ec3 tham gia m\u1ed9t l\u1ea7n m\u1ed9t kh\u00f3a h\u1ecdc c\u00f9ng c\u1ea5p.<\/p>\n<h3><strong>13. T\u00f4i v\u1eabn c\u00f2n v\u00e0i c\u00e2u h\u1ecfi li\u00ean quan t\u1edbi kho\u00e1 h\u1ecdc, t\u00f4i c\u00f3 th\u1ec3 li\u00ean l\u1ea1c v\u1edbi ai?<\/strong><\/h3>\n<p>N\u1ebfu Qu\u00fd v\u1ecb \u0111\u00e3 \u0111\u1ecdc k\u1ef9 trang web c\u1ee7a ch\u00fang t\u00f4i v\u00e0 kh\u00f4ng t\u00ecm th\u1ea5y c\u00e2u tr\u1ea3 l\u1eddi cho c\u00e2u h\u1ecfi c\u1ee7a m\u00ecnh, Qu\u00fd v\u1ecb h\u00e3y li\u00ean h\u1ec7 v\u1edbi nh\u00e2n vi\u00ean chuy\u00ean m\u1ee5c d\u1ea1y ti\u1ebfng S\u00e9c qua \u0111\u1ecba ch\u1ec9 e-mail:<a href=\"mailto:cestina@icpraha.com\"> cestina@icpraha.com<\/a>.<\/p>\n<\/div><\/section>\n\n","protected":false},"excerpt":{"rendered":"","protected":false},"author":6,"featured_media":0,"parent":0,"menu_order":0,"comment_status":"closed","ping_status":"closed","template":"","meta":{"footnotes":""},"class_list":["post-12252","page","type-page","status-publish","hentry"],"yoast_head":"<!-- This site is optimized with the Yoast SEO plugin v25.3 - https:\/\/yoast.com\/wordpress\/plugins\/seo\/ -->\n<title>NH\u1eeeNG C\u00c2U H\u1eceI HAY \u0110\u01af\u1ee2C \u0110\u1eb6T NH\u1ea4T V\u00c0 C\u00c1C C\u00c2U TR\u1ea2 L\u1edcI - Integra\u010dn\u00ed centrum Praha<\/title>\n<meta name=\"robots\" content=\"noindex, follow, max-snippet:-1, max-image-preview:large, max-video-preview:-1\" \/>\n<meta property=\"og:locale\" content=\"vi_VN\" \/>\n<meta property=\"og:type\" content=\"article\" \/>\n<meta property=\"og:title\" content=\"NH\u1eeeNG C\u00c2U H\u1eceI HAY \u0110\u01af\u1ee2C \u0110\u1eb6T NH\u1ea4T V\u00c0 C\u00c1C C\u00c2U TR\u1ea2 L\u1edcI - Integra\u010dn\u00ed centrum Praha\" \/>\n<meta property=\"og:url\" content=\"https:\/\/old.icpraha.com\/q-and-a\/\" \/>\n<meta property=\"og:site_name\" content=\"Integra\u010dn\u00ed centrum Praha\" \/>\n<meta property=\"article:publisher\" content=\"https:\/\/www.facebook.com\/ICPraha\" \/>\n<meta property=\"article:modified_time\" content=\"2024-05-20T09:33:32+00:00\" \/>\n<meta property=\"og:image\" content=\"https:\/\/old.icpraha.com\/wp-content\/uploads\/2018\/11\/shareimg.png\" \/>\n\t<meta property=\"og:image:width\" content=\"1200\" \/>\n\t<meta property=\"og:image:height\" content=\"630\" \/>\n\t<meta property=\"og:image:type\" content=\"image\/png\" \/>\n<meta name=\"twitter:card\" content=\"summary_large_image\" \/>\n<meta name=\"twitter:site\" content=\"@ICPraha\" \/>\n<meta name=\"twitter:label1\" content=\"Est. reading time\" \/>\n\t<meta name=\"twitter:data1\" content=\"8 minutes\" \/>\n<script type=\"application\/ld+json\" class=\"yoast-schema-graph\">{\"@context\":\"https:\/\/schema.org\",\"@graph\":[{\"@type\":\"WebPage\",\"@id\":\"https:\/\/old.icpraha.com\/q-and-a\/\",\"url\":\"https:\/\/old.icpraha.com\/q-and-a\/\",\"name\":\"NH\u1eeeNG C\u00c2U H\u1eceI HAY \u0110\u01af\u1ee2C \u0110\u1eb6T NH\u1ea4T V\u00c0 C\u00c1C C\u00c2U TR\u1ea2 L\u1edcI - Integra\u010dn\u00ed centrum Praha\",\"isPartOf\":{\"@id\":\"https:\/\/icpraha.com\/uk\/#website\"},\"datePublished\":\"2020-01-10T13:59:51+00:00\",\"dateModified\":\"2024-05-20T09:33:32+00:00\",\"breadcrumb\":{\"@id\":\"https:\/\/old.icpraha.com\/q-and-a\/#breadcrumb\"},\"inLanguage\":\"vi-VN\",\"potentialAction\":[{\"@type\":\"ReadAction\",\"target\":[\"https:\/\/old.icpraha.com\/q-and-a\/\"]}]},{\"@type\":\"BreadcrumbList\",\"@id\":\"https:\/\/old.icpraha.com\/q-and-a\/#breadcrumb\",\"itemListElement\":[{\"@type\":\"ListItem\",\"position\":1,\"name\":\"Dom\u016f\",\"item\":\"https:\/\/icpraha.com\/vi\/\"},{\"@type\":\"ListItem\",\"position\":2,\"name\":\"NH\u1eeeNG C\u00c2U H\u1eceI HAY \u0110\u01af\u1ee2C \u0110\u1eb6T NH\u1ea4T V\u00c0 C\u00c1C C\u00c2U TR\u1ea2 L\u1edcI\"}]},{\"@type\":\"WebSite\",\"@id\":\"https:\/\/icpraha.com\/uk\/#website\",\"url\":\"https:\/\/icpraha.com\/uk\/\",\"name\":\"Integra\u010dn\u00ed centrum Praha\",\"description\":\"Praha \u2013 Metropole v\u0161ech\",\"publisher\":{\"@id\":\"https:\/\/icpraha.com\/uk\/#organization\"},\"potentialAction\":[{\"@type\":\"SearchAction\",\"target\":{\"@type\":\"EntryPoint\",\"urlTemplate\":\"https:\/\/icpraha.com\/uk\/?s={search_term_string}\"},\"query-input\":{\"@type\":\"PropertyValueSpecification\",\"valueRequired\":true,\"valueName\":\"search_term_string\"}}],\"inLanguage\":\"vi-VN\"},{\"@type\":\"Organization\",\"@id\":\"https:\/\/icpraha.com\/uk\/#organization\",\"name\":\"Integra\u010dn\u00ed centrum Praha o.p.s.\",\"url\":\"https:\/\/icpraha.com\/uk\/\",\"logo\":{\"@type\":\"ImageObject\",\"inLanguage\":\"vi-VN\",\"@id\":\"https:\/\/icpraha.com\/uk\/#\/schema\/logo\/image\/\",\"url\":\"https:\/\/old.icpraha.com\/wp-content\/uploads\/2018\/08\/ICP-full-color-medium.png\",\"contentUrl\":\"https:\/\/old.icpraha.com\/wp-content\/uploads\/2018\/08\/ICP-full-color-medium.png\",\"width\":1000,\"height\":429,\"caption\":\"Integra\u010dn\u00ed centrum Praha o.p.s.\"},\"image\":{\"@id\":\"https:\/\/icpraha.com\/uk\/#\/schema\/logo\/image\/\"},\"sameAs\":[\"https:\/\/www.facebook.com\/ICPraha\",\"https:\/\/x.com\/ICPraha\",\"https:\/\/www.instagram.com\/icpraha\"]}]}<\/script>\n<!-- \/ Yoast SEO plugin. -->","yoast_head_json":{"title":"NH\u1eeeNG C\u00c2U H\u1eceI HAY \u0110\u01af\u1ee2C \u0110\u1eb6T NH\u1ea4T V\u00c0 C\u00c1C C\u00c2U TR\u1ea2 L\u1edcI - Integra\u010dn\u00ed centrum Praha","robots":{"index":"noindex","follow":"follow","max-snippet":"max-snippet:-1","max-image-preview":"max-image-preview:large","max-video-preview":"max-video-preview:-1"},"og_locale":"vi_VN","og_type":"article","og_title":"NH\u1eeeNG C\u00c2U H\u1eceI HAY \u0110\u01af\u1ee2C \u0110\u1eb6T NH\u1ea4T V\u00c0 C\u00c1C C\u00c2U TR\u1ea2 L\u1edcI - Integra\u010dn\u00ed centrum Praha","og_url":"https:\/\/old.icpraha.com\/q-and-a\/","og_site_name":"Integra\u010dn\u00ed centrum Praha","article_publisher":"https:\/\/www.facebook.com\/ICPraha","article_modified_time":"2024-05-20T09:33:32+00:00","og_image":[{"width":1200,"height":630,"url":"https:\/\/old.icpraha.com\/wp-content\/uploads\/2018\/11\/shareimg.png","type":"image\/png"}],"twitter_card":"summary_large_image","twitter_site":"@ICPraha","twitter_misc":{"Est. reading time":"8 minutes"},"schema":{"@context":"https:\/\/schema.org","@graph":[{"@type":"WebPage","@id":"https:\/\/old.icpraha.com\/q-and-a\/","url":"https:\/\/old.icpraha.com\/q-and-a\/","name":"NH\u1eeeNG C\u00c2U H\u1eceI HAY \u0110\u01af\u1ee2C \u0110\u1eb6T NH\u1ea4T V\u00c0 C\u00c1C C\u00c2U TR\u1ea2 L\u1edcI - Integra\u010dn\u00ed centrum Praha","isPartOf":{"@id":"https:\/\/icpraha.com\/uk\/#website"},"datePublished":"2020-01-10T13:59:51+00:00","dateModified":"2024-05-20T09:33:32+00:00","breadcrumb":{"@id":"https:\/\/old.icpraha.com\/q-and-a\/#breadcrumb"},"inLanguage":"vi-VN","potentialAction":[{"@type":"ReadAction","target":["https:\/\/old.icpraha.com\/q-and-a\/"]}]},{"@type":"BreadcrumbList","@id":"https:\/\/old.icpraha.com\/q-and-a\/#breadcrumb","itemListElement":[{"@type":"ListItem","position":1,"name":"Dom\u016f","item":"https:\/\/icpraha.com\/vi\/"},{"@type":"ListItem","position":2,"name":"NH\u1eeeNG C\u00c2U H\u1eceI HAY \u0110\u01af\u1ee2C \u0110\u1eb6T NH\u1ea4T V\u00c0 C\u00c1C C\u00c2U TR\u1ea2 L\u1edcI"}]},{"@type":"WebSite","@id":"https:\/\/icpraha.com\/uk\/#website","url":"https:\/\/icpraha.com\/uk\/","name":"Integra\u010dn\u00ed centrum Praha","description":"Praha \u2013 Metropole v\u0161ech","publisher":{"@id":"https:\/\/icpraha.com\/uk\/#organization"},"potentialAction":[{"@type":"SearchAction","target":{"@type":"EntryPoint","urlTemplate":"https:\/\/icpraha.com\/uk\/?s={search_term_string}"},"query-input":{"@type":"PropertyValueSpecification","valueRequired":true,"valueName":"search_term_string"}}],"inLanguage":"vi-VN"},{"@type":"Organization","@id":"https:\/\/icpraha.com\/uk\/#organization","name":"Integra\u010dn\u00ed centrum Praha o.p.s.","url":"https:\/\/icpraha.com\/uk\/","logo":{"@type":"ImageObject","inLanguage":"vi-VN","@id":"https:\/\/icpraha.com\/uk\/#\/schema\/logo\/image\/","url":"https:\/\/old.icpraha.com\/wp-content\/uploads\/2018\/08\/ICP-full-color-medium.png","contentUrl":"https:\/\/old.icpraha.com\/wp-content\/uploads\/2018\/08\/ICP-full-color-medium.png","width":1000,"height":429,"caption":"Integra\u010dn\u00ed centrum Praha o.p.s."},"image":{"@id":"https:\/\/icpraha.com\/uk\/#\/schema\/logo\/image\/"},"sameAs":["https:\/\/www.facebook.com\/ICPraha","https:\/\/x.com\/ICPraha","https:\/\/www.instagram.com\/icpraha"]}]}},"_links":{"self":[{"href":"https:\/\/old.icpraha.com\/vi\/wp-json\/wp\/v2\/pages\/12252","targetHints":{"allow":["GET"]}}],"collection":[{"href":"https:\/\/old.icpraha.com\/vi\/wp-json\/wp\/v2\/pages"}],"about":[{"href":"https:\/\/old.icpraha.com\/vi\/wp-json\/wp\/v2\/types\/page"}],"author":[{"embeddable":true,"href":"https:\/\/old.icpraha.com\/vi\/wp-json\/wp\/v2\/users\/6"}],"replies":[{"embeddable":true,"href":"https:\/\/old.icpraha.com\/vi\/wp-json\/wp\/v2\/comments?post=12252"}],"version-history":[{"count":0,"href":"https:\/\/old.icpraha.com\/vi\/wp-json\/wp\/v2\/pages\/12252\/revisions"}],"wp:attachment":[{"href":"https:\/\/old.icpraha.com\/vi\/wp-json\/wp\/v2\/media?parent=12252"}],"curies":[{"name":"wp","href":"https:\/\/api.w.org\/{rel}","templated":true}]}}