{"id":15217,"date":"2020-10-23T12:33:06","date_gmt":"2020-10-23T11:33:06","guid":{"rendered":"https:\/\/icpraha.com\/?page_id=15217"},"modified":"2021-10-19T16:27:13","modified_gmt":"2021-10-19T15:27:13","slug":"tu-van-truc-tuyen","status":"publish","type":"page","link":"https:\/\/old.icpraha.com\/vi\/tin-moi\/tu-van-truc-tuyen\/","title":{"rendered":"T\u01b0 v\u1ea5n tr\u1ef1c tuy\u1ebfn"},"content":{"rendered":"<div id='av_section_1'  class='avia-section av-wj63td-f86d5477cccd2eff426a805b6467a85c main_color avia-section-default avia-no-border-styling  avia-builder-el-0  avia-builder-el-no-sibling  avia-bg-style-scroll container_wrap fullsize'  ><div class='container av-section-cont-open' ><main  role=\"main\" itemprop=\"mainContentOfPage\"  class='template-page content  av-content-full alpha units'><div class='post-entry post-entry-type-page post-entry-15217'><div class='entry-content-wrapper clearfix'>\n\n<style type=\"text\/css\" data-created_by=\"avia_inline_auto\" id=\"style-css-av-kgjwriwv-e1082ad64706ccf92a1fec0b2b90eb26\">\n.flex_column.av-kgjwriwv-e1082ad64706ccf92a1fec0b2b90eb26{\nborder-radius:0px 0px 0px 0px;\npadding:0px 0px 0px 0px;\n}\n<\/style>\n<div  class='flex_column av-kgjwriwv-e1082ad64706ccf92a1fec0b2b90eb26 av_one_full  avia-builder-el-1  avia-builder-el-no-sibling  first flex_column_div av-zero-column-padding  '     ><section  class='av_textblock_section av-kgjwt1mp-1a3bd2af6c236921e49db39e34f14fe5 '   itemscope=\"itemscope\" itemtype=\"https:\/\/schema.org\/CreativeWork\" ><div class='avia_textblock'  itemprop=\"text\" ><section class=\"av_textblock_section \">\n<div class=\"avia_textblock \">\n<h1 style=\"text-align: center;\"><span style=\"color: #589775;\">T\u01b0 v\u1ea5n tr\u1ef1c tuy\u1ebfn<\/span><\/h1>\n<h3>Ch\u00fang t\u00f4i s\u1ebd c\u1ea7n g\u00ec t\u1eeb ph\u00eda qu\u00fd v\u1ecb?<\/h3>\n<p>\u0110\u1ec3 c\u00f3 th\u1ec3 cung c\u1ea5p d\u1ecbch v\u1ee5 tr\u1ef1c tuy\u1ebfn cho qu\u00fd v\u1ecb, v\u00ec l\u00fd do th\u1ef1c hi\u1ec7n d\u1ef1 \u00e1n, ch\u00fang t\u00f4i s\u1ebd c\u1ea7n nh\u1eefng \u0111i\u1ec1u sau:<\/p>\n<ul>\n<li>Cung c\u1ea5p s\u1ef1 \u0111\u1ed3ng \u00fd \u0111i\u1ec7n t\u1eed cho c\u00e1c \u0111i\u1ec1u kho\u1ea3n cung c\u1ea5p d\u1ecbch v\u1ee5. Ch\u00fang t\u00f4i s\u1ebd g\u1eedi c\u00e1c \u0111i\u1ec1u kho\u1ea3n n\u00e0y v\u00e0o e-mail cho qu\u00fd v\u1ecb.<\/li>\n<li>Scan ho\u1eb7c \u1ea3nh ch\u1ee5p c\u1ee7a th\u1ebb c\u01b0 tr\u00fa, th\u1ecb th\u1ef1c v.v.<\/li>\n<li>X\u00e1c nh\u1eadn \u0111i\u1ec7n t\u1eed r\u1eb1ng t\u01b0 v\u1ea5n \u0111\u00e3 di\u1ec5n ra.<\/li>\n<\/ul>\n<p>Qu\u00fd v\u1ecb s\u1ebd \u0111\u01b0\u1ee3c nh\u00e2n vi\u00ean c\u1ee7a ch\u00fang t\u00f4i y\u00eau c\u1ea7u g\u1eedi c\u00e1c gi\u1ea5y t\u1edd tr\u00ean \u2013 v\u00ec v\u1eady vi\u1ec7c g\u1eedi gi\u1ea5y t\u1edd tr\u01b0\u1edbc l\u00e0 kh\u00f4ng c\u1ea7n thi\u1ebft.<\/p>\n<h3>Ch\u00fang t\u00f4i gi\u00fap qu\u00fd v\u1ecb gi\u1ea3i quy\u1ebft nh\u1eefng ch\u1ee7 \u0111\u1ec1 n\u00e0o?<\/h3>\n<p><strong>T\u01b0 v\u1ea5n ph\u00e1p l\u00fd:<\/strong><\/p>\n<ul>\n<li>ra h\u1ea1n c\u01b0 tr\u00fa, thay \u0111\u1ed5i m\u1ee5c \u0111\u00edch c\u01b0 tr\u00fa, \u0111\u01a1n xin c\u01b0 tr\u00fa v\u00e0 kh\u00e1ng ngh\u1ecb<\/li>\n<li>\u0111o\u00e0n t\u1ee5 gia \u0111\u00ecnh<\/li>\n<li>\u0111\u01a1n xin qu\u1ed1c t\u1ecbch<\/li>\n<li>ki\u1ec3m tra t\u00e0i li\u1ec7u v\u00e0 gi\u00fap \u0111\u1ee1 t\u00ecm hi\u1ec3u c\u00e1c t\u00e0i li\u1ec7u ch\u00ednh th\u1ee9c, \u0111\u1eb7c bi\u1ec7t l\u00e0 t\u1eeb B\u1ed9 N\u1ed9i v\u1ee5 CH S\u00e9c<\/li>\n<li>t\u01b0 v\u1ea5n c\u01a1 b\u1ea3n li\u00ean quan t\u1edbi h\u1ee3p \u0111\u1ed3ng (cho thu\u00ea, l\u00e0m vi\u1ec7c v.v.)<\/li>\n<li>ch\u00fang t\u00f4i c\u0169ng cung c\u1ea5p t\u01b0 v\u1ea5n c\u01a1 b\u1ea3n trong c\u00e1c l\u0129nh v\u1ef1c: k\u1ebft h\u00f4n v\u00e0 ly h\u00f4n, gi\u00fap \u0111\u1ee1 khi b\u1ecb ph\u00e2n bi\u1ec7t, c\u00f4ng ch\u1ee9ng t\u00e0i li\u1ec7u v.v.<\/li>\n<li>C\u00e1c th\u00f4ng tin c\u01a1 b\u1ea3n v\u1ec1 c\u01b0 tr\u00fa t\u1ea1i CH S\u00e9c li\u00ean quan t\u1edbi t\u00ecnh tr\u1ea1ng kh\u1ea9n c\u1ea5p<\/li>\n<\/ul>\n<p><strong>T\u01b0 v\u1ea5n x\u00e3 h\u1ed9i:<\/strong><\/p>\n<ul>\n<li>t\u00ecm tr\u01b0\u1eddng m\u1eabu gi\u00e1o, ti\u1ec3u h\u1ecdc v\u00e0 trung h\u1ecdc v\u00e0 li\u00ean l\u1ea1c v\u1edbi c\u00e1c tr\u01b0\u1eddng<\/li>\n<li>c\u00f4ng nh\u1eadn gi\u00e1o d\u1ee5c v\u00e0 \u0111\u00e0o t\u1ea1o c\u1ee7a n\u01b0\u1edbc ngo\u00e0i (c\u00f4ng nh\u1eadn v\u0103n b\u1eb1ng)<\/li>\n<li>t\u00ecm b\u00e1c s\u0129, th\u00f4ng tin v\u1ec1 b\u1ea3o hi\u1ec3m y t\u1ebf<\/li>\n<li>t\u01b0 v\u1ea5n v\u1ec1 h\u00f4n nh\u00e2n, sinh, t\u1eed<\/li>\n<li>h\u1ed7 tr\u1ee3 t\u00ecm nh\u00e0 \u1edf<\/li>\n<li>h\u1ed7 tr\u1ee3 t\u00ecm vi\u1ec7c l\u00e0m v\u00e0 \u0111i\u1ec1n c\u00e1c \u0111\u01a1n c\u0169ng nh\u01b0 CV<\/li>\n<li>h\u1ed9 t\u1ed1ng t\u1edbi c\u00e1c u\u1ef7 ban v\u00e0 h\u1ed7 tr\u1ee3 chuy\u00ean nghi\u1ec7p trong vi\u1ec7c giao ti\u1ebfp v\u1edbi c\u00e1c ban ng\u00e0nh<\/li>\n<li>t\u01b0 v\u1ea5n c\u01a1 b\u1ea3n v\u1ec1 l\u01b0\u01a1ng h\u01b0u v\u00e0 c\u00e1c tr\u1ee3 c\u1ea5p x\u00e3 h\u1ed9i<\/li>\n<li>th\u00f4ng tin c\u01a1 b\u1ea3n v\u1ec1 ngh\u0129a v\u1ee5 c\u1ee7a ng\u01b0\u1eddi d\u00e2n trong t\u00ecnh tr\u1ea1ng kh\u1ea9n c\u1ea5p<\/li>\n<\/ul>\n<h3>Ch\u00fang t\u00f4i c\u00f3 th\u1ec3 cung c\u1ea5p t\u01b0 v\u1ea5n tr\u1ef1c tuy\u1ebfn cho nh\u1eefng ai?<\/h3>\n<p>Kh\u00e1ch h\u00e0ng c\u1ee7a ch\u00fang t\u00f4i l\u00e0 nh\u1eefng ng\u01b0\u1eddi n\u01b0\u1edbc ngo\u00e0i sinh s\u1ed1ng l\u00e2u n\u0103m t\u1ea1i C\u1ed9ng h\u00f2a S\u00e9c. N\u1ebfu b\u1ea1n kh\u00f4ng ch\u1eafc v\u1edbi h\u00ecnh th\u1ee9c c\u01b0 tr\u00fa c\u1ee7a m\u00ecnh, b\u1ea1n c\u00f3 th\u1ec3 s\u1eed d\u1ee5ng d\u1ecbch v\u1ee5 c\u1ee7a ch\u00fang t\u00f4i hay kh\u00f4ng, h\u00e3y li\u00ean h\u1ec7 v\u1edbi ch\u00fang t\u00f4i, ch\u00fang t\u00f4i vui l\u00f2ng t\u01b0 v\u1ea5n cho b\u1ea1n.<\/p>\n<p><span style=\"font-size: 20px; font-weight: 600;\">\u0110\u1eb7t l\u1ecbch t\u01b0 v\u1ea5n nh\u01b0 th\u1ebf n\u00e0o?<\/span><\/p>\n<p>Vi\u1ec7c t\u01b0 v\u1ea5n tr\u1ef1c tuy\u1ebfn ph\u1ea3i \u0111\u01b0\u1ee3c \u0111\u1eb7t tr\u01b0\u1edbc. Xin vui l\u00f2ng li\u00ean h\u1ec7 c\u1ed5ng th\u00f4ng tin c\u1ee7a ch\u00fang t\u00f4i +420 252 543 846 ho\u1eb7c c\u00e1c nh\u00e2n vi\u00ean li\u00ean v\u0103n ho\u00e1. Qu\u00fd v\u1ecb c\u00f3 th\u1ec3 t\u00ecm th\u1ea5y danh s\u00e1ch c\u1ee7a h\u1ecd\u00a0<a href=\"https:\/\/icpraha.com\/en\/contacts\/#interpreting-and-accompaniment\">T\u1ea0I \u0110\u00c2Y<\/a>.<\/p>\n<\/div>\n<\/section>\n<\/div><\/section><\/div>\n","protected":false},"excerpt":{"rendered":"","protected":false},"author":6,"featured_media":0,"parent":37122,"menu_order":0,"comment_status":"closed","ping_status":"closed","template":"","meta":{"footnotes":""},"class_list":["post-15217","page","type-page","status-publish","hentry"],"yoast_head":"<!-- This site is optimized with the Yoast SEO plugin v25.3 - https:\/\/yoast.com\/wordpress\/plugins\/seo\/ -->\n<title>T\u01b0 v\u1ea5n tr\u1ef1c tuy\u1ebfn - Integra\u010dn\u00ed centrum Praha<\/title>\n<meta name=\"robots\" content=\"noindex, follow, max-snippet:-1, max-image-preview:large, max-video-preview:-1\" \/>\n<meta property=\"og:locale\" content=\"vi_VN\" \/>\n<meta property=\"og:type\" content=\"article\" \/>\n<meta property=\"og:title\" content=\"T\u01b0 v\u1ea5n tr\u1ef1c tuy\u1ebfn - Integra\u010dn\u00ed centrum Praha\" \/>\n<meta property=\"og:url\" content=\"https:\/\/old.icpraha.com\/aktuality\/online-poradenstvi\/\" \/>\n<meta property=\"og:site_name\" content=\"Integra\u010dn\u00ed centrum Praha\" \/>\n<meta property=\"article:publisher\" content=\"https:\/\/www.facebook.com\/ICPraha\" \/>\n<meta property=\"article:modified_time\" content=\"2021-10-19T15:27:13+00:00\" \/>\n<meta property=\"og:image\" content=\"https:\/\/old.icpraha.com\/wp-content\/uploads\/2018\/11\/shareimg.png\" \/>\n\t<meta property=\"og:image:width\" content=\"1200\" \/>\n\t<meta property=\"og:image:height\" content=\"630\" \/>\n\t<meta property=\"og:image:type\" content=\"image\/png\" \/>\n<meta name=\"twitter:card\" content=\"summary_large_image\" \/>\n<meta name=\"twitter:site\" content=\"@ICPraha\" \/>\n<meta name=\"twitter:label1\" content=\"Est. reading time\" \/>\n\t<meta name=\"twitter:data1\" content=\"5 minutes\" \/>\n<script type=\"application\/ld+json\" class=\"yoast-schema-graph\">{\"@context\":\"https:\/\/schema.org\",\"@graph\":[{\"@type\":\"WebPage\",\"@id\":\"https:\/\/old.icpraha.com\/aktuality\/online-poradenstvi\/\",\"url\":\"https:\/\/old.icpraha.com\/aktuality\/online-poradenstvi\/\",\"name\":\"T\u01b0 v\u1ea5n tr\u1ef1c tuy\u1ebfn - Integra\u010dn\u00ed centrum Praha\",\"isPartOf\":{\"@id\":\"https:\/\/icpraha.com\/uk\/#website\"},\"datePublished\":\"2020-10-23T11:33:06+00:00\",\"dateModified\":\"2021-10-19T15:27:13+00:00\",\"breadcrumb\":{\"@id\":\"https:\/\/old.icpraha.com\/aktuality\/online-poradenstvi\/#breadcrumb\"},\"inLanguage\":\"vi-VN\",\"potentialAction\":[{\"@type\":\"ReadAction\",\"target\":[\"https:\/\/old.icpraha.com\/aktuality\/online-poradenstvi\/\"]}]},{\"@type\":\"BreadcrumbList\",\"@id\":\"https:\/\/old.icpraha.com\/aktuality\/online-poradenstvi\/#breadcrumb\",\"itemListElement\":[{\"@type\":\"ListItem\",\"position\":1,\"name\":\"Dom\u016f\",\"item\":\"https:\/\/icpraha.com\/vi\/\"},{\"@type\":\"ListItem\",\"position\":2,\"name\":\"Tin m\u1edbi\",\"item\":\"https:\/\/old.icpraha.com\/aktuality\/\"},{\"@type\":\"ListItem\",\"position\":3,\"name\":\"T\u01b0 v\u1ea5n tr\u1ef1c tuy\u1ebfn\"}]},{\"@type\":\"WebSite\",\"@id\":\"https:\/\/icpraha.com\/uk\/#website\",\"url\":\"https:\/\/icpraha.com\/uk\/\",\"name\":\"Integra\u010dn\u00ed centrum Praha\",\"description\":\"Praha \u2013 Metropole v\u0161ech\",\"publisher\":{\"@id\":\"https:\/\/icpraha.com\/uk\/#organization\"},\"potentialAction\":[{\"@type\":\"SearchAction\",\"target\":{\"@type\":\"EntryPoint\",\"urlTemplate\":\"https:\/\/icpraha.com\/uk\/?s={search_term_string}\"},\"query-input\":{\"@type\":\"PropertyValueSpecification\",\"valueRequired\":true,\"valueName\":\"search_term_string\"}}],\"inLanguage\":\"vi-VN\"},{\"@type\":\"Organization\",\"@id\":\"https:\/\/icpraha.com\/uk\/#organization\",\"name\":\"Integra\u010dn\u00ed centrum Praha o.p.s.\",\"url\":\"https:\/\/icpraha.com\/uk\/\",\"logo\":{\"@type\":\"ImageObject\",\"inLanguage\":\"vi-VN\",\"@id\":\"https:\/\/icpraha.com\/uk\/#\/schema\/logo\/image\/\",\"url\":\"https:\/\/old.icpraha.com\/wp-content\/uploads\/2018\/08\/ICP-full-color-medium.png\",\"contentUrl\":\"https:\/\/old.icpraha.com\/wp-content\/uploads\/2018\/08\/ICP-full-color-medium.png\",\"width\":1000,\"height\":429,\"caption\":\"Integra\u010dn\u00ed centrum Praha o.p.s.\"},\"image\":{\"@id\":\"https:\/\/icpraha.com\/uk\/#\/schema\/logo\/image\/\"},\"sameAs\":[\"https:\/\/www.facebook.com\/ICPraha\",\"https:\/\/x.com\/ICPraha\",\"https:\/\/www.instagram.com\/icpraha\"]}]}<\/script>\n<!-- \/ Yoast SEO plugin. -->","yoast_head_json":{"title":"T\u01b0 v\u1ea5n tr\u1ef1c tuy\u1ebfn - Integra\u010dn\u00ed centrum Praha","robots":{"index":"noindex","follow":"follow","max-snippet":"max-snippet:-1","max-image-preview":"max-image-preview:large","max-video-preview":"max-video-preview:-1"},"og_locale":"vi_VN","og_type":"article","og_title":"T\u01b0 v\u1ea5n tr\u1ef1c tuy\u1ebfn - Integra\u010dn\u00ed centrum Praha","og_url":"https:\/\/old.icpraha.com\/aktuality\/online-poradenstvi\/","og_site_name":"Integra\u010dn\u00ed centrum Praha","article_publisher":"https:\/\/www.facebook.com\/ICPraha","article_modified_time":"2021-10-19T15:27:13+00:00","og_image":[{"width":1200,"height":630,"url":"https:\/\/old.icpraha.com\/wp-content\/uploads\/2018\/11\/shareimg.png","type":"image\/png"}],"twitter_card":"summary_large_image","twitter_site":"@ICPraha","twitter_misc":{"Est. reading time":"5 minutes"},"schema":{"@context":"https:\/\/schema.org","@graph":[{"@type":"WebPage","@id":"https:\/\/old.icpraha.com\/aktuality\/online-poradenstvi\/","url":"https:\/\/old.icpraha.com\/aktuality\/online-poradenstvi\/","name":"T\u01b0 v\u1ea5n tr\u1ef1c tuy\u1ebfn - Integra\u010dn\u00ed centrum Praha","isPartOf":{"@id":"https:\/\/icpraha.com\/uk\/#website"},"datePublished":"2020-10-23T11:33:06+00:00","dateModified":"2021-10-19T15:27:13+00:00","breadcrumb":{"@id":"https:\/\/old.icpraha.com\/aktuality\/online-poradenstvi\/#breadcrumb"},"inLanguage":"vi-VN","potentialAction":[{"@type":"ReadAction","target":["https:\/\/old.icpraha.com\/aktuality\/online-poradenstvi\/"]}]},{"@type":"BreadcrumbList","@id":"https:\/\/old.icpraha.com\/aktuality\/online-poradenstvi\/#breadcrumb","itemListElement":[{"@type":"ListItem","position":1,"name":"Dom\u016f","item":"https:\/\/icpraha.com\/vi\/"},{"@type":"ListItem","position":2,"name":"Tin m\u1edbi","item":"https:\/\/old.icpraha.com\/aktuality\/"},{"@type":"ListItem","position":3,"name":"T\u01b0 v\u1ea5n tr\u1ef1c tuy\u1ebfn"}]},{"@type":"WebSite","@id":"https:\/\/icpraha.com\/uk\/#website","url":"https:\/\/icpraha.com\/uk\/","name":"Integra\u010dn\u00ed centrum Praha","description":"Praha \u2013 Metropole v\u0161ech","publisher":{"@id":"https:\/\/icpraha.com\/uk\/#organization"},"potentialAction":[{"@type":"SearchAction","target":{"@type":"EntryPoint","urlTemplate":"https:\/\/icpraha.com\/uk\/?s={search_term_string}"},"query-input":{"@type":"PropertyValueSpecification","valueRequired":true,"valueName":"search_term_string"}}],"inLanguage":"vi-VN"},{"@type":"Organization","@id":"https:\/\/icpraha.com\/uk\/#organization","name":"Integra\u010dn\u00ed centrum Praha o.p.s.","url":"https:\/\/icpraha.com\/uk\/","logo":{"@type":"ImageObject","inLanguage":"vi-VN","@id":"https:\/\/icpraha.com\/uk\/#\/schema\/logo\/image\/","url":"https:\/\/old.icpraha.com\/wp-content\/uploads\/2018\/08\/ICP-full-color-medium.png","contentUrl":"https:\/\/old.icpraha.com\/wp-content\/uploads\/2018\/08\/ICP-full-color-medium.png","width":1000,"height":429,"caption":"Integra\u010dn\u00ed centrum Praha o.p.s."},"image":{"@id":"https:\/\/icpraha.com\/uk\/#\/schema\/logo\/image\/"},"sameAs":["https:\/\/www.facebook.com\/ICPraha","https:\/\/x.com\/ICPraha","https:\/\/www.instagram.com\/icpraha"]}]}},"_links":{"self":[{"href":"https:\/\/old.icpraha.com\/vi\/wp-json\/wp\/v2\/pages\/15217","targetHints":{"allow":["GET"]}}],"collection":[{"href":"https:\/\/old.icpraha.com\/vi\/wp-json\/wp\/v2\/pages"}],"about":[{"href":"https:\/\/old.icpraha.com\/vi\/wp-json\/wp\/v2\/types\/page"}],"author":[{"embeddable":true,"href":"https:\/\/old.icpraha.com\/vi\/wp-json\/wp\/v2\/users\/6"}],"replies":[{"embeddable":true,"href":"https:\/\/old.icpraha.com\/vi\/wp-json\/wp\/v2\/comments?post=15217"}],"version-history":[{"count":0,"href":"https:\/\/old.icpraha.com\/vi\/wp-json\/wp\/v2\/pages\/15217\/revisions"}],"up":[{"embeddable":true,"href":"https:\/\/old.icpraha.com\/vi\/wp-json\/wp\/v2\/pages\/37122"}],"wp:attachment":[{"href":"https:\/\/old.icpraha.com\/vi\/wp-json\/wp\/v2\/media?parent=15217"}],"curies":[{"name":"wp","href":"https:\/\/api.w.org\/{rel}","templated":true}]}}