{"id":15220,"date":"2020-10-23T12:34:36","date_gmt":"2020-10-23T11:34:36","guid":{"rendered":"https:\/\/icpraha.com\/?page_id=15220"},"modified":"2021-10-19T16:27:28","modified_gmt":"2021-10-19T15:27:28","slug":"dich-thuat-truc-tuyen","status":"publish","type":"page","link":"https:\/\/old.icpraha.com\/vi\/tin-moi\/dich-thuat-truc-tuyen\/","title":{"rendered":"D\u1ecbch thu\u1eadt tr\u1ef1c tuy\u1ebfn"},"content":{"rendered":"<div id='av_section_1'  class='avia-section av-nuptjo-d7993159e74c5ade64d1c046b2d64de5 main_color avia-section-default avia-no-border-styling  avia-builder-el-0  avia-builder-el-no-sibling  avia-bg-style-scroll container_wrap fullsize'  ><div class='container av-section-cont-open' ><main  role=\"main\" itemprop=\"mainContentOfPage\"  class='template-page content  av-content-full alpha units'><div class='post-entry post-entry-type-page post-entry-15220'><div class='entry-content-wrapper clearfix'>\n\n<style type=\"text\/css\" data-created_by=\"avia_inline_auto\" id=\"style-css-av-kgjwriwv-e1082ad64706ccf92a1fec0b2b90eb26\">\n.flex_column.av-kgjwriwv-e1082ad64706ccf92a1fec0b2b90eb26{\nborder-radius:0px 0px 0px 0px;\npadding:0px 0px 0px 0px;\n}\n<\/style>\n<div  class='flex_column av-kgjwriwv-e1082ad64706ccf92a1fec0b2b90eb26 av_one_full  avia-builder-el-1  avia-builder-el-no-sibling  first flex_column_div av-zero-column-padding  '     ><section  class='av_textblock_section av-kgjwt1mp-1a3bd2af6c236921e49db39e34f14fe5 '   itemscope=\"itemscope\" itemtype=\"https:\/\/schema.org\/CreativeWork\" ><div class='avia_textblock'  itemprop=\"text\" ><section class=\"av_textblock_section \">\n<div class=\"avia_textblock \">\n<h1 style=\"text-align: center;\"><span style=\"color: #589775;\">D\u1ecbch thu\u1eadt tr\u1ef1c tuy\u1ebfn<\/span><\/h1>\n<h3>Ch\u00fang t\u00f4i c\u00f3 th\u1ec3 cung c\u1ea5p cho qu\u00fd v\u1ecb nh\u1eefng g\u00ec trong c\u00f4ng vi\u1ec7c li\u00ean v\u0103n ho\u00e1 tr\u1ef1c tuy\u1ebfn?<\/h3>\n<ul>\n<li>Phi\u00ean d\u1ecbch\u00a0t\u01b0 v\u1ea5n chuy\u00ean nghi\u1ec7p\u00a0v\u1edbi vi\u1ec7c s\u1eed d\u1ee5ng \u1ee9ng d\u1ee5ng Skype.<\/li>\n<li>H\u1ed7 tr\u1ee3 giao ti\u1ebfp khi t\u1edbi c\u00e1c c\u01a1 quan h\u00e0nh ch\u00ednh c\u00f4ng (u\u1ef7 ban, b\u1ec7nh vi\u1ec7n, c\u1ea3nh s\u00e1t v.v.). Trong tr\u01b0\u1eddng h\u1ee3p n\u00e0y, vi\u1ec7c phi\u00ean d\u1ecbch s\u1ebd di\u1ec5n ra qua \u0111i\u1ec7n tho\u1ea1i.<\/li>\n<li>Qua \u0111i\u1ec7n tho\u1ea1i ho\u1eb7c e-mail, ch\u00fang t\u00f4i s\u1ebd t\u01b0 v\u1ea5n cho qu\u00fd v\u1ecb bi\u1ebft c\u1ea7n ph\u1ea3i li\u00ean l\u1ea1c v\u1edbi ai khi gi\u1ea3i quy\u1ebft c\u00e1c v\u1ea5n \u0111\u1ec1 (lu\u1eadt gia ho\u1eb7c nh\u00e2n vi\u00ean x\u00e3 h\u1ed9i c\u1ee7a ICP, c\u01a1 quan h\u00e0nh ch\u00ednh c\u00f4ng, c\u00e1c t\u1ed5 ch\u1ee9c phi l\u1ee3i nhu\u1eadn kh\u00e1c) v\u00e0 cung c\u1ea5p c\u00e1c th\u00f4ng tin c\u01a1 b\u1ea3n v\u1ec1 cu\u1ed9c s\u1ed1ng t\u1ea1i S\u00e9c.<\/li>\n<li>Qua \u0111i\u1ec7n tho\u1ea1i, ch\u00fang t\u00f4i s\u1ebd gi\u1ea3i th\u00edch n\u1ed9i dung c\u1ee7a c\u00e1c t\u00e0i li\u1ec7u quan tr\u1ecdng m\u00e0 qu\u00fd v\u1ecb \u0111\u00e3 nh\u1eadn \u0111\u01b0\u1ee3c t\u1eeb c\u00e1c u\u1ef7 ban v\u00e0 c\u01a1 quan.<\/li>\n<\/ul>\n<h3>Ch\u00fang t\u00f4i s\u1ebd c\u1ea7n g\u00ec t\u1eeb ph\u00eda qu\u00fd v\u1ecb?<\/h3>\n<p>\u0110\u1ec3 c\u00f3 th\u1ec3 cung c\u1ea5p d\u1ecbch v\u1ee5 tr\u1ef1c tuy\u1ebfn, v\u00ec l\u00fd do th\u1ef1c hi\u1ec7n d\u1ef1 \u00e1n, nh\u00e2n vi\u00ean c\u1ee7a ch\u00fang t\u00f4i c\u00f3 th\u1ec3 s\u1ebd y\u00eau c\u1ea7u qu\u00fd v\u1ecb tr\u00ecnh nh\u1eefng gi\u1ea5y t\u1edd sau:<\/p>\n<ul>\n<li>Cung c\u1ea5p s\u1ef1 \u0111\u1ed3ng \u00fd \u0111i\u1ec7n t\u1eed cho c\u00e1c \u0111i\u1ec1u kho\u1ea3n cung c\u1ea5p d\u1ecbch v\u1ee5. Ch\u00fang t\u00f4i s\u1ebd g\u1eedi c\u00e1c \u0111i\u1ec1u kho\u1ea3n n\u00e0y v\u00e0o e-mail cho qu\u00fd v\u1ecb.<\/li>\n<li>Scan ho\u1eb7c \u1ea3nh ch\u1ee5p c\u1ee7a th\u1ebb c\u01b0 tr\u00fa, th\u1ecb th\u1ef1c v.v.<\/li>\n<li>X\u00e1c nh\u1eadn \u0111i\u1ec7n t\u1eed r\u1eb1ng t\u01b0 v\u1ea5n \u0111\u00e3 di\u1ec5n ra.<\/li>\n<\/ul>\n<p>Nh\u00e2n vi\u00ean c\u1ee7a ch\u00fang t\u00f4i s\u1ebd th\u00f4ng b\u00e1o k\u1ecbp th\u1eddi n\u1ebfu nh\u01b0 tr\u01b0\u1eddng h\u1ee3p c\u1ee7a qu\u00fd v\u1ecb y\u00eau c\u1ea7u ph\u1ea3i xu\u1ea5t tr\u00ecnh gi\u1ea5y t\u1edd. V\u1eady n\u00ean vi\u1ec7c g\u1eedi gi\u1ea5y t\u1edd tr\u01b0\u1edbc l\u00e0 kh\u00f4ng c\u1ea7n thi\u1ebft.<b><br \/>\n<\/b><\/p>\n<h3>Ch\u00fang t\u00f4i c\u00f3 th\u1ec3 cung c\u1ea5p t\u01b0 v\u1ea5n tr\u1ef1c tuy\u1ebfn cho nh\u1eefng ai?<\/h3>\n<p>Kh\u00e1ch h\u00e0ng c\u1ee7a ch\u00fang t\u00f4i l\u00e0 nh\u1eefng ng\u01b0\u1eddi n\u01b0\u1edbc ngo\u00e0i sinh s\u1ed1ng l\u00e2u n\u0103m t\u1ea1i C\u1ed9ng h\u00f2a S\u00e9c. N\u1ebfu b\u1ea1n kh\u00f4ng ch\u1eafc v\u1edbi h\u00ecnh th\u1ee9c c\u01b0 tr\u00fa c\u1ee7a m\u00ecnh, b\u1ea1n c\u00f3 th\u1ec3 s\u1eed d\u1ee5ng d\u1ecbch v\u1ee5 c\u1ee7a ch\u00fang t\u00f4i hay kh\u00f4ng, h\u00e3y li\u00ean h\u1ec7 v\u1edbi ch\u00fang t\u00f4i, ch\u00fang t\u00f4i vui l\u00f2ng t\u01b0 v\u1ea5n cho b\u1ea1n.<\/p>\n<p><span style=\"font-size: 20px; font-weight: 600;\">\u0110\u1eb7t l\u1ecbch t\u01b0 v\u1ea5n nh\u01b0 th\u1ebf n\u00e0o?<\/span><\/p>\n<p>H\u00e3y li\u00ean l\u1ea1c tr\u1ef1c ti\u1ebfp v\u1edbi nh\u00e2n vi\u00ean li\u00ean v\u0103n ho\u00e1 c\u1ee7a ch\u00fang t\u00f4i. Danh s\u00e1ch c\u1ee7a h\u1ecd qu\u00fd v\u1ecb c\u00f3 th\u1ec3 t\u00ecm th\u1ea5y\u00a0<strong><a href=\"https:\/\/icpraha.com\/en\/contacts\/#interpreting-and-accompaniment\">T\u1ea0I \u0110\u00c2Y<\/a><\/strong>. Xin l\u01b0u \u00fd r\u1eb1ng d\u1ecbch v\u1ee5 ph\u1ea3i \u0111\u01b0\u1ee3c tho\u1ea3 thu\u1eadn tr\u01b0\u1edbc.<\/p>\n<\/div>\n<\/section>\n<\/div><\/section><\/div>\n","protected":false},"excerpt":{"rendered":"","protected":false},"author":6,"featured_media":0,"parent":37122,"menu_order":0,"comment_status":"closed","ping_status":"closed","template":"","meta":{"footnotes":""},"class_list":["post-15220","page","type-page","status-publish","hentry"],"yoast_head":"<!-- This site is optimized with the Yoast SEO plugin v25.3 - https:\/\/yoast.com\/wordpress\/plugins\/seo\/ -->\n<title>D\u1ecbch thu\u1eadt tr\u1ef1c tuy\u1ebfn - Integra\u010dn\u00ed centrum Praha<\/title>\n<meta name=\"robots\" content=\"noindex, follow, max-snippet:-1, max-image-preview:large, max-video-preview:-1\" \/>\n<meta property=\"og:locale\" content=\"vi_VN\" \/>\n<meta property=\"og:type\" content=\"article\" \/>\n<meta property=\"og:title\" content=\"D\u1ecbch thu\u1eadt tr\u1ef1c tuy\u1ebfn - Integra\u010dn\u00ed centrum Praha\" \/>\n<meta property=\"og:url\" content=\"https:\/\/old.icpraha.com\/aktuality\/online-tlumoceni\/\" \/>\n<meta property=\"og:site_name\" content=\"Integra\u010dn\u00ed centrum Praha\" \/>\n<meta property=\"article:publisher\" content=\"https:\/\/www.facebook.com\/ICPraha\" \/>\n<meta property=\"article:modified_time\" content=\"2021-10-19T15:27:28+00:00\" \/>\n<meta property=\"og:image\" content=\"https:\/\/old.icpraha.com\/wp-content\/uploads\/2018\/11\/shareimg.png\" \/>\n\t<meta property=\"og:image:width\" content=\"1200\" \/>\n\t<meta property=\"og:image:height\" content=\"630\" \/>\n\t<meta property=\"og:image:type\" content=\"image\/png\" \/>\n<meta name=\"twitter:card\" content=\"summary_large_image\" \/>\n<meta name=\"twitter:site\" content=\"@ICPraha\" \/>\n<meta name=\"twitter:label1\" content=\"Est. reading time\" \/>\n\t<meta name=\"twitter:data1\" content=\"5 minutes\" \/>\n<script type=\"application\/ld+json\" class=\"yoast-schema-graph\">{\"@context\":\"https:\/\/schema.org\",\"@graph\":[{\"@type\":\"WebPage\",\"@id\":\"https:\/\/old.icpraha.com\/aktuality\/online-tlumoceni\/\",\"url\":\"https:\/\/old.icpraha.com\/aktuality\/online-tlumoceni\/\",\"name\":\"D\u1ecbch thu\u1eadt tr\u1ef1c tuy\u1ebfn - Integra\u010dn\u00ed centrum Praha\",\"isPartOf\":{\"@id\":\"https:\/\/icpraha.com\/uk\/#website\"},\"datePublished\":\"2020-10-23T11:34:36+00:00\",\"dateModified\":\"2021-10-19T15:27:28+00:00\",\"breadcrumb\":{\"@id\":\"https:\/\/old.icpraha.com\/aktuality\/online-tlumoceni\/#breadcrumb\"},\"inLanguage\":\"vi-VN\",\"potentialAction\":[{\"@type\":\"ReadAction\",\"target\":[\"https:\/\/old.icpraha.com\/aktuality\/online-tlumoceni\/\"]}]},{\"@type\":\"BreadcrumbList\",\"@id\":\"https:\/\/old.icpraha.com\/aktuality\/online-tlumoceni\/#breadcrumb\",\"itemListElement\":[{\"@type\":\"ListItem\",\"position\":1,\"name\":\"Dom\u016f\",\"item\":\"https:\/\/icpraha.com\/vi\/\"},{\"@type\":\"ListItem\",\"position\":2,\"name\":\"Tin m\u1edbi\",\"item\":\"https:\/\/old.icpraha.com\/aktuality\/\"},{\"@type\":\"ListItem\",\"position\":3,\"name\":\"D\u1ecbch thu\u1eadt tr\u1ef1c tuy\u1ebfn\"}]},{\"@type\":\"WebSite\",\"@id\":\"https:\/\/icpraha.com\/uk\/#website\",\"url\":\"https:\/\/icpraha.com\/uk\/\",\"name\":\"Integra\u010dn\u00ed centrum Praha\",\"description\":\"Praha \u2013 Metropole v\u0161ech\",\"publisher\":{\"@id\":\"https:\/\/icpraha.com\/uk\/#organization\"},\"potentialAction\":[{\"@type\":\"SearchAction\",\"target\":{\"@type\":\"EntryPoint\",\"urlTemplate\":\"https:\/\/icpraha.com\/uk\/?s={search_term_string}\"},\"query-input\":{\"@type\":\"PropertyValueSpecification\",\"valueRequired\":true,\"valueName\":\"search_term_string\"}}],\"inLanguage\":\"vi-VN\"},{\"@type\":\"Organization\",\"@id\":\"https:\/\/icpraha.com\/uk\/#organization\",\"name\":\"Integra\u010dn\u00ed centrum Praha o.p.s.\",\"url\":\"https:\/\/icpraha.com\/uk\/\",\"logo\":{\"@type\":\"ImageObject\",\"inLanguage\":\"vi-VN\",\"@id\":\"https:\/\/icpraha.com\/uk\/#\/schema\/logo\/image\/\",\"url\":\"https:\/\/old.icpraha.com\/wp-content\/uploads\/2018\/08\/ICP-full-color-medium.png\",\"contentUrl\":\"https:\/\/old.icpraha.com\/wp-content\/uploads\/2018\/08\/ICP-full-color-medium.png\",\"width\":1000,\"height\":429,\"caption\":\"Integra\u010dn\u00ed centrum Praha o.p.s.\"},\"image\":{\"@id\":\"https:\/\/icpraha.com\/uk\/#\/schema\/logo\/image\/\"},\"sameAs\":[\"https:\/\/www.facebook.com\/ICPraha\",\"https:\/\/x.com\/ICPraha\",\"https:\/\/www.instagram.com\/icpraha\"]}]}<\/script>\n<!-- \/ Yoast SEO plugin. -->","yoast_head_json":{"title":"D\u1ecbch thu\u1eadt tr\u1ef1c tuy\u1ebfn - Integra\u010dn\u00ed centrum Praha","robots":{"index":"noindex","follow":"follow","max-snippet":"max-snippet:-1","max-image-preview":"max-image-preview:large","max-video-preview":"max-video-preview:-1"},"og_locale":"vi_VN","og_type":"article","og_title":"D\u1ecbch thu\u1eadt tr\u1ef1c tuy\u1ebfn - Integra\u010dn\u00ed centrum Praha","og_url":"https:\/\/old.icpraha.com\/aktuality\/online-tlumoceni\/","og_site_name":"Integra\u010dn\u00ed centrum Praha","article_publisher":"https:\/\/www.facebook.com\/ICPraha","article_modified_time":"2021-10-19T15:27:28+00:00","og_image":[{"width":1200,"height":630,"url":"https:\/\/old.icpraha.com\/wp-content\/uploads\/2018\/11\/shareimg.png","type":"image\/png"}],"twitter_card":"summary_large_image","twitter_site":"@ICPraha","twitter_misc":{"Est. reading time":"5 minutes"},"schema":{"@context":"https:\/\/schema.org","@graph":[{"@type":"WebPage","@id":"https:\/\/old.icpraha.com\/aktuality\/online-tlumoceni\/","url":"https:\/\/old.icpraha.com\/aktuality\/online-tlumoceni\/","name":"D\u1ecbch thu\u1eadt tr\u1ef1c tuy\u1ebfn - Integra\u010dn\u00ed centrum Praha","isPartOf":{"@id":"https:\/\/icpraha.com\/uk\/#website"},"datePublished":"2020-10-23T11:34:36+00:00","dateModified":"2021-10-19T15:27:28+00:00","breadcrumb":{"@id":"https:\/\/old.icpraha.com\/aktuality\/online-tlumoceni\/#breadcrumb"},"inLanguage":"vi-VN","potentialAction":[{"@type":"ReadAction","target":["https:\/\/old.icpraha.com\/aktuality\/online-tlumoceni\/"]}]},{"@type":"BreadcrumbList","@id":"https:\/\/old.icpraha.com\/aktuality\/online-tlumoceni\/#breadcrumb","itemListElement":[{"@type":"ListItem","position":1,"name":"Dom\u016f","item":"https:\/\/icpraha.com\/vi\/"},{"@type":"ListItem","position":2,"name":"Tin m\u1edbi","item":"https:\/\/old.icpraha.com\/aktuality\/"},{"@type":"ListItem","position":3,"name":"D\u1ecbch thu\u1eadt tr\u1ef1c tuy\u1ebfn"}]},{"@type":"WebSite","@id":"https:\/\/icpraha.com\/uk\/#website","url":"https:\/\/icpraha.com\/uk\/","name":"Integra\u010dn\u00ed centrum Praha","description":"Praha \u2013 Metropole v\u0161ech","publisher":{"@id":"https:\/\/icpraha.com\/uk\/#organization"},"potentialAction":[{"@type":"SearchAction","target":{"@type":"EntryPoint","urlTemplate":"https:\/\/icpraha.com\/uk\/?s={search_term_string}"},"query-input":{"@type":"PropertyValueSpecification","valueRequired":true,"valueName":"search_term_string"}}],"inLanguage":"vi-VN"},{"@type":"Organization","@id":"https:\/\/icpraha.com\/uk\/#organization","name":"Integra\u010dn\u00ed centrum Praha o.p.s.","url":"https:\/\/icpraha.com\/uk\/","logo":{"@type":"ImageObject","inLanguage":"vi-VN","@id":"https:\/\/icpraha.com\/uk\/#\/schema\/logo\/image\/","url":"https:\/\/old.icpraha.com\/wp-content\/uploads\/2018\/08\/ICP-full-color-medium.png","contentUrl":"https:\/\/old.icpraha.com\/wp-content\/uploads\/2018\/08\/ICP-full-color-medium.png","width":1000,"height":429,"caption":"Integra\u010dn\u00ed centrum Praha o.p.s."},"image":{"@id":"https:\/\/icpraha.com\/uk\/#\/schema\/logo\/image\/"},"sameAs":["https:\/\/www.facebook.com\/ICPraha","https:\/\/x.com\/ICPraha","https:\/\/www.instagram.com\/icpraha"]}]}},"_links":{"self":[{"href":"https:\/\/old.icpraha.com\/vi\/wp-json\/wp\/v2\/pages\/15220","targetHints":{"allow":["GET"]}}],"collection":[{"href":"https:\/\/old.icpraha.com\/vi\/wp-json\/wp\/v2\/pages"}],"about":[{"href":"https:\/\/old.icpraha.com\/vi\/wp-json\/wp\/v2\/types\/page"}],"author":[{"embeddable":true,"href":"https:\/\/old.icpraha.com\/vi\/wp-json\/wp\/v2\/users\/6"}],"replies":[{"embeddable":true,"href":"https:\/\/old.icpraha.com\/vi\/wp-json\/wp\/v2\/comments?post=15220"}],"version-history":[{"count":0,"href":"https:\/\/old.icpraha.com\/vi\/wp-json\/wp\/v2\/pages\/15220\/revisions"}],"up":[{"embeddable":true,"href":"https:\/\/old.icpraha.com\/vi\/wp-json\/wp\/v2\/pages\/37122"}],"wp:attachment":[{"href":"https:\/\/old.icpraha.com\/vi\/wp-json\/wp\/v2\/media?parent=15220"}],"curies":[{"name":"wp","href":"https:\/\/api.w.org\/{rel}","templated":true}]}}