{"id":16706,"date":"2021-01-31T10:02:15","date_gmt":"2021-01-31T09:02:15","guid":{"rendered":"https:\/\/icpraha.com\/skolstvi\/"},"modified":"2021-11-03T15:20:13","modified_gmt":"2021-11-03T14:20:13","slug":"he-thong-giao-duc-tai-ch-sec","status":"publish","type":"page","link":"https:\/\/old.icpraha.com\/vi\/he-thong-giao-duc-tai-ch-sec\/","title":{"rendered":"H\u1ec6 TH\u1ed0NG GI\u00c1O D\u1ee4C T\u1ea0I CH S\u00c9C"},"content":{"rendered":"<div id='av_section_1'  class='avia-section av-9ozze-f76b8117085b0f800b54e70e2bdc3cd8 main_color avia-section-default avia-no-border-styling  avia-builder-el-0  avia-builder-el-no-sibling  avia-bg-style-scroll container_wrap fullsize'  ><div class='container av-section-cont-open' ><main  role=\"main\" itemprop=\"mainContentOfPage\"  class='template-page content  av-content-full alpha units'><div class='post-entry post-entry-type-page post-entry-16706'><div class='entry-content-wrapper clearfix'>\n<div class='flex_column_table av-bp233-aeed69f588b2cc91178e011e0b249646 sc-av_one_full av-equal-height-column-flextable'>\n<style type=\"text\/css\" data-created_by=\"avia_inline_auto\" id=\"style-css-av-bp233-aeed69f588b2cc91178e011e0b249646\">\n#top .flex_column_table.av-equal-height-column-flextable.av-bp233-aeed69f588b2cc91178e011e0b249646{\nmargin-top:0px;\nmargin-bottom:30px;\n}\n.flex_column.av-bp233-aeed69f588b2cc91178e011e0b249646{\nborder-radius:10px 10px 10px 10px;\npadding:150px 30px 150px 30px;\nbackground:url(https:\/\/old.icpraha.com\/wp-content\/uploads\/2020\/02\/jerry-wang-jfnUC7s3iuw-unsplash.jpg) 100% 50% no-repeat scroll rgba(0,0,0,0.6);\n}\n<\/style>\n<div  class='flex_column av-bp233-aeed69f588b2cc91178e011e0b249646 av_one_full  avia-builder-el-1  el_before_av_one_full  avia-builder-el-first  shadow blend first flex_column_table_cell av-equal-height-column av-align-middle avia-full-stretch  '     ><style type=\"text\/css\" data-created_by=\"avia_inline_auto\" id=\"style-css-av-jkaxdisn-a3c96d983f2c6d594152475aeb1fedde\">\n#top .av_textblock_section.av-jkaxdisn-a3c96d983f2c6d594152475aeb1fedde .avia_textblock{\nfont-size:18px;\ncolor:#ffffff;\n}\n<\/style>\n<section  class='av_textblock_section av-jkaxdisn-a3c96d983f2c6d594152475aeb1fedde '   itemscope=\"itemscope\" itemtype=\"https:\/\/schema.org\/CreativeWork\" ><div class='avia_textblock av_inherit_color'  itemprop=\"text\" ><h1 style=\"text-align: center;\">H\u1ec6 TH\u1ed0NG GI\u00c1O D\u1ee4C T\u1ea0I CH S\u00c9C<\/h1>\n<h3 style=\"text-align: center;\">C\u00e1c \u0111\u01b0\u1eddng link quan tr\u1ecdng<\/h3>\n<\/div><\/section><\/div><\/div><!--close column table wrapper. Autoclose: 1 --><div class='flex_column_table av-bp233-1a65a6ced44d990e41cdf326b1ec8f20 sc-av_one_full av-equal-height-column-flextable'>\n<style type=\"text\/css\" data-created_by=\"avia_inline_auto\" id=\"style-css-av-bp233-1a65a6ced44d990e41cdf326b1ec8f20\">\n#top .flex_column_table.av-equal-height-column-flextable.av-bp233-1a65a6ced44d990e41cdf326b1ec8f20{\nmargin-top:0px;\nmargin-bottom:30px;\n}\n.flex_column.av-bp233-1a65a6ced44d990e41cdf326b1ec8f20{\nborder-radius:10px 10px 10px 10px;\npadding:30px 30px 30px 30px;\nbackground-color:#ffffff;\n}\n<\/style>\n<div  class='flex_column av-bp233-1a65a6ced44d990e41cdf326b1ec8f20 av_one_full  avia-builder-el-3  el_after_av_one_full  avia-builder-el-last  shadow first flex_column_table_cell av-equal-height-column av-align-top  column-top-margin'     ><section  class='av_textblock_section av-jkaxdisn-26fc6014e988ed687f5cf281ea118405 '   itemscope=\"itemscope\" itemtype=\"https:\/\/schema.org\/CreativeWork\" ><div class='avia_textblock'  itemprop=\"text\" ><h3><strong>C\u00e1c \u0111\u01b0\u1eddng link quan tr\u1ecdng:<\/strong><\/h3>\n<ul>\n<li aria-level=\"1\">H\u01b0\u1edbng d\u1eabn th\u1ef1c t\u1ebf cho ng\u01b0\u1eddi n\u01b0\u1edbc ngo\u00e0i v\u1ec1 gi\u00e1o d\u1ee5c t\u1ea1i CH S\u00e9c: <a href=\"https:\/\/meta-ops.eu\/prakticky-radce\/practical_guide\/\">https:\/\/meta-ops.eu\/prakticky-radce\/practical_guide\/<\/a><\/li>\n<li style=\"font-weight: 400;\" aria-level=\"1\"><span style=\"font-weight: 400;\">Danh s\u00e1ch c\u00e1c tr\u01b0\u1eddng m\u1eabu gi\u00e1o: <\/span><a href=\"http:\/\/www.seznamskol.eu\/typ\/materska-skola\/?kraj=praha\"><span style=\"font-weight: 400;\">http:\/\/www.seznamskol.eu\/typ\/materska-skola\/?kraj=praha<\/span><\/a><\/li>\n<li style=\"font-weight: 400;\" aria-level=\"1\"><span style=\"font-weight: 400;\">Danh s\u00e1ch c\u00e1c tr\u01b0\u1eddng ti\u1ec3u h\u1ecdc v\u00e0 trung h\u1ecdc: <\/span><a href=\"https:\/\/www.seznamskol.cz\/zakladni-skoly\/\"><span style=\"font-weight: 400;\">https:\/\/www.seznamskol.cz\/zakladni-skoly\/<\/span><\/a><span style=\"font-weight: 400;\">\u00a0<\/span><\/li>\n<li style=\"font-weight: 400;\" aria-level=\"1\"><span style=\"font-weight: 400;\">Th\u00f4ng tin d\u00e0nh cho cha m\u1eb9 \u1edf nhi\u1ec1u ng\u00f4n ng\u1eef kh\u00e1c nhau bao g\u1ed3m c\u00e1c m\u1eabu \u0111\u01a1n d\u00e0nh cho vi\u1ec7c giao ti\u1ebfp v\u1edbi nh\u00e0 tr\u01b0\u1eddng: <\/span><a href=\"https:\/\/www.inkluzivniskola.cz\/informace-pro-rodice-jazykove-verze\"><span style=\"font-weight: 400;\">https:\/\/www.inkluzivniskola.cz\/informace-pro-rodice-jazykove-verze<\/span><\/a><span style=\"font-weight: 400;\">\u00a0<\/span><\/li>\n<li aria-level=\"1\">Th\u00f4ng tin v\u1ec1 \u0111\u1ec1 thi tuy\u1ec3n sinh v\u00e0o c\u00e1c tr\u01b0\u1eddng THCS, g\u1ed3m c\u00e1c \u0111\u1ec1 thi m\u1eabu: <a href=\"https:\/\/cermat.cz\/\">https:\/\/cermat.cz\/<\/a><\/li>\n<li aria-level=\"1\">M\u1eb9o v\u1ec1 c\u00e1c t\u00e0i li\u1ec7u gi\u00e1o d\u1ee5c s\u1ebd gi\u00fap tr\u1ebb em l\u00e0m quen v\u1edbi ti\u1ebfng S\u00e9c tr\u01b0\u1edbc khi b\u1eaft \u0111\u1ea7u \u0111i h\u1ecdc: <a href=\"https:\/\/www.cicops.cz\/images\/socialni_poradenstvi\/infoservis\/CIC_Chystame_se_do_skoly_web.pdf\">https:\/\/www.cicops.cz\/images\/socialni_poradenstvi\/infoservis\/CIC_Chystame_se_do_skoly_web.pdf<\/a><\/li>\n<\/ul>\n<p><strong><span data-sheets-formula-bar-text-style=\"font-size:15px;color:#000000;font-weight:normal;text-decoration:none;font-family:'Arial';font-style:normal;text-decoration-skip-ink:none;\">Ch\u00fang t\u00f4i \u0111\u00e3 chu\u1ea9n b\u1ecb <\/span><a href=\"https:\/\/icpraha.com\/vi\/truong-mau-giao-tieu-hoc-va-trung-hoc-co-so\/\"><span data-sheets-formula-bar-text-style=\"font-size:15px;color:#000000;font-weight:bold;text-decoration:none;font-family:''Arial'';font-style:normal;text-decoration-skip-ink:none;\">b\u00e0i vi\u1ebft n\u00e0y<\/span><\/a><span data-sheets-formula-bar-text-style=\"font-size:15px;color:#000000;font-weight:normal;text-decoration:none;font-family:'Arial';font-style:normal;text-decoration-skip-ink:none;\"> v\u1ec1 ch\u1ee7 \u0111\u1ec3 gi\u00e1o d\u1ee5c cho b\u1ea1n.<\/span><\/strong><\/p>\n<p><span data-sheets-formula-bar-text-style=\"font-size:15px;color:#000000;font-weight:normal;text-decoration:none;font-family:'Arial';font-style:normal;text-decoration-skip-ink:none;\">H\u00e3y nh\u1edb r\u1eb1ng ngo\u00e0i gi\u00e1o d\u1ee5c th\u00ec c\u00e1c ho\u1ea1t \u0111\u1ed9ng theo s\u1edf th\u00edch c\u0169ng r\u1ea5t quan tr\u1ecdng \u0111\u1ed1i v\u1edbi tr\u1ebb em, khi \u0111\u00f3, c\u00e1c em c\u00f3 th\u1ec3 th\u01b0 gi\u00e3n, ph\u00e1t tri\u1ec3n t\u00e0i n\u0103ng c\u1ee7a m\u00ecnh v\u00e0 t\u1eadn d\u1ee5ng th\u1eddi gian r\u1ea3nh m\u1ed9t c\u00e1ch \u00fd ngh\u0129a. <strong>T\u1ed5ng h\u1ee3p c\u00e1c ho\u1ea1t \u0111\u1ed9ng gi\u1ea3i tr\u00ed ch\u1ecdn l\u1ecdc t\u1ea1i Praha c\u00f3 th\u1ec3 t\u00ecm th\u1ea5y trong b\u00e0i vi\u1ebft <\/strong><\/span><strong><a href=\"https:\/\/icpraha.com\/en\/free-time-activities-for-families-with-kids\/\">T\u1ea0I \u0110\u00c2Y<\/a>.<\/strong><\/p>\n<\/div><\/section><\/div><\/div><!--close column table wrapper. Autoclose: 1 -->\n","protected":false},"excerpt":{"rendered":"","protected":false},"author":6,"featured_media":0,"parent":0,"menu_order":0,"comment_status":"closed","ping_status":"closed","template":"","meta":{"footnotes":""},"class_list":["post-16706","page","type-page","status-publish","hentry"],"yoast_head":"<!-- This site is optimized with the Yoast SEO plugin v25.3 - https:\/\/yoast.com\/wordpress\/plugins\/seo\/ -->\n<title>H\u1ec6 TH\u1ed0NG GI\u00c1O D\u1ee4C T\u1ea0I CH S\u00c9C - Integra\u010dn\u00ed centrum Praha<\/title>\n<meta name=\"robots\" content=\"noindex, follow, max-snippet:-1, max-image-preview:large, max-video-preview:-1\" \/>\n<meta property=\"og:locale\" content=\"vi_VN\" \/>\n<meta property=\"og:type\" content=\"article\" \/>\n<meta property=\"og:title\" content=\"H\u1ec6 TH\u1ed0NG GI\u00c1O D\u1ee4C T\u1ea0I CH S\u00c9C - Integra\u010dn\u00ed centrum Praha\" \/>\n<meta property=\"og:url\" content=\"https:\/\/old.icpraha.com\/skolstvi\/\" \/>\n<meta property=\"og:site_name\" content=\"Integra\u010dn\u00ed centrum Praha\" \/>\n<meta property=\"article:publisher\" content=\"https:\/\/www.facebook.com\/ICPraha\" \/>\n<meta property=\"article:modified_time\" content=\"2021-11-03T14:20:13+00:00\" \/>\n<meta property=\"og:image\" content=\"https:\/\/old.icpraha.com\/wp-content\/uploads\/2018\/11\/shareimg.png\" \/>\n\t<meta property=\"og:image:width\" content=\"1200\" \/>\n\t<meta property=\"og:image:height\" content=\"630\" \/>\n\t<meta property=\"og:image:type\" content=\"image\/png\" \/>\n<meta name=\"twitter:card\" content=\"summary_large_image\" \/>\n<meta name=\"twitter:site\" content=\"@ICPraha\" \/>\n<meta name=\"twitter:label1\" content=\"Est. reading time\" \/>\n\t<meta name=\"twitter:data1\" content=\"2 minutes\" \/>\n<script type=\"application\/ld+json\" class=\"yoast-schema-graph\">{\"@context\":\"https:\/\/schema.org\",\"@graph\":[{\"@type\":\"WebPage\",\"@id\":\"https:\/\/old.icpraha.com\/skolstvi\/\",\"url\":\"https:\/\/old.icpraha.com\/skolstvi\/\",\"name\":\"H\u1ec6 TH\u1ed0NG GI\u00c1O D\u1ee4C T\u1ea0I CH S\u00c9C - Integra\u010dn\u00ed centrum Praha\",\"isPartOf\":{\"@id\":\"https:\/\/icpraha.com\/uk\/#website\"},\"datePublished\":\"2021-01-31T09:02:15+00:00\",\"dateModified\":\"2021-11-03T14:20:13+00:00\",\"breadcrumb\":{\"@id\":\"https:\/\/old.icpraha.com\/skolstvi\/#breadcrumb\"},\"inLanguage\":\"vi-VN\",\"potentialAction\":[{\"@type\":\"ReadAction\",\"target\":[\"https:\/\/old.icpraha.com\/skolstvi\/\"]}]},{\"@type\":\"BreadcrumbList\",\"@id\":\"https:\/\/old.icpraha.com\/skolstvi\/#breadcrumb\",\"itemListElement\":[{\"@type\":\"ListItem\",\"position\":1,\"name\":\"Dom\u016f\",\"item\":\"https:\/\/icpraha.com\/vi\/\"},{\"@type\":\"ListItem\",\"position\":2,\"name\":\"H\u1ec6 TH\u1ed0NG GI\u00c1O D\u1ee4C T\u1ea0I CH S\u00c9C\"}]},{\"@type\":\"WebSite\",\"@id\":\"https:\/\/icpraha.com\/uk\/#website\",\"url\":\"https:\/\/icpraha.com\/uk\/\",\"name\":\"Integra\u010dn\u00ed centrum Praha\",\"description\":\"Praha \u2013 Metropole v\u0161ech\",\"publisher\":{\"@id\":\"https:\/\/icpraha.com\/uk\/#organization\"},\"potentialAction\":[{\"@type\":\"SearchAction\",\"target\":{\"@type\":\"EntryPoint\",\"urlTemplate\":\"https:\/\/icpraha.com\/uk\/?s={search_term_string}\"},\"query-input\":{\"@type\":\"PropertyValueSpecification\",\"valueRequired\":true,\"valueName\":\"search_term_string\"}}],\"inLanguage\":\"vi-VN\"},{\"@type\":\"Organization\",\"@id\":\"https:\/\/icpraha.com\/uk\/#organization\",\"name\":\"Integra\u010dn\u00ed centrum Praha o.p.s.\",\"url\":\"https:\/\/icpraha.com\/uk\/\",\"logo\":{\"@type\":\"ImageObject\",\"inLanguage\":\"vi-VN\",\"@id\":\"https:\/\/icpraha.com\/uk\/#\/schema\/logo\/image\/\",\"url\":\"https:\/\/old.icpraha.com\/wp-content\/uploads\/2018\/08\/ICP-full-color-medium.png\",\"contentUrl\":\"https:\/\/old.icpraha.com\/wp-content\/uploads\/2018\/08\/ICP-full-color-medium.png\",\"width\":1000,\"height\":429,\"caption\":\"Integra\u010dn\u00ed centrum Praha o.p.s.\"},\"image\":{\"@id\":\"https:\/\/icpraha.com\/uk\/#\/schema\/logo\/image\/\"},\"sameAs\":[\"https:\/\/www.facebook.com\/ICPraha\",\"https:\/\/x.com\/ICPraha\",\"https:\/\/www.instagram.com\/icpraha\"]}]}<\/script>\n<!-- \/ Yoast SEO plugin. -->","yoast_head_json":{"title":"H\u1ec6 TH\u1ed0NG GI\u00c1O D\u1ee4C T\u1ea0I CH S\u00c9C - Integra\u010dn\u00ed centrum Praha","robots":{"index":"noindex","follow":"follow","max-snippet":"max-snippet:-1","max-image-preview":"max-image-preview:large","max-video-preview":"max-video-preview:-1"},"og_locale":"vi_VN","og_type":"article","og_title":"H\u1ec6 TH\u1ed0NG GI\u00c1O D\u1ee4C T\u1ea0I CH S\u00c9C - Integra\u010dn\u00ed centrum Praha","og_url":"https:\/\/old.icpraha.com\/skolstvi\/","og_site_name":"Integra\u010dn\u00ed centrum Praha","article_publisher":"https:\/\/www.facebook.com\/ICPraha","article_modified_time":"2021-11-03T14:20:13+00:00","og_image":[{"width":1200,"height":630,"url":"https:\/\/old.icpraha.com\/wp-content\/uploads\/2018\/11\/shareimg.png","type":"image\/png"}],"twitter_card":"summary_large_image","twitter_site":"@ICPraha","twitter_misc":{"Est. reading time":"2 minutes"},"schema":{"@context":"https:\/\/schema.org","@graph":[{"@type":"WebPage","@id":"https:\/\/old.icpraha.com\/skolstvi\/","url":"https:\/\/old.icpraha.com\/skolstvi\/","name":"H\u1ec6 TH\u1ed0NG GI\u00c1O D\u1ee4C T\u1ea0I CH S\u00c9C - Integra\u010dn\u00ed centrum Praha","isPartOf":{"@id":"https:\/\/icpraha.com\/uk\/#website"},"datePublished":"2021-01-31T09:02:15+00:00","dateModified":"2021-11-03T14:20:13+00:00","breadcrumb":{"@id":"https:\/\/old.icpraha.com\/skolstvi\/#breadcrumb"},"inLanguage":"vi-VN","potentialAction":[{"@type":"ReadAction","target":["https:\/\/old.icpraha.com\/skolstvi\/"]}]},{"@type":"BreadcrumbList","@id":"https:\/\/old.icpraha.com\/skolstvi\/#breadcrumb","itemListElement":[{"@type":"ListItem","position":1,"name":"Dom\u016f","item":"https:\/\/icpraha.com\/vi\/"},{"@type":"ListItem","position":2,"name":"H\u1ec6 TH\u1ed0NG GI\u00c1O D\u1ee4C T\u1ea0I CH S\u00c9C"}]},{"@type":"WebSite","@id":"https:\/\/icpraha.com\/uk\/#website","url":"https:\/\/icpraha.com\/uk\/","name":"Integra\u010dn\u00ed centrum Praha","description":"Praha \u2013 Metropole v\u0161ech","publisher":{"@id":"https:\/\/icpraha.com\/uk\/#organization"},"potentialAction":[{"@type":"SearchAction","target":{"@type":"EntryPoint","urlTemplate":"https:\/\/icpraha.com\/uk\/?s={search_term_string}"},"query-input":{"@type":"PropertyValueSpecification","valueRequired":true,"valueName":"search_term_string"}}],"inLanguage":"vi-VN"},{"@type":"Organization","@id":"https:\/\/icpraha.com\/uk\/#organization","name":"Integra\u010dn\u00ed centrum Praha o.p.s.","url":"https:\/\/icpraha.com\/uk\/","logo":{"@type":"ImageObject","inLanguage":"vi-VN","@id":"https:\/\/icpraha.com\/uk\/#\/schema\/logo\/image\/","url":"https:\/\/old.icpraha.com\/wp-content\/uploads\/2018\/08\/ICP-full-color-medium.png","contentUrl":"https:\/\/old.icpraha.com\/wp-content\/uploads\/2018\/08\/ICP-full-color-medium.png","width":1000,"height":429,"caption":"Integra\u010dn\u00ed centrum Praha o.p.s."},"image":{"@id":"https:\/\/icpraha.com\/uk\/#\/schema\/logo\/image\/"},"sameAs":["https:\/\/www.facebook.com\/ICPraha","https:\/\/x.com\/ICPraha","https:\/\/www.instagram.com\/icpraha"]}]}},"_links":{"self":[{"href":"https:\/\/old.icpraha.com\/vi\/wp-json\/wp\/v2\/pages\/16706","targetHints":{"allow":["GET"]}}],"collection":[{"href":"https:\/\/old.icpraha.com\/vi\/wp-json\/wp\/v2\/pages"}],"about":[{"href":"https:\/\/old.icpraha.com\/vi\/wp-json\/wp\/v2\/types\/page"}],"author":[{"embeddable":true,"href":"https:\/\/old.icpraha.com\/vi\/wp-json\/wp\/v2\/users\/6"}],"replies":[{"embeddable":true,"href":"https:\/\/old.icpraha.com\/vi\/wp-json\/wp\/v2\/comments?post=16706"}],"version-history":[{"count":0,"href":"https:\/\/old.icpraha.com\/vi\/wp-json\/wp\/v2\/pages\/16706\/revisions"}],"wp:attachment":[{"href":"https:\/\/old.icpraha.com\/vi\/wp-json\/wp\/v2\/media?parent=16706"}],"curies":[{"name":"wp","href":"https:\/\/api.w.org\/{rel}","templated":true}]}}