{"id":16731,"date":"2021-01-31T11:40:05","date_gmt":"2021-01-31T10:40:05","guid":{"rendered":"https:\/\/icpraha.com\/zdravotnictvi\/"},"modified":"2021-02-21T22:22:23","modified_gmt":"2021-02-21T21:22:23","slug":"y-te-tai-ch-sec","status":"publish","type":"page","link":"https:\/\/old.icpraha.com\/vi\/y-te-tai-ch-sec\/","title":{"rendered":"Y T\u1ebe T\u1ea0I CH S\u00c9C"},"content":{"rendered":"<div id='av_section_1'  class='avia-section av-9ozze-f76b8117085b0f800b54e70e2bdc3cd8 main_color avia-section-default avia-no-border-styling  avia-builder-el-0  avia-builder-el-no-sibling  avia-bg-style-scroll container_wrap fullsize'  ><div class='container av-section-cont-open' ><main  role=\"main\" itemprop=\"mainContentOfPage\"  class='template-page content  av-content-full alpha units'><div class='post-entry post-entry-type-page post-entry-16731'><div class='entry-content-wrapper clearfix'>\n<div class='flex_column_table av-bp233-55824769a61ae1403f642fa5d1a50027 sc-av_one_full av-equal-height-column-flextable'>\n<style type=\"text\/css\" data-created_by=\"avia_inline_auto\" id=\"style-css-av-bp233-55824769a61ae1403f642fa5d1a50027\">\n#top .flex_column_table.av-equal-height-column-flextable.av-bp233-55824769a61ae1403f642fa5d1a50027{\nmargin-top:0px;\nmargin-bottom:30px;\n}\n.flex_column.av-bp233-55824769a61ae1403f642fa5d1a50027{\nborder-radius:10px 10px 10px 10px;\npadding:150px 30px 150px 30px;\nbackground:url(https:\/\/old.icpraha.com\/wp-content\/uploads\/2021\/01\/bofu-shaw-hOfBn4jQEyo-unsplash-scaled.jpg) 100% 50% no-repeat scroll rgba(0,0,0,0.6);\n}\n<\/style>\n<div  class='flex_column av-bp233-55824769a61ae1403f642fa5d1a50027 av_one_full  avia-builder-el-1  el_before_av_one_full  avia-builder-el-first  shadow blend first flex_column_table_cell av-equal-height-column av-align-middle avia-full-stretch  '     ><style type=\"text\/css\" data-created_by=\"avia_inline_auto\" id=\"style-css-av-jkaxdisn-a3c96d983f2c6d594152475aeb1fedde\">\n#top .av_textblock_section.av-jkaxdisn-a3c96d983f2c6d594152475aeb1fedde .avia_textblock{\nfont-size:18px;\ncolor:#ffffff;\n}\n<\/style>\n<section  class='av_textblock_section av-jkaxdisn-a3c96d983f2c6d594152475aeb1fedde '   itemscope=\"itemscope\" itemtype=\"https:\/\/schema.org\/CreativeWork\" ><div class='avia_textblock av_inherit_color'  itemprop=\"text\" ><h1 style=\"text-align: center;\">Y T\u1ebe T\u1ea0I CH S\u00c9C<\/h1>\n<h3 style=\"text-align: center;\">C\u00e1c \u0111\u01b0\u1eddng link quan tr\u1ecdng<\/h3>\n<\/div><\/section><\/div><\/div><!--close column table wrapper. Autoclose: 1 --><div class='flex_column_table av-bp233-1a65a6ced44d990e41cdf326b1ec8f20 sc-av_one_full av-equal-height-column-flextable'>\n<style type=\"text\/css\" data-created_by=\"avia_inline_auto\" id=\"style-css-av-bp233-1a65a6ced44d990e41cdf326b1ec8f20\">\n#top .flex_column_table.av-equal-height-column-flextable.av-bp233-1a65a6ced44d990e41cdf326b1ec8f20{\nmargin-top:0px;\nmargin-bottom:30px;\n}\n.flex_column.av-bp233-1a65a6ced44d990e41cdf326b1ec8f20{\nborder-radius:10px 10px 10px 10px;\npadding:30px 30px 30px 30px;\nbackground-color:#ffffff;\n}\n<\/style>\n<div  class='flex_column av-bp233-1a65a6ced44d990e41cdf326b1ec8f20 av_one_full  avia-builder-el-3  el_after_av_one_full  avia-builder-el-last  shadow first flex_column_table_cell av-equal-height-column av-align-top  column-top-margin'     ><section  class='av_textblock_section av-jkaxdisn-02e7baa098b5bea22cbd6b28280285a1 '   itemscope=\"itemscope\" itemtype=\"https:\/\/schema.org\/CreativeWork\" ><div class='avia_textblock'  itemprop=\"text\" ><h3><strong>C\u00e1c \u0111\u01b0\u1eddng link quan tr\u1ecdng:<\/strong><\/h3>\n<ul>\n<li><span style=\"font-weight: 400;\">C\u1ea9m nang v\u1ec1 h\u1ec7 th\u1ed1ng y t\u1ebf \u0111\u01b0\u1ee3c ph\u00e1t h\u00e0nh b\u1edfi B\u1ed9 Y t\u1ebf: <\/span><a href=\"http:\/\/www.nemcb.cz\/upload\/files\/Patient_Guide_-_Patient_Safety_Improvement_Manual.pdf\"><span style=\"font-weight: 400;\">http:\/\/www.nemcb.cz\/upload\/files\/Patient_Guide_-_Patient_Safety_Improvement_Manual.pdf<\/span><\/a><\/li>\n<li>Th\u00f4ng tin v\u1ec1 t\u00ecnh h\u00ecnh d\u1ecbch t\u1ec5 h\u1ecdc hi\u1ec7n t\u1ea1i li\u00ean quan \u0111\u1ebfn COVID-19: <a href=\"https:\/\/koronavirus.mzcr.cz\/en\/\">https:\/\/koronavirus.mzcr.cz\/en\/<\/a><\/li>\n<li>C\u00e1c c\u1ee5m t\u1eeb h\u1eefu \u00edch \u0111\u1ec3 giao ti\u1ebfp v\u1edbi b\u00e1c s\u0129: <a href=\"https:\/\/www.mzcr.cz\/komunikacni-karty-pro-pacienty-cizince-a-zdravotniky\/\">https:\/\/www.mzcr.cz\/komunikacni-karty-pro-pacienty-cizince-a-zdravotniky\/<\/a><\/li>\n<li><span style=\"font-weight: 400;\">C\u1ed5ng th\u00f4ng tin t\u00ecm ki\u1ebfm b\u00e1c s\u0129 theo khu v\u1ef1c, chuy\u00ean m\u00f4n v\u00e0 nh\u1eefng n\u01a1i c\u00f2n ch\u1ed7:\u00a0 <a href=\"https:\/\/www.znamylekar.cz\/\">https:\/\/www.znamylekar.cz\/<\/a><\/span><\/li>\n<li><span style=\"font-weight: 400;\">C\u00e1c b\u1ec7nh vi\u1ec7n m\u00e0 b\u1ea1n c\u00f3 th\u1ec3 giao ti\u1ebfp b\u1eb1ng ti\u1ebfng Anh:<br \/>\nB\u1ec7nh vi\u1ec7n \u0111\u1ea1i h\u1ecdc Motol: <a href=\"https:\/\/www.fnmotol.cz\/en\/samoplatci\/health-care-services-for-foreigners\/\">https:\/\/www.fnmotol.cz\/en\/samoplatci\/health-care-services-for-foreigners\/<\/a><br \/>\nB\u1ec7nh vi\u1ec7n Trung \u01b0\u01a1ng Qu\u00e2n \u0111\u1ed9i: <\/span><a href=\"https:\/\/www.uvn.cz\/en\/\"><span style=\"font-weight: 400;\">https:\/\/www.uvn.cz\/en\/<\/span><\/a><span style=\"font-weight: 400;\">\u00a0<\/span><\/li>\n<li><span style=\"font-weight: 400;\">Trang web c\u1ee7a B\u1ed9 Y t\u1ebf: <\/span><a href=\"https:\/\/www.mzcr.cz\/\"><span style=\"font-weight: 400;\">https:\/\/www.mzcr.cz\/<\/span><\/a><\/li>\n<\/ul>\n<p><span data-sheets-formula-bar-text-style=\"font-size:15px;color:#000000;font-weight:normal;text-decoration:none;font-family:'Arial';font-style:normal;text-decoration-skip-ink:none;\">B\u1ea1n quan t\u00e2m t\u1edbi ch\u1ee7 \u0111\u1ec1 b\u1ea3o hi\u1ec3m y t\u1ebf? H\u00e3y \u0111\u1ecdc <\/span><a href=\"https:\/\/icpraha.com\/vi\/zdravotni-pojisteni-v-cr-viet\/\"><span data-sheets-formula-bar-text-style=\"font-size:15px;color:#000000;font-weight:bold;text-decoration:none;font-family:''Arial'';font-style:normal;text-decoration-skip-ink:none;\">b\u00e0i vi\u1ebft <\/span><\/a><span data-sheets-formula-bar-text-style=\"font-size:15px;color:#000000;font-weight:normal;text-decoration:none;font-family:'Arial';font-style:normal;text-decoration-skip-ink:none;\">c\u1ee7a ch\u00fang t\u00f4i.<\/span><\/p>\n<\/div><\/section><\/div><\/div><!--close column table wrapper. Autoclose: 1 -->\n","protected":false},"excerpt":{"rendered":"","protected":false},"author":6,"featured_media":0,"parent":0,"menu_order":0,"comment_status":"closed","ping_status":"closed","template":"","meta":{"footnotes":""},"class_list":["post-16731","page","type-page","status-publish","hentry"],"yoast_head":"<!-- This site is optimized with the Yoast SEO plugin v25.3 - https:\/\/yoast.com\/wordpress\/plugins\/seo\/ -->\n<title>Y T\u1ebe T\u1ea0I CH S\u00c9C - Integra\u010dn\u00ed centrum Praha<\/title>\n<meta name=\"robots\" content=\"noindex, follow, max-snippet:-1, max-image-preview:large, max-video-preview:-1\" \/>\n<meta property=\"og:locale\" content=\"vi_VN\" \/>\n<meta property=\"og:type\" content=\"article\" \/>\n<meta property=\"og:title\" content=\"Y T\u1ebe T\u1ea0I CH S\u00c9C - Integra\u010dn\u00ed centrum Praha\" \/>\n<meta property=\"og:url\" content=\"https:\/\/old.icpraha.com\/zdravotnictvi\/\" \/>\n<meta property=\"og:site_name\" content=\"Integra\u010dn\u00ed centrum Praha\" \/>\n<meta property=\"article:publisher\" content=\"https:\/\/www.facebook.com\/ICPraha\" \/>\n<meta property=\"article:modified_time\" content=\"2021-02-21T21:22:23+00:00\" \/>\n<meta property=\"og:image\" content=\"https:\/\/old.icpraha.com\/wp-content\/uploads\/2018\/11\/shareimg.png\" \/>\n\t<meta property=\"og:image:width\" content=\"1200\" \/>\n\t<meta property=\"og:image:height\" content=\"630\" \/>\n\t<meta property=\"og:image:type\" content=\"image\/png\" \/>\n<meta name=\"twitter:card\" content=\"summary_large_image\" \/>\n<meta name=\"twitter:site\" content=\"@ICPraha\" \/>\n<meta name=\"twitter:label1\" content=\"Est. reading time\" \/>\n\t<meta name=\"twitter:data1\" content=\"2 minutes\" \/>\n<script type=\"application\/ld+json\" class=\"yoast-schema-graph\">{\"@context\":\"https:\/\/schema.org\",\"@graph\":[{\"@type\":\"WebPage\",\"@id\":\"https:\/\/old.icpraha.com\/zdravotnictvi\/\",\"url\":\"https:\/\/old.icpraha.com\/zdravotnictvi\/\",\"name\":\"Y T\u1ebe T\u1ea0I CH S\u00c9C - Integra\u010dn\u00ed centrum Praha\",\"isPartOf\":{\"@id\":\"https:\/\/icpraha.com\/uk\/#website\"},\"datePublished\":\"2021-01-31T10:40:05+00:00\",\"dateModified\":\"2021-02-21T21:22:23+00:00\",\"breadcrumb\":{\"@id\":\"https:\/\/old.icpraha.com\/zdravotnictvi\/#breadcrumb\"},\"inLanguage\":\"vi-VN\",\"potentialAction\":[{\"@type\":\"ReadAction\",\"target\":[\"https:\/\/old.icpraha.com\/zdravotnictvi\/\"]}]},{\"@type\":\"BreadcrumbList\",\"@id\":\"https:\/\/old.icpraha.com\/zdravotnictvi\/#breadcrumb\",\"itemListElement\":[{\"@type\":\"ListItem\",\"position\":1,\"name\":\"Dom\u016f\",\"item\":\"https:\/\/icpraha.com\/vi\/\"},{\"@type\":\"ListItem\",\"position\":2,\"name\":\"Y T\u1ebe T\u1ea0I CH S\u00c9C\"}]},{\"@type\":\"WebSite\",\"@id\":\"https:\/\/icpraha.com\/uk\/#website\",\"url\":\"https:\/\/icpraha.com\/uk\/\",\"name\":\"Integra\u010dn\u00ed centrum Praha\",\"description\":\"Praha \u2013 Metropole v\u0161ech\",\"publisher\":{\"@id\":\"https:\/\/icpraha.com\/uk\/#organization\"},\"potentialAction\":[{\"@type\":\"SearchAction\",\"target\":{\"@type\":\"EntryPoint\",\"urlTemplate\":\"https:\/\/icpraha.com\/uk\/?s={search_term_string}\"},\"query-input\":{\"@type\":\"PropertyValueSpecification\",\"valueRequired\":true,\"valueName\":\"search_term_string\"}}],\"inLanguage\":\"vi-VN\"},{\"@type\":\"Organization\",\"@id\":\"https:\/\/icpraha.com\/uk\/#organization\",\"name\":\"Integra\u010dn\u00ed centrum Praha o.p.s.\",\"url\":\"https:\/\/icpraha.com\/uk\/\",\"logo\":{\"@type\":\"ImageObject\",\"inLanguage\":\"vi-VN\",\"@id\":\"https:\/\/icpraha.com\/uk\/#\/schema\/logo\/image\/\",\"url\":\"https:\/\/old.icpraha.com\/wp-content\/uploads\/2018\/08\/ICP-full-color-medium.png\",\"contentUrl\":\"https:\/\/old.icpraha.com\/wp-content\/uploads\/2018\/08\/ICP-full-color-medium.png\",\"width\":1000,\"height\":429,\"caption\":\"Integra\u010dn\u00ed centrum Praha o.p.s.\"},\"image\":{\"@id\":\"https:\/\/icpraha.com\/uk\/#\/schema\/logo\/image\/\"},\"sameAs\":[\"https:\/\/www.facebook.com\/ICPraha\",\"https:\/\/x.com\/ICPraha\",\"https:\/\/www.instagram.com\/icpraha\"]}]}<\/script>\n<!-- \/ Yoast SEO plugin. -->","yoast_head_json":{"title":"Y T\u1ebe T\u1ea0I CH S\u00c9C - Integra\u010dn\u00ed centrum Praha","robots":{"index":"noindex","follow":"follow","max-snippet":"max-snippet:-1","max-image-preview":"max-image-preview:large","max-video-preview":"max-video-preview:-1"},"og_locale":"vi_VN","og_type":"article","og_title":"Y T\u1ebe T\u1ea0I CH S\u00c9C - Integra\u010dn\u00ed centrum Praha","og_url":"https:\/\/old.icpraha.com\/zdravotnictvi\/","og_site_name":"Integra\u010dn\u00ed centrum Praha","article_publisher":"https:\/\/www.facebook.com\/ICPraha","article_modified_time":"2021-02-21T21:22:23+00:00","og_image":[{"width":1200,"height":630,"url":"https:\/\/old.icpraha.com\/wp-content\/uploads\/2018\/11\/shareimg.png","type":"image\/png"}],"twitter_card":"summary_large_image","twitter_site":"@ICPraha","twitter_misc":{"Est. reading time":"2 minutes"},"schema":{"@context":"https:\/\/schema.org","@graph":[{"@type":"WebPage","@id":"https:\/\/old.icpraha.com\/zdravotnictvi\/","url":"https:\/\/old.icpraha.com\/zdravotnictvi\/","name":"Y T\u1ebe T\u1ea0I CH S\u00c9C - Integra\u010dn\u00ed centrum Praha","isPartOf":{"@id":"https:\/\/icpraha.com\/uk\/#website"},"datePublished":"2021-01-31T10:40:05+00:00","dateModified":"2021-02-21T21:22:23+00:00","breadcrumb":{"@id":"https:\/\/old.icpraha.com\/zdravotnictvi\/#breadcrumb"},"inLanguage":"vi-VN","potentialAction":[{"@type":"ReadAction","target":["https:\/\/old.icpraha.com\/zdravotnictvi\/"]}]},{"@type":"BreadcrumbList","@id":"https:\/\/old.icpraha.com\/zdravotnictvi\/#breadcrumb","itemListElement":[{"@type":"ListItem","position":1,"name":"Dom\u016f","item":"https:\/\/icpraha.com\/vi\/"},{"@type":"ListItem","position":2,"name":"Y T\u1ebe T\u1ea0I CH S\u00c9C"}]},{"@type":"WebSite","@id":"https:\/\/icpraha.com\/uk\/#website","url":"https:\/\/icpraha.com\/uk\/","name":"Integra\u010dn\u00ed centrum Praha","description":"Praha \u2013 Metropole v\u0161ech","publisher":{"@id":"https:\/\/icpraha.com\/uk\/#organization"},"potentialAction":[{"@type":"SearchAction","target":{"@type":"EntryPoint","urlTemplate":"https:\/\/icpraha.com\/uk\/?s={search_term_string}"},"query-input":{"@type":"PropertyValueSpecification","valueRequired":true,"valueName":"search_term_string"}}],"inLanguage":"vi-VN"},{"@type":"Organization","@id":"https:\/\/icpraha.com\/uk\/#organization","name":"Integra\u010dn\u00ed centrum Praha o.p.s.","url":"https:\/\/icpraha.com\/uk\/","logo":{"@type":"ImageObject","inLanguage":"vi-VN","@id":"https:\/\/icpraha.com\/uk\/#\/schema\/logo\/image\/","url":"https:\/\/old.icpraha.com\/wp-content\/uploads\/2018\/08\/ICP-full-color-medium.png","contentUrl":"https:\/\/old.icpraha.com\/wp-content\/uploads\/2018\/08\/ICP-full-color-medium.png","width":1000,"height":429,"caption":"Integra\u010dn\u00ed centrum Praha o.p.s."},"image":{"@id":"https:\/\/icpraha.com\/uk\/#\/schema\/logo\/image\/"},"sameAs":["https:\/\/www.facebook.com\/ICPraha","https:\/\/x.com\/ICPraha","https:\/\/www.instagram.com\/icpraha"]}]}},"_links":{"self":[{"href":"https:\/\/old.icpraha.com\/vi\/wp-json\/wp\/v2\/pages\/16731","targetHints":{"allow":["GET"]}}],"collection":[{"href":"https:\/\/old.icpraha.com\/vi\/wp-json\/wp\/v2\/pages"}],"about":[{"href":"https:\/\/old.icpraha.com\/vi\/wp-json\/wp\/v2\/types\/page"}],"author":[{"embeddable":true,"href":"https:\/\/old.icpraha.com\/vi\/wp-json\/wp\/v2\/users\/6"}],"replies":[{"embeddable":true,"href":"https:\/\/old.icpraha.com\/vi\/wp-json\/wp\/v2\/comments?post=16731"}],"version-history":[{"count":0,"href":"https:\/\/old.icpraha.com\/vi\/wp-json\/wp\/v2\/pages\/16731\/revisions"}],"wp:attachment":[{"href":"https:\/\/old.icpraha.com\/vi\/wp-json\/wp\/v2\/media?parent=16731"}],"curies":[{"name":"wp","href":"https:\/\/api.w.org\/{rel}","templated":true}]}}