{"id":16792,"date":"2021-01-31T11:56:31","date_gmt":"2021-01-31T10:56:31","guid":{"rendered":"https:\/\/icpraha.com\/tehotenstvi-a-porod\/"},"modified":"2021-11-03T21:42:55","modified_gmt":"2021-11-03T20:42:55","slug":"mang-thai-va-sinh-no-tai-ch-sec","status":"publish","type":"page","link":"https:\/\/old.icpraha.com\/vi\/mang-thai-va-sinh-no-tai-ch-sec\/","title":{"rendered":"MANG THAI V\u00c0 SINH N\u1ede T\u1ea0I CH S\u00c9C"},"content":{"rendered":"<div id='av_section_1'  class='avia-section av-9ozze-f76b8117085b0f800b54e70e2bdc3cd8 main_color avia-section-default avia-no-border-styling  avia-builder-el-0  avia-builder-el-no-sibling  avia-bg-style-scroll container_wrap fullsize'  ><div class='container av-section-cont-open' ><main  role=\"main\" itemprop=\"mainContentOfPage\"  class='template-page content  av-content-full alpha units'><div class='post-entry post-entry-type-page post-entry-16792'><div class='entry-content-wrapper clearfix'>\n<div class='flex_column_table av-bp233-c5a7a4ccbb11283ed3884f57b4fdb209 sc-av_one_full av-equal-height-column-flextable'>\n<style type=\"text\/css\" data-created_by=\"avia_inline_auto\" id=\"style-css-av-bp233-c5a7a4ccbb11283ed3884f57b4fdb209\">\n#top .flex_column_table.av-equal-height-column-flextable.av-bp233-c5a7a4ccbb11283ed3884f57b4fdb209{\nmargin-top:0px;\nmargin-bottom:30px;\n}\n.flex_column.av-bp233-c5a7a4ccbb11283ed3884f57b4fdb209{\nborder-radius:10px 10px 10px 10px;\npadding:150px 30px 150px 30px;\nbackground:url(https:\/\/old.icpraha.com\/wp-content\/uploads\/2020\/08\/photo-1504151671506-6312eceb0f18.jpg) 100% 50% no-repeat scroll rgba(0,0,0,0.6);\n}\n<\/style>\n<div  class='flex_column av-bp233-c5a7a4ccbb11283ed3884f57b4fdb209 av_one_full  avia-builder-el-1  el_before_av_one_full  avia-builder-el-first  shadow blend first flex_column_table_cell av-equal-height-column av-align-middle avia-full-stretch  '     ><style type=\"text\/css\" data-created_by=\"avia_inline_auto\" id=\"style-css-av-jkaxdisn-a3c96d983f2c6d594152475aeb1fedde\">\n#top .av_textblock_section.av-jkaxdisn-a3c96d983f2c6d594152475aeb1fedde .avia_textblock{\nfont-size:18px;\ncolor:#ffffff;\n}\n<\/style>\n<section  class='av_textblock_section av-jkaxdisn-a3c96d983f2c6d594152475aeb1fedde '   itemscope=\"itemscope\" itemtype=\"https:\/\/schema.org\/CreativeWork\" ><div class='avia_textblock av_inherit_color'  itemprop=\"text\" ><h1 style=\"text-align: center;\">MANG THAI V\u00c0 SINH N\u1ede T\u1ea0I CH S\u00c9C<\/h1>\n<h3 style=\"text-align: center;\">C\u00e1c \u0111\u01b0\u1eddng link quan tr\u1ecdng<\/h3>\n<\/div><\/section><\/div><\/div><!--close column table wrapper. Autoclose: 1 --><div class='flex_column_table av-bp233-1a65a6ced44d990e41cdf326b1ec8f20 sc-av_one_full av-equal-height-column-flextable'>\n<style type=\"text\/css\" data-created_by=\"avia_inline_auto\" id=\"style-css-av-bp233-1a65a6ced44d990e41cdf326b1ec8f20\">\n#top .flex_column_table.av-equal-height-column-flextable.av-bp233-1a65a6ced44d990e41cdf326b1ec8f20{\nmargin-top:0px;\nmargin-bottom:30px;\n}\n.flex_column.av-bp233-1a65a6ced44d990e41cdf326b1ec8f20{\nborder-radius:10px 10px 10px 10px;\npadding:30px 30px 30px 30px;\nbackground-color:#ffffff;\n}\n<\/style>\n<div  class='flex_column av-bp233-1a65a6ced44d990e41cdf326b1ec8f20 av_one_full  avia-builder-el-3  el_after_av_one_full  avia-builder-el-last  shadow first flex_column_table_cell av-equal-height-column av-align-top  column-top-margin'     ><section  class='av_textblock_section av-jkaxdisn-26fc6014e988ed687f5cf281ea118405 '   itemscope=\"itemscope\" itemtype=\"https:\/\/schema.org\/CreativeWork\" ><div class='avia_textblock'  itemprop=\"text\" ><h3><strong>C\u00e1c \u0111\u01b0\u1eddng link quan tr\u1ecdng:<\/strong><\/h3>\n<ul>\n<li><span style=\"font-weight: 400;\">Trang web v\u1ec1 vi\u1ec7c mang thai v\u00e0 sinh n\u1edf t\u1ea1i CH S\u00e9c:<br \/>\nMKC: <a href=\"https:\/\/mamouvcr.mkc.cz\/\">https:\/\/mamouvcr.mkc.cz\/<\/a><br \/>\nSIMI: <a href=\"https:\/\/www.migrace.com\/adm\/_upload\/docs\/jsem-tehotna_viet_2020-06-03_1591349027.pdf\">https:\/\/www.migrace.com\/adm\/_upload\/docs\/jsem-tehotna_viet_2020-06-03_1591349027.pdf<\/a><\/span><\/li>\n<li>Th\u00f4ng tin v\u1ec1 doulas: <a href=\"https:\/\/www.duly.cz\/doula-en\/\">https:\/\/www.duly.cz\/doula-en\/<\/a><\/li>\n<li>Trang web ch\u00ednh th\u1ee9c c\u1ee7a B\u1ed9 lao \u0111\u1ed9ng v\u00e0 x\u00e3 h\u1ed9i: <a href=\"http:\/\/www.mpsv.cz\/\"><span style=\"font-weight: 400;\">www.mpsv.cz<\/span><\/a><\/li>\n<\/ul>\n<p><strong>Ch\u00fang t\u00f4i c\u0169ng \u0111\u00e3 chu\u1ea9n b\u1ecb m\u1ed9t b\u00e0i vi\u1ebft chi ti\u1ebft cho b\u1ea1n v\u1ec1 ch\u1ee7 \u0111\u1ec1 mang thai v\u00e0 sinh con. B\u1ea1n c\u00f3 th\u1ec3 t\u00ecm th\u1ea5y n\u00f3 <a href=\"https:\/\/icpraha.com\/vi\/mang-thai-va-sinh-con-tai-ch-sec\/\">\u1edf \u0111\u00e2y<\/a>.<\/strong><\/p>\n<\/div><\/section><\/div><\/div><!--close column table wrapper. Autoclose: 1 -->\n","protected":false},"excerpt":{"rendered":"","protected":false},"author":6,"featured_media":0,"parent":0,"menu_order":0,"comment_status":"closed","ping_status":"closed","template":"","meta":{"footnotes":""},"class_list":["post-16792","page","type-page","status-publish","hentry"],"yoast_head":"<!-- This site is optimized with the Yoast SEO plugin v25.3 - https:\/\/yoast.com\/wordpress\/plugins\/seo\/ -->\n<title>MANG THAI V\u00c0 SINH N\u1ede T\u1ea0I CH S\u00c9C - Integra\u010dn\u00ed centrum Praha<\/title>\n<meta name=\"robots\" content=\"noindex, follow, max-snippet:-1, max-image-preview:large, max-video-preview:-1\" \/>\n<meta property=\"og:locale\" content=\"vi_VN\" \/>\n<meta property=\"og:type\" content=\"article\" \/>\n<meta property=\"og:title\" content=\"MANG THAI V\u00c0 SINH N\u1ede T\u1ea0I CH S\u00c9C - Integra\u010dn\u00ed centrum Praha\" \/>\n<meta property=\"og:url\" content=\"https:\/\/old.icpraha.com\/tehotenstvi-a-porod\/\" \/>\n<meta property=\"og:site_name\" content=\"Integra\u010dn\u00ed centrum Praha\" \/>\n<meta property=\"article:publisher\" content=\"https:\/\/www.facebook.com\/ICPraha\" \/>\n<meta property=\"article:modified_time\" content=\"2021-11-03T20:42:55+00:00\" \/>\n<meta property=\"og:image\" content=\"https:\/\/old.icpraha.com\/wp-content\/uploads\/2018\/11\/shareimg.png\" \/>\n\t<meta property=\"og:image:width\" content=\"1200\" \/>\n\t<meta property=\"og:image:height\" content=\"630\" \/>\n\t<meta property=\"og:image:type\" content=\"image\/png\" \/>\n<meta name=\"twitter:card\" content=\"summary_large_image\" \/>\n<meta name=\"twitter:site\" content=\"@ICPraha\" \/>\n<meta name=\"twitter:label1\" content=\"Est. reading time\" \/>\n\t<meta name=\"twitter:data1\" content=\"1 minute\" \/>\n<script type=\"application\/ld+json\" class=\"yoast-schema-graph\">{\"@context\":\"https:\/\/schema.org\",\"@graph\":[{\"@type\":\"WebPage\",\"@id\":\"https:\/\/old.icpraha.com\/tehotenstvi-a-porod\/\",\"url\":\"https:\/\/old.icpraha.com\/tehotenstvi-a-porod\/\",\"name\":\"MANG THAI V\u00c0 SINH N\u1ede T\u1ea0I CH S\u00c9C - Integra\u010dn\u00ed centrum Praha\",\"isPartOf\":{\"@id\":\"https:\/\/icpraha.com\/uk\/#website\"},\"datePublished\":\"2021-01-31T10:56:31+00:00\",\"dateModified\":\"2021-11-03T20:42:55+00:00\",\"breadcrumb\":{\"@id\":\"https:\/\/old.icpraha.com\/tehotenstvi-a-porod\/#breadcrumb\"},\"inLanguage\":\"vi-VN\",\"potentialAction\":[{\"@type\":\"ReadAction\",\"target\":[\"https:\/\/old.icpraha.com\/tehotenstvi-a-porod\/\"]}]},{\"@type\":\"BreadcrumbList\",\"@id\":\"https:\/\/old.icpraha.com\/tehotenstvi-a-porod\/#breadcrumb\",\"itemListElement\":[{\"@type\":\"ListItem\",\"position\":1,\"name\":\"Dom\u016f\",\"item\":\"https:\/\/icpraha.com\/vi\/\"},{\"@type\":\"ListItem\",\"position\":2,\"name\":\"MANG THAI V\u00c0 SINH N\u1ede T\u1ea0I CH S\u00c9C\"}]},{\"@type\":\"WebSite\",\"@id\":\"https:\/\/icpraha.com\/uk\/#website\",\"url\":\"https:\/\/icpraha.com\/uk\/\",\"name\":\"Integra\u010dn\u00ed centrum Praha\",\"description\":\"Praha \u2013 Metropole v\u0161ech\",\"publisher\":{\"@id\":\"https:\/\/icpraha.com\/uk\/#organization\"},\"potentialAction\":[{\"@type\":\"SearchAction\",\"target\":{\"@type\":\"EntryPoint\",\"urlTemplate\":\"https:\/\/icpraha.com\/uk\/?s={search_term_string}\"},\"query-input\":{\"@type\":\"PropertyValueSpecification\",\"valueRequired\":true,\"valueName\":\"search_term_string\"}}],\"inLanguage\":\"vi-VN\"},{\"@type\":\"Organization\",\"@id\":\"https:\/\/icpraha.com\/uk\/#organization\",\"name\":\"Integra\u010dn\u00ed centrum Praha o.p.s.\",\"url\":\"https:\/\/icpraha.com\/uk\/\",\"logo\":{\"@type\":\"ImageObject\",\"inLanguage\":\"vi-VN\",\"@id\":\"https:\/\/icpraha.com\/uk\/#\/schema\/logo\/image\/\",\"url\":\"https:\/\/old.icpraha.com\/wp-content\/uploads\/2018\/08\/ICP-full-color-medium.png\",\"contentUrl\":\"https:\/\/old.icpraha.com\/wp-content\/uploads\/2018\/08\/ICP-full-color-medium.png\",\"width\":1000,\"height\":429,\"caption\":\"Integra\u010dn\u00ed centrum Praha o.p.s.\"},\"image\":{\"@id\":\"https:\/\/icpraha.com\/uk\/#\/schema\/logo\/image\/\"},\"sameAs\":[\"https:\/\/www.facebook.com\/ICPraha\",\"https:\/\/x.com\/ICPraha\",\"https:\/\/www.instagram.com\/icpraha\"]}]}<\/script>\n<!-- \/ Yoast SEO plugin. -->","yoast_head_json":{"title":"MANG THAI V\u00c0 SINH N\u1ede T\u1ea0I CH S\u00c9C - Integra\u010dn\u00ed centrum Praha","robots":{"index":"noindex","follow":"follow","max-snippet":"max-snippet:-1","max-image-preview":"max-image-preview:large","max-video-preview":"max-video-preview:-1"},"og_locale":"vi_VN","og_type":"article","og_title":"MANG THAI V\u00c0 SINH N\u1ede T\u1ea0I CH S\u00c9C - Integra\u010dn\u00ed centrum Praha","og_url":"https:\/\/old.icpraha.com\/tehotenstvi-a-porod\/","og_site_name":"Integra\u010dn\u00ed centrum Praha","article_publisher":"https:\/\/www.facebook.com\/ICPraha","article_modified_time":"2021-11-03T20:42:55+00:00","og_image":[{"width":1200,"height":630,"url":"https:\/\/old.icpraha.com\/wp-content\/uploads\/2018\/11\/shareimg.png","type":"image\/png"}],"twitter_card":"summary_large_image","twitter_site":"@ICPraha","twitter_misc":{"Est. reading time":"1 minute"},"schema":{"@context":"https:\/\/schema.org","@graph":[{"@type":"WebPage","@id":"https:\/\/old.icpraha.com\/tehotenstvi-a-porod\/","url":"https:\/\/old.icpraha.com\/tehotenstvi-a-porod\/","name":"MANG THAI V\u00c0 SINH N\u1ede T\u1ea0I CH S\u00c9C - Integra\u010dn\u00ed centrum Praha","isPartOf":{"@id":"https:\/\/icpraha.com\/uk\/#website"},"datePublished":"2021-01-31T10:56:31+00:00","dateModified":"2021-11-03T20:42:55+00:00","breadcrumb":{"@id":"https:\/\/old.icpraha.com\/tehotenstvi-a-porod\/#breadcrumb"},"inLanguage":"vi-VN","potentialAction":[{"@type":"ReadAction","target":["https:\/\/old.icpraha.com\/tehotenstvi-a-porod\/"]}]},{"@type":"BreadcrumbList","@id":"https:\/\/old.icpraha.com\/tehotenstvi-a-porod\/#breadcrumb","itemListElement":[{"@type":"ListItem","position":1,"name":"Dom\u016f","item":"https:\/\/icpraha.com\/vi\/"},{"@type":"ListItem","position":2,"name":"MANG THAI V\u00c0 SINH N\u1ede T\u1ea0I CH S\u00c9C"}]},{"@type":"WebSite","@id":"https:\/\/icpraha.com\/uk\/#website","url":"https:\/\/icpraha.com\/uk\/","name":"Integra\u010dn\u00ed centrum Praha","description":"Praha \u2013 Metropole v\u0161ech","publisher":{"@id":"https:\/\/icpraha.com\/uk\/#organization"},"potentialAction":[{"@type":"SearchAction","target":{"@type":"EntryPoint","urlTemplate":"https:\/\/icpraha.com\/uk\/?s={search_term_string}"},"query-input":{"@type":"PropertyValueSpecification","valueRequired":true,"valueName":"search_term_string"}}],"inLanguage":"vi-VN"},{"@type":"Organization","@id":"https:\/\/icpraha.com\/uk\/#organization","name":"Integra\u010dn\u00ed centrum Praha o.p.s.","url":"https:\/\/icpraha.com\/uk\/","logo":{"@type":"ImageObject","inLanguage":"vi-VN","@id":"https:\/\/icpraha.com\/uk\/#\/schema\/logo\/image\/","url":"https:\/\/old.icpraha.com\/wp-content\/uploads\/2018\/08\/ICP-full-color-medium.png","contentUrl":"https:\/\/old.icpraha.com\/wp-content\/uploads\/2018\/08\/ICP-full-color-medium.png","width":1000,"height":429,"caption":"Integra\u010dn\u00ed centrum Praha o.p.s."},"image":{"@id":"https:\/\/icpraha.com\/uk\/#\/schema\/logo\/image\/"},"sameAs":["https:\/\/www.facebook.com\/ICPraha","https:\/\/x.com\/ICPraha","https:\/\/www.instagram.com\/icpraha"]}]}},"_links":{"self":[{"href":"https:\/\/old.icpraha.com\/vi\/wp-json\/wp\/v2\/pages\/16792","targetHints":{"allow":["GET"]}}],"collection":[{"href":"https:\/\/old.icpraha.com\/vi\/wp-json\/wp\/v2\/pages"}],"about":[{"href":"https:\/\/old.icpraha.com\/vi\/wp-json\/wp\/v2\/types\/page"}],"author":[{"embeddable":true,"href":"https:\/\/old.icpraha.com\/vi\/wp-json\/wp\/v2\/users\/6"}],"replies":[{"embeddable":true,"href":"https:\/\/old.icpraha.com\/vi\/wp-json\/wp\/v2\/comments?post=16792"}],"version-history":[{"count":0,"href":"https:\/\/old.icpraha.com\/vi\/wp-json\/wp\/v2\/pages\/16792\/revisions"}],"wp:attachment":[{"href":"https:\/\/old.icpraha.com\/vi\/wp-json\/wp\/v2\/media?parent=16792"}],"curies":[{"name":"wp","href":"https:\/\/api.w.org\/{rel}","templated":true}]}}