{"id":4300,"date":"2018-09-27T11:38:39","date_gmt":"2018-09-27T10:38:39","guid":{"rendered":"http:\/\/icpraha.com\/?page_id=4300"},"modified":"2024-11-08T18:57:14","modified_gmt":"2024-11-08T17:57:14","slug":"tu-van","status":"publish","type":"page","link":"https:\/\/old.icpraha.com\/vi\/tu-van\/","title":{"rendered":"T\u01b0 v\u1ea5n"},"content":{"rendered":"<div id='poradenstvi'  class='avia-section av-931wd-ea953981f9ab0227fab980a981bc39b1 main_color avia-section-default avia-no-border-styling  avia-builder-el-0  avia-builder-el-no-sibling  avia-bg-style-scroll container_wrap fullsize'  ><div class='container av-section-cont-open' ><main  role=\"main\" itemprop=\"mainContentOfPage\"  class='template-page content  av-content-full alpha units'><div class='post-entry post-entry-type-page post-entry-4300'><div class='entry-content-wrapper clearfix'>\n<div class='flex_column_table av-bp233-eee4205b881d80d747a9f44cd78b69e0 sc-av_two_third av-equal-height-column-flextable'>\n<style type=\"text\/css\" data-created_by=\"avia_inline_auto\" id=\"style-css-av-bp233-eee4205b881d80d747a9f44cd78b69e0\">\n#top .flex_column_table.av-equal-height-column-flextable.av-bp233-eee4205b881d80d747a9f44cd78b69e0{\nmargin-top:0px;\nmargin-bottom:30px;\n}\n.flex_column.av-bp233-eee4205b881d80d747a9f44cd78b69e0{\nborder-radius:10px 10px 10px 10px;\npadding:120px 30px 120px 30px;\nbackground:url(https:\/\/old.icpraha.com\/wp-content\/uploads\/2018\/08\/rawpixel-760028-unsplash-1030x701.jpg) 0% 50% repeat-x scroll rgba(0,0,0,0.6);\n}\n<\/style>\n<div  class='flex_column av-bp233-eee4205b881d80d747a9f44cd78b69e0 av_two_third  avia-builder-el-1  el_before_av_one_third  avia-builder-el-first  shadow blend first flex_column_table_cell av-equal-height-column av-align-middle  '     ><style type=\"text\/css\" data-created_by=\"avia_inline_auto\" id=\"style-css-av-jkaxdisn-91b9282c5ecf7ecba229c1b121e03cb8\">\n#top .av_textblock_section.av-jkaxdisn-91b9282c5ecf7ecba229c1b121e03cb8 .avia_textblock{\nfont-size:18px;\ncolor:#ffffff;\n}\n<\/style>\n<section  class='av_textblock_section av-jkaxdisn-91b9282c5ecf7ecba229c1b121e03cb8 '   itemscope=\"itemscope\" itemtype=\"https:\/\/schema.org\/CreativeWork\" ><div class='avia_textblock av_inherit_color'  itemprop=\"text\" ><h1 style=\"text-align: center;\">T\u01af V\u1ea4N<\/h1>\n<\/div><\/section><\/div><div class='av-flex-placeholder'><\/div>\n<style type=\"text\/css\" data-created_by=\"avia_inline_auto\" id=\"style-css-av-bp233-19-4e57dacd730229a409be720ec829e982\">\n#top .flex_column_table.av-equal-height-column-flextable.av-bp233-19-4e57dacd730229a409be720ec829e982{\nmargin-top:0px;\nmargin-bottom:30px;\n}\n.flex_column.av-bp233-19-4e57dacd730229a409be720ec829e982{\nborder-radius:10px 10px 10px 10px;\npadding:30px 30px 30px 30px;\nbackground-color:#148a73;\nbackground:linear-gradient( to top right, #148a73, #97b34d );\n}\n<\/style>\n<div  class='flex_column av-bp233-19-4e57dacd730229a409be720ec829e982 av_one_third  avia-builder-el-3  el_after_av_two_third  el_before_av_one_half  shadow flex_column_table_cell av-equal-height-column av-align-middle  '     ><style type=\"text\/css\" data-created_by=\"avia_inline_auto\" id=\"style-css-av-jkaxdisn-18-02aaaf2212fd1bbfafa928fbc1ca733b\">\n#top .av_textblock_section.av-jkaxdisn-18-02aaaf2212fd1bbfafa928fbc1ca733b .avia_textblock{\nfont-size:15px;\ncolor:#ffffff;\n}\n<\/style>\n<section  class='av_textblock_section av-jkaxdisn-18-02aaaf2212fd1bbfafa928fbc1ca733b '   itemscope=\"itemscope\" itemtype=\"https:\/\/schema.org\/CreativeWork\" ><div class='avia_textblock av_inherit_color'  itemprop=\"text\" ><p style=\"text-align: center;\">C\u00e1c chuy\u00ean gia t\u01b0 v\u1ea5n gi\u00fap \u0111\u1ee1 gi\u1ea3i quy\u1ebft c\u00e1c t\u00ecnh hu\u1ed1ng kh\u00e1c nhau trong cu\u1ed9c s\u1ed1ng m\u00e0 b\u1ea1n kh\u00f4ng bi\u1ebft ph\u1ea3i l\u00e0m sao hay b\u1ea1n ch\u1ec9 c\u1ea7n x\u00e1c nh\u1eadn l\u00e0 m\u00ecnh \u0111ang gi\u1ea3i quy\u1ebft v\u1ea5n \u0111\u1ec1 \u0111\u00fang h\u01b0\u1edbng (c\u00e1c v\u00ed d\u1ee5 \u1edf d\u01b0\u1edbi). C\u00e1c bu\u1ed5i t\u01b0 v\u1ea5n ch\u1ea5t l\u01b0\u1ee3ng cao c\u1ee7a ch\u00fang t\u00f4i \u0111\u01b0\u1ee3c h\u00ecnh th\u00e0nh qua nhi\u1ec1u n\u0103m kinh nghi\u1ec7m. Ch\u00fang t\u00f4i c\u1ed1 g\u1eafng \u0111\u1ec3 c\u00e1c d\u1ecbch v\u1ee5 c\u1ee7a m\u00ecnh c\u00f3 th\u1ec3 ph\u00f9 h\u1ee3p nh\u1ea5t v\u1edbi b\u1ea1n. T\u1ea5t c\u1ea3 c\u00e1c d\u1ecbch v\u1ee5 l\u00e0 ho\u00e0n to\u00e0n mi\u1ec5n ph\u00ed! V\u1eady n\u00ean b\u1ea1n \u0111\u1eebng do d\u1ef1 trong vi\u1ec7c li\u00ean h\u1ec7 v\u1edbi ch\u00fang t\u00f4i!<\/p>\n<h2 style=\"text-align: center;\"><a href=\"callto:+420 252 543\u00a0846\">+420 252 543\u00a0846<\/a><\/h2>\n<\/div><\/section><\/div><\/div><!--close column table wrapper. Autoclose: 1 --><div class='flex_column_table av-bp233-13-b6623e5c9be47387659b72d126922418 sc-av_one_half av-equal-height-column-flextable'>\n<style type=\"text\/css\" data-created_by=\"avia_inline_auto\" id=\"style-css-av-bp233-13-b6623e5c9be47387659b72d126922418\">\n#top .flex_column_table.av-equal-height-column-flextable.av-bp233-13-b6623e5c9be47387659b72d126922418{\nmargin-top:0px;\nmargin-bottom:30px;\n}\n.flex_column.av-bp233-13-b6623e5c9be47387659b72d126922418{\nborder-radius:10px 10px 10px 10px;\npadding:30px 30px 30px 30px;\nbackground-color:#ffffff;\n}\n<\/style>\n<div  class='flex_column av-bp233-13-b6623e5c9be47387659b72d126922418 av_one_half  avia-builder-el-5  el_after_av_one_third  el_before_av_one_half  shadow first flex_column_table_cell av-equal-height-column av-align-top  column-top-margin'     ><section  class='av_textblock_section av-jkaxdisn-12-2ef901cd14f44072631fb4b733c83c71 '   itemscope=\"itemscope\" itemtype=\"https:\/\/schema.org\/CreativeWork\" ><div class='avia_textblock'  itemprop=\"text\" ><h1>T\u01b0 v\u1ea5n ph\u00e1p l\u00fd<\/h1>\n<p><strong>Ch\u00fang t\u00f4i hay t\u01b0 v\u1ea5n nh\u1eefng g\u00ec t\u1ea1i c\u00e1c bu\u1ed5i t\u01b0 v\u1ea5n ph\u00e1p l\u00fd?<\/strong><\/p>\n<ul>\n<li>gia h\u1ea1n c\u01b0 tr\u00fa, thay \u0111\u1ed5i m\u1ee5c \u0111\u00edch c\u01b0 tr\u00fa, \u0111\u01a1n xin c\u01b0 tr\u00fa v\u00e0 kh\u00e1ng c\u00e1o<\/li>\n<li>\u0111o\u00e0n t\u1ee5 gia \u0111\u00ecnh<\/li>\n<li>\u0111\u01a1n xin nh\u1eadp qu\u1ed1c t\u1ecbch<\/li>\n<li>ki\u1ec3m tra t\u00e0i li\u1ec7u v\u00e0 h\u1ed7 tr\u1ee3 trong vi\u1ec7c hi\u1ec3u r\u00f5 c\u00e1c gi\u1ea5y t\u1edd h\u00e0nh ch\u00ednh, \u0111\u1eb7c bi\u1ec7t l\u00e0 c\u1ee7a B\u1ed9 N\u1ed9i v\u1ee5 CH S\u00e9c.<\/li>\n<li>t\u01b0 v\u1ea5n c\u01a1 b\u1ea3n li\u00ean quan t\u1edbi c\u00e1c h\u1ee3p \u0111\u1ed3ng (thu\u00ea b\u1ea5t \u0111\u1ed9ng s\u1ea3n, h\u1ee3p \u0111\u1ed3ng lao \u0111\u1ed9ng v.v\u2026)<\/li>\n<li>ch\u00fang t\u00f4i c\u0169ng cung c\u1ea5p d\u1ecbch v\u1ee5 t\u01b0 v\u1ea5n c\u01a1 b\u1ea3n trong c\u00e1c l\u0129nh v\u1ef1c: k\u1ebft h\u00f4n v\u00e0 ly d\u1ecb, gi\u00fap \u0111\u1ee1 khi b\u1ecb ph\u00e2n bi\u1ec7t \u0111\u1ed1i x\u1eed, c\u00f4ng ch\u1ee9ng c\u00e1c gi\u1ea5y t\u1edd v.v.<\/li>\n<li>T\u01b0 v\u1ea5n v\u1ec1 th\u1ee7 t\u1ee5c \u0111\u1ec7 \u0111\u01a1n xin qu\u1ed1c t\u1ecbch (v\u00ed d\u1ee5: th\u1ee7 t\u1ee5c t\u1ed1 t\u1ee5ng \u0111ang x\u1eed l\u00fd)<\/li>\n<\/ul>\n<\/div><\/section><br \/>\n<div  class='avia-button-wrap av-m390ybf6-1eb2902352175511d0f854b2ba49a249-wrap avia-button-left  avia-builder-el-7  el_after_av_textblock  avia-builder-el-last '><a href='https:\/\/icpraha.com\/vi\/tu-van\/tu-van-phap-ly\/' class='avia-button av-m390ybf6-1eb2902352175511d0f854b2ba49a249 av-link-btn avia-icon_select-no avia-size-large avia-position-left avia-color-theme-color' target=\"_blank\" rel=\"noopener noreferrer\" aria-label=\"Th\u00eam th\u00f4ng tin v\u1ec1 t\u01b0 v\u1ea5n ph\u00e1p l\u00fd\"><span class='avia_iconbox_title' >Th\u00eam th\u00f4ng tin v\u1ec1 t\u01b0 v\u1ea5n ph\u00e1p l\u00fd<\/span><\/a><\/div><\/p><\/div><div class='av-flex-placeholder'><\/div>\n<style type=\"text\/css\" data-created_by=\"avia_inline_auto\" id=\"style-css-av-bp233-11-89c89024cd16903e3b37e87c952fdbd6\">\n#top .flex_column_table.av-equal-height-column-flextable.av-bp233-11-89c89024cd16903e3b37e87c952fdbd6{\nmargin-top:0px;\nmargin-bottom:30px;\n}\n.flex_column.av-bp233-11-89c89024cd16903e3b37e87c952fdbd6{\nborder-radius:10px 10px 10px 10px;\npadding:30px 30px 30px 30px;\nbackground-color:#ffffff;\n}\n<\/style>\n<div  class='flex_column av-bp233-11-89c89024cd16903e3b37e87c952fdbd6 av_one_half  avia-builder-el-8  el_after_av_one_half  avia-builder-el-last  shadow flex_column_table_cell av-equal-height-column av-align-top  column-top-margin'     ><section  class='av_textblock_section av-jkaxdisn-10-f75999697aa8af15c9376d90f91f0069 '   itemscope=\"itemscope\" itemtype=\"https:\/\/schema.org\/CreativeWork\" ><div class='avia_textblock'  itemprop=\"text\" ><h1>T\u01b0 v\u1ea5n x\u00e3 h\u1ed9I chuy\u00ean nghi\u1ec7p<\/h1>\n<p><strong>Ch\u00fang t\u00f4i hay t\u01b0 v\u1ea5n nh\u1eefng g\u00ec t\u1ea1i c\u00e1c bu\u1ed5i t\u01b0 v\u1ea5n x\u00e3 h\u1ed9i?<\/strong><\/p>\n<ul>\n<li>t\u00ecm tr\u01b0\u1eddng m\u1eabu gi\u00e1o, ti\u1ec3u h\u1ecdc, trung h\u1ecdc v\u00e0 ph\u1ed5 th\u00f4ng v\u00e0 giao ti\u1ebfp v\u1edbi c\u00e1c tr\u01b0\u1eddng<\/li>\n<li>c\u00f4ng nh\u1eadn v\u0103n b\u1eb1ng t\u01b0\u01a1ng \u0111\u01b0\u01a1ng do n\u01b0\u1edbc ngo\u00e0i c\u1ea5p (nostrifikace)<\/li>\n<li>t\u00ecm b\u00e1c s\u0129, c\u00e1c th\u00f4ng tin v\u1ec1 b\u1ea3o hi\u1ec3m s\u1ee9c kh\u1ecfe<\/li>\n<li>t\u01b0 v\u1ea5n c\u00e1c v\u1ea5n \u0111\u1ec1 li\u00ean quan \u0111\u1ebfn h\u00f4n nh\u00e2n, sinh con v\u00e0 t\u1eeb tr\u1ea7n<\/li>\n<li>t\u01b0 v\u1ea5n \u0111\u1ec7 \u0111\u01a1n xin qu\u1ed1c t\u1ecbch<\/li>\n<li>h\u1ed7 tr\u1ee3 t\u00ecm nh\u00e0 \u1edf<\/li>\n<li>h\u1ed7 tr\u1ee3 t\u00ecm vi\u1ec7c l\u00e0m, \u0111i\u1ec1n \u0111\u01a1n t\u1eeb v\u00e0 s\u01a1 y\u1ebfu l\u00fd l\u1ecbch<\/li>\n<li>h\u1ed7 tr\u1ee3 \u0111\u01b0a \u0111i \u1ee7y ban v\u00e0 tr\u1ee3 gi\u00fap chuy\u00ean nghi\u1ec7p trong vi\u1ec7c giao ti\u1ebfp v\u1edbi c\u00e1c \u1ee7y ban<\/li>\n<li>t\u01b0 v\u1ea5n c\u01a1 b\u1ea3n v\u1ec1 v\u1ea5n \u0111\u1ec1 l\u01b0\u01a1ng h\u01b0u v\u00e0 c\u00e1c kho\u1ea3n ti\u1ec1n tr\u1ee3 c\u1ea5p x\u00e3 h\u1ed9i<\/li>\n<\/ul>\n<\/div><\/section><br \/>\n<div  class='avia-button-wrap av-jxwzrepl-a3d230a5c1c38b0168c0989f0dae1a1c-wrap avia-button-left  avia-builder-el-10  el_after_av_textblock  avia-builder-el-last '><a href='https:\/\/old.icpraha.com\/vi\/tu-van\/tu-van-xa-hoi-chuyen-nghiep\/'  class='avia-button av-jxwzrepl-a3d230a5c1c38b0168c0989f0dae1a1c av-link-btn avia-icon_select-no avia-size-large avia-position-left avia-color-theme-color'  target=\"_blank\"  rel=\"noopener noreferrer\"  aria-label=\"Th\u00f4ng tin th\u00eam v\u1ec1 t\u01b0 v\u1ea5n x\u00e3 h\u1ed9i.\"><span class='avia_iconbox_title' >Th\u00f4ng tin th\u00eam v\u1ec1 t\u01b0 v\u1ea5n x\u00e3 h\u1ed9i.<\/span><\/a><\/div><\/p><\/div><\/div><!--close column table wrapper. Autoclose: 1 -->\n","protected":false},"excerpt":{"rendered":"","protected":false},"author":1,"featured_media":0,"parent":0,"menu_order":0,"comment_status":"closed","ping_status":"closed","template":"","meta":{"footnotes":""},"class_list":["post-4300","page","type-page","status-publish","hentry"],"yoast_head":"<!-- This site is optimized with the Yoast SEO plugin v25.3 - https:\/\/yoast.com\/wordpress\/plugins\/seo\/ -->\n<title>T\u01b0 v\u1ea5n - Integra\u010dn\u00ed centrum Praha<\/title>\n<meta name=\"robots\" content=\"noindex, follow, max-snippet:-1, max-image-preview:large, max-video-preview:-1\" \/>\n<meta property=\"og:locale\" content=\"vi_VN\" \/>\n<meta property=\"og:type\" content=\"article\" \/>\n<meta property=\"og:title\" content=\"T\u01b0 v\u1ea5n - Integra\u010dn\u00ed centrum Praha\" \/>\n<meta property=\"og:url\" content=\"https:\/\/icpraha.com\/vi\/tu-van\/\" \/>\n<meta property=\"og:site_name\" content=\"Integra\u010dn\u00ed centrum Praha\" \/>\n<meta property=\"article:publisher\" content=\"https:\/\/www.facebook.com\/ICPraha\" \/>\n<meta property=\"article:modified_time\" content=\"2024-11-08T17:57:14+00:00\" \/>\n<meta property=\"og:image\" content=\"https:\/\/old.icpraha.com\/wp-content\/uploads\/2018\/11\/shareimg.png\" \/>\n\t<meta property=\"og:image:width\" content=\"1200\" \/>\n\t<meta property=\"og:image:height\" content=\"630\" \/>\n\t<meta property=\"og:image:type\" content=\"image\/png\" \/>\n<meta name=\"twitter:card\" content=\"summary_large_image\" \/>\n<meta name=\"twitter:site\" content=\"@ICPraha\" \/>\n<meta name=\"twitter:label1\" content=\"Est. reading time\" \/>\n\t<meta name=\"twitter:data1\" content=\"3 minutes\" \/>\n<script type=\"application\/ld+json\" class=\"yoast-schema-graph\">{\"@context\":\"https:\/\/schema.org\",\"@graph\":[{\"@type\":\"WebPage\",\"@id\":\"https:\/\/icpraha.com\/vi\/tu-van\/\",\"url\":\"https:\/\/icpraha.com\/vi\/tu-van\/\",\"name\":\"T\u01b0 v\u1ea5n - Integra\u010dn\u00ed centrum Praha\",\"isPartOf\":{\"@id\":\"https:\/\/icpraha.com\/uk\/#website\"},\"datePublished\":\"2018-09-27T10:38:39+00:00\",\"dateModified\":\"2024-11-08T17:57:14+00:00\",\"breadcrumb\":{\"@id\":\"https:\/\/icpraha.com\/vi\/tu-van\/#breadcrumb\"},\"inLanguage\":\"vi-VN\",\"potentialAction\":[{\"@type\":\"ReadAction\",\"target\":[\"https:\/\/icpraha.com\/vi\/tu-van\/\"]}]},{\"@type\":\"BreadcrumbList\",\"@id\":\"https:\/\/icpraha.com\/vi\/tu-van\/#breadcrumb\",\"itemListElement\":[{\"@type\":\"ListItem\",\"position\":1,\"name\":\"Dom\u016f\",\"item\":\"https:\/\/icpraha.com\/vi\/\"},{\"@type\":\"ListItem\",\"position\":2,\"name\":\"T\u01b0 v\u1ea5n\"}]},{\"@type\":\"WebSite\",\"@id\":\"https:\/\/icpraha.com\/uk\/#website\",\"url\":\"https:\/\/icpraha.com\/uk\/\",\"name\":\"Integra\u010dn\u00ed centrum Praha\",\"description\":\"Praha \u2013 Metropole v\u0161ech\",\"publisher\":{\"@id\":\"https:\/\/icpraha.com\/uk\/#organization\"},\"potentialAction\":[{\"@type\":\"SearchAction\",\"target\":{\"@type\":\"EntryPoint\",\"urlTemplate\":\"https:\/\/icpraha.com\/uk\/?s={search_term_string}\"},\"query-input\":{\"@type\":\"PropertyValueSpecification\",\"valueRequired\":true,\"valueName\":\"search_term_string\"}}],\"inLanguage\":\"vi-VN\"},{\"@type\":\"Organization\",\"@id\":\"https:\/\/icpraha.com\/uk\/#organization\",\"name\":\"Integra\u010dn\u00ed centrum Praha o.p.s.\",\"url\":\"https:\/\/icpraha.com\/uk\/\",\"logo\":{\"@type\":\"ImageObject\",\"inLanguage\":\"vi-VN\",\"@id\":\"https:\/\/icpraha.com\/uk\/#\/schema\/logo\/image\/\",\"url\":\"https:\/\/old.icpraha.com\/wp-content\/uploads\/2018\/08\/ICP-full-color-medium.png\",\"contentUrl\":\"https:\/\/old.icpraha.com\/wp-content\/uploads\/2018\/08\/ICP-full-color-medium.png\",\"width\":1000,\"height\":429,\"caption\":\"Integra\u010dn\u00ed centrum Praha o.p.s.\"},\"image\":{\"@id\":\"https:\/\/icpraha.com\/uk\/#\/schema\/logo\/image\/\"},\"sameAs\":[\"https:\/\/www.facebook.com\/ICPraha\",\"https:\/\/x.com\/ICPraha\",\"https:\/\/www.instagram.com\/icpraha\"]}]}<\/script>\n<!-- \/ Yoast SEO plugin. -->","yoast_head_json":{"title":"T\u01b0 v\u1ea5n - Integra\u010dn\u00ed centrum Praha","robots":{"index":"noindex","follow":"follow","max-snippet":"max-snippet:-1","max-image-preview":"max-image-preview:large","max-video-preview":"max-video-preview:-1"},"og_locale":"vi_VN","og_type":"article","og_title":"T\u01b0 v\u1ea5n - Integra\u010dn\u00ed centrum Praha","og_url":"https:\/\/icpraha.com\/vi\/tu-van\/","og_site_name":"Integra\u010dn\u00ed centrum Praha","article_publisher":"https:\/\/www.facebook.com\/ICPraha","article_modified_time":"2024-11-08T17:57:14+00:00","og_image":[{"width":1200,"height":630,"url":"https:\/\/old.icpraha.com\/wp-content\/uploads\/2018\/11\/shareimg.png","type":"image\/png"}],"twitter_card":"summary_large_image","twitter_site":"@ICPraha","twitter_misc":{"Est. reading time":"3 minutes"},"schema":{"@context":"https:\/\/schema.org","@graph":[{"@type":"WebPage","@id":"https:\/\/icpraha.com\/vi\/tu-van\/","url":"https:\/\/icpraha.com\/vi\/tu-van\/","name":"T\u01b0 v\u1ea5n - Integra\u010dn\u00ed centrum Praha","isPartOf":{"@id":"https:\/\/icpraha.com\/uk\/#website"},"datePublished":"2018-09-27T10:38:39+00:00","dateModified":"2024-11-08T17:57:14+00:00","breadcrumb":{"@id":"https:\/\/icpraha.com\/vi\/tu-van\/#breadcrumb"},"inLanguage":"vi-VN","potentialAction":[{"@type":"ReadAction","target":["https:\/\/icpraha.com\/vi\/tu-van\/"]}]},{"@type":"BreadcrumbList","@id":"https:\/\/icpraha.com\/vi\/tu-van\/#breadcrumb","itemListElement":[{"@type":"ListItem","position":1,"name":"Dom\u016f","item":"https:\/\/icpraha.com\/vi\/"},{"@type":"ListItem","position":2,"name":"T\u01b0 v\u1ea5n"}]},{"@type":"WebSite","@id":"https:\/\/icpraha.com\/uk\/#website","url":"https:\/\/icpraha.com\/uk\/","name":"Integra\u010dn\u00ed centrum Praha","description":"Praha \u2013 Metropole v\u0161ech","publisher":{"@id":"https:\/\/icpraha.com\/uk\/#organization"},"potentialAction":[{"@type":"SearchAction","target":{"@type":"EntryPoint","urlTemplate":"https:\/\/icpraha.com\/uk\/?s={search_term_string}"},"query-input":{"@type":"PropertyValueSpecification","valueRequired":true,"valueName":"search_term_string"}}],"inLanguage":"vi-VN"},{"@type":"Organization","@id":"https:\/\/icpraha.com\/uk\/#organization","name":"Integra\u010dn\u00ed centrum Praha o.p.s.","url":"https:\/\/icpraha.com\/uk\/","logo":{"@type":"ImageObject","inLanguage":"vi-VN","@id":"https:\/\/icpraha.com\/uk\/#\/schema\/logo\/image\/","url":"https:\/\/old.icpraha.com\/wp-content\/uploads\/2018\/08\/ICP-full-color-medium.png","contentUrl":"https:\/\/old.icpraha.com\/wp-content\/uploads\/2018\/08\/ICP-full-color-medium.png","width":1000,"height":429,"caption":"Integra\u010dn\u00ed centrum Praha o.p.s."},"image":{"@id":"https:\/\/icpraha.com\/uk\/#\/schema\/logo\/image\/"},"sameAs":["https:\/\/www.facebook.com\/ICPraha","https:\/\/x.com\/ICPraha","https:\/\/www.instagram.com\/icpraha"]}]}},"_links":{"self":[{"href":"https:\/\/old.icpraha.com\/vi\/wp-json\/wp\/v2\/pages\/4300","targetHints":{"allow":["GET"]}}],"collection":[{"href":"https:\/\/old.icpraha.com\/vi\/wp-json\/wp\/v2\/pages"}],"about":[{"href":"https:\/\/old.icpraha.com\/vi\/wp-json\/wp\/v2\/types\/page"}],"author":[{"embeddable":true,"href":"https:\/\/old.icpraha.com\/vi\/wp-json\/wp\/v2\/users\/1"}],"replies":[{"embeddable":true,"href":"https:\/\/old.icpraha.com\/vi\/wp-json\/wp\/v2\/comments?post=4300"}],"version-history":[{"count":0,"href":"https:\/\/old.icpraha.com\/vi\/wp-json\/wp\/v2\/pages\/4300\/revisions"}],"wp:attachment":[{"href":"https:\/\/old.icpraha.com\/vi\/wp-json\/wp\/v2\/media?parent=4300"}],"curies":[{"name":"wp","href":"https:\/\/api.w.org\/{rel}","templated":true}]}}