{"id":4341,"date":"2018-09-27T13:41:18","date_gmt":"2018-09-27T12:41:18","guid":{"rendered":"http:\/\/icpraha.com\/?page_id=4341"},"modified":"2021-08-17T21:55:23","modified_gmt":"2021-08-17T20:55:23","slug":"hay-tham-gia","status":"publish","type":"page","link":"https:\/\/old.icpraha.com\/vi\/hay-tham-gia\/","title":{"rendered":"H\u00e3y tham gia"},"content":{"rendered":"<div id='av_section_1'  class='avia-section av-ax69y-8f2f84f4e6ca3c00f6a8eeb244793550 main_color avia-section-default avia-no-border-styling  avia-builder-el-0  avia-builder-el-no-sibling  avia-bg-style-scroll container_wrap fullsize'  ><div class='container av-section-cont-open' ><main  role=\"main\" itemprop=\"mainContentOfPage\"  class='template-page content  av-content-full alpha units'><div class='post-entry post-entry-type-page post-entry-4341'><div class='entry-content-wrapper clearfix'>\n<div class='flex_column_table av-bp233-61acfb7cae266a9aa2329d3feb46f625 sc-av_two_third av-equal-height-column-flextable'>\n<style type=\"text\/css\" data-created_by=\"avia_inline_auto\" id=\"style-css-av-bp233-61acfb7cae266a9aa2329d3feb46f625\">\n#top .flex_column_table.av-equal-height-column-flextable.av-bp233-61acfb7cae266a9aa2329d3feb46f625{\nmargin-top:0px;\nmargin-bottom:30px;\n}\n.flex_column.av-bp233-61acfb7cae266a9aa2329d3feb46f625{\nborder-radius:10px 10px 10px 10px;\npadding:120px 30px 120px 30px;\nbackground:url(https:\/\/old.icpraha.com\/wp-content\/uploads\/2018\/08\/tim-marshall-114623-unsplash-1030x687.jpg) 50% 50% repeat-x scroll rgba(0,0,0,0.6);\n}\n<\/style>\n<div  class='flex_column av-bp233-61acfb7cae266a9aa2329d3feb46f625 av_two_third  avia-builder-el-1  el_before_av_one_third  avia-builder-el-first  shadow blend first flex_column_table_cell av-equal-height-column av-align-middle  '     ><style type=\"text\/css\" data-created_by=\"avia_inline_auto\" id=\"style-css-av-jkaxdisn-91b9282c5ecf7ecba229c1b121e03cb8\">\n#top .av_textblock_section.av-jkaxdisn-91b9282c5ecf7ecba229c1b121e03cb8 .avia_textblock{\nfont-size:18px;\ncolor:#ffffff;\n}\n<\/style>\n<section  class='av_textblock_section av-jkaxdisn-91b9282c5ecf7ecba229c1b121e03cb8 '   itemscope=\"itemscope\" itemtype=\"https:\/\/schema.org\/CreativeWork\" ><div class='avia_textblock av_inherit_color'  itemprop=\"text\" ><h1 style=\"text-align: center;\">T\u00ecnh nguy\u1ec7n<\/h1>\n<\/div><\/section><\/div><div class='av-flex-placeholder'><\/div>\n<style type=\"text\/css\" data-created_by=\"avia_inline_auto\" id=\"style-css-av-bp233-7e67965ce113575fc965175084f2d6d2\">\n#top .flex_column_table.av-equal-height-column-flextable.av-bp233-7e67965ce113575fc965175084f2d6d2{\nmargin-top:0px;\nmargin-bottom:30px;\n}\n.flex_column.av-bp233-7e67965ce113575fc965175084f2d6d2{\nborder-radius:10px 10px 10px 10px;\npadding:30px 30px 30px 30px;\nbackground-color:#148a73;\nbackground:linear-gradient( to top right, #148a73, #97b34d );\n}\n<\/style>\n<div  class='flex_column av-bp233-7e67965ce113575fc965175084f2d6d2 av_one_third  avia-builder-el-3  el_after_av_two_third  el_before_av_one_third  shadow flex_column_table_cell av-equal-height-column av-align-middle  '     ><style type=\"text\/css\" data-created_by=\"avia_inline_auto\" id=\"style-css-av-jkaxdisn-a4a440aafc075b32ddb9c0eb7659524e\">\n#top .av_textblock_section.av-jkaxdisn-a4a440aafc075b32ddb9c0eb7659524e .avia_textblock{\nfont-size:15px;\ncolor:#ffffff;\n}\n<\/style>\n<section  class='av_textblock_section av-jkaxdisn-a4a440aafc075b32ddb9c0eb7659524e '   itemscope=\"itemscope\" itemtype=\"https:\/\/schema.org\/CreativeWork\" ><div class='avia_textblock av_inherit_color'  itemprop=\"text\" ><p style=\"text-align: center;\">H\u00e3y tr\u1edf th\u00e0nh m\u1ed9t ph\u1ea7n c\u1ee7a \u0111\u1ed9i ng\u0169 t\u1ed5 ch\u1ee9c phi l\u1ee3i nhu\u1eadn gi\u00fap \u0111\u1ee1 nh\u1eefng ng\u01b0\u1eddi n\u01b0\u1edbc ngo\u00e0i!<\/p>\n<\/div><\/section><\/div><\/div><!--close column table wrapper. Autoclose: 1 --><div class='flex_column_table av-bp233-33283e27b33731bd604c6a1092dbc5df sc-av_one_third av-equal-height-column-flextable'>\n<style type=\"text\/css\" data-created_by=\"avia_inline_auto\" id=\"style-css-av-bp233-33283e27b33731bd604c6a1092dbc5df\">\n#top .flex_column_table.av-equal-height-column-flextable.av-bp233-33283e27b33731bd604c6a1092dbc5df{\nmargin-top:0px;\nmargin-bottom:30px;\n}\n.flex_column.av-bp233-33283e27b33731bd604c6a1092dbc5df{\nborder-radius:10px 10px 10px 10px;\npadding:30px 30px 30px 30px;\nbackground-color:#148a73;\nbackground:linear-gradient( to top right, #148a73, #97b34d );\n}\n<\/style>\n<div  class='flex_column av-bp233-33283e27b33731bd604c6a1092dbc5df av_one_third  avia-builder-el-5  el_after_av_one_third  el_before_av_two_third  shadow first flex_column_table_cell av-equal-height-column av-align-middle av-hide-on-mobile  column-top-margin'     ><style type=\"text\/css\" data-created_by=\"avia_inline_auto\" id=\"style-css-av-jkax2ocz-958aca44ca83c94ba10da1573ab129b3\">\n.av_font_icon.av-jkax2ocz-958aca44ca83c94ba10da1573ab129b3{\ncolor:#ffffff;\nborder-color:#ffffff;\n}\n.av_font_icon.av-jkax2ocz-958aca44ca83c94ba10da1573ab129b3 .av-icon-char{\nfont-size:120px;\nline-height:120px;\n}\n<\/style>\n<span  class='av_font_icon av-jkax2ocz-958aca44ca83c94ba10da1573ab129b3 avia_animate_when_visible av-icon-style- avia-icon-pos-center avia-icon-animate'><span class='av-icon-char' aria-hidden='true' data-av_icon='\uf155' data-av_iconfont='flaticon' ><\/span><\/span><\/div><div class='av-flex-placeholder'><\/div>\n<style type=\"text\/css\" data-created_by=\"avia_inline_auto\" id=\"style-css-av-bp233-fba0af100d622e2cf8791e644f10fc6d\">\n#top .flex_column_table.av-equal-height-column-flextable.av-bp233-fba0af100d622e2cf8791e644f10fc6d{\nmargin-top:0px;\nmargin-bottom:30px;\n}\n.flex_column.av-bp233-fba0af100d622e2cf8791e644f10fc6d{\nborder-radius:10px 10px 10px 10px;\npadding:30px 30px 30px 30px;\nbackground-color:#ffffff;\n}\n<\/style>\n<div  class='flex_column av-bp233-fba0af100d622e2cf8791e644f10fc6d av_two_third  avia-builder-el-7  el_after_av_one_third  el_before_av_two_third  shadow flex_column_table_cell av-equal-height-column av-align-middle  column-top-margin'     ><section  class='av_textblock_section av-jkaxdisn-79f0c5fc7e51f651e1d9133c2faabacf '   itemscope=\"itemscope\" itemtype=\"https:\/\/schema.org\/CreativeWork\" ><div class='avia_textblock'  itemprop=\"text\" ><h2>C\u00e1c b\u1ea1n s\u1ebd nh\u1eadn \u0111\u01b0\u1ee3c nh\u1eefng g\u00ec?<\/h2>\n<ul>\n<li>B\u1ea1n s\u1ebd nh\u1eadn \u0111\u01b0\u1ee3c nh\u1eefng kinh nghi\u1ec7m qu\u00fd b\u00e1u trong l\u0129nh v\u1ef1c h\u1ed9i nh\u1eadp c\u1ee7a ng\u01b0\u1eddi n\u01b0\u1edbc ngo\u00e0i.<\/li>\n<li>B\u1ea1n s\u1ebd \u0111\u01b0\u1ee3c bi\u1ebft t\u1ed5 ch\u1ee9c phi l\u1ee3i nhu\u1eadn gi\u00fap \u0111\u1ee1 ng\u01b0\u1eddi n\u01b0\u1edbc ngo\u00e0i l\u1edbn nh\u1ea5t t\u1ea1i Praha ho\u1ea1t \u0111\u1ed9ng nh\u01b0 th\u1ebf n\u00e0o.<\/li>\n<li>B\u1ea1n s\u1ebd c\u00f3 c\u01a1 h\u1ed9i gi\u1edbi thi\u1ec7u v\u0103n h\u00f3a c\u1ee7a m\u00ecnh v\u00e0 l\u00e0m quen v\u1edbi nh\u1eefng n\u1ec1n v\u0103n h\u00f3a kh\u00e1c.<\/li>\n<li>B\u1ea1n s\u1ebd c\u00f3 c\u01a1 h\u1ed9i tham gia nhi\u1ec1u ho\u1ea1t \u0111\u1ed9ng th\u00fa v\u1ecb trong m\u00f4i tr\u01b0\u1eddng \u0111a v\u0103n h\u00f3a.<\/li>\n<li>B\u1ea1n s\u1ebd c\u00f3 m\u1ed9t c\u00e1i nh\u00ecn ri\u00eang v\u1ec1 nh\u1eefng \u0111\u1eb7c tr\u01b0ng li\u00ean quan t\u1edbi ng\u01b0\u1eddi n\u01b0\u1edbc ngo\u00e0i.<\/li>\n<li>H\u00e3y s\u1eed d\u1ee5ng th\u1eddi gian c\u1ee7a m\u00ecnh m\u1ed9t c\u00e1ch c\u00f3 \u00fd ngh\u0129a v\u00e0 b\u1ea1n s\u1ebd ph\u00e1t tri\u1ec3n t\u1ed1i \u0111a ti\u1ec1m n\u0103ng c\u1ee7a m\u00ecnh.<\/li>\n<\/ul>\n<\/div><\/section><\/div><\/div><!--close column table wrapper. Autoclose: 1 --><div class='flex_column_table av-bp233-a91e294d631a14f96c0fe8dab13e8ef2 sc-av_two_third av-equal-height-column-flextable'>\n<style type=\"text\/css\" data-created_by=\"avia_inline_auto\" id=\"style-css-av-bp233-a91e294d631a14f96c0fe8dab13e8ef2\">\n#top .flex_column_table.av-equal-height-column-flextable.av-bp233-a91e294d631a14f96c0fe8dab13e8ef2{\nmargin-top:0px;\nmargin-bottom:30px;\n}\n.flex_column.av-bp233-a91e294d631a14f96c0fe8dab13e8ef2{\nborder-radius:10px 10px 10px 10px;\npadding:30px 30px 30px 30px;\nbackground-color:#ffffff;\n}\n<\/style>\n<div  class='flex_column av-bp233-a91e294d631a14f96c0fe8dab13e8ef2 av_two_third  avia-builder-el-9  el_after_av_two_third  el_before_av_one_third  shadow first flex_column_table_cell av-equal-height-column av-align-middle  column-top-margin'     ><section  class='av_textblock_section av-jkaxdisn-79f0c5fc7e51f651e1d9133c2faabacf '   itemscope=\"itemscope\" itemtype=\"https:\/\/schema.org\/CreativeWork\" ><div class='avia_textblock'  itemprop=\"text\" ><h2>Ho\u1ea1t \u0111\u1ed9ng t\u00ecnh nguy\u1ec7n<\/h2>\n<p>H\u00e3y tham gia v\u00e0o c\u00e1c ho\u1ea1t \u0111\u1ed9ng th\u00fa v\u1ecb v\u00e0 g\u1eb7t h\u00e1i c\u00e1c kinh nghi\u1ec7m qu\u00fd b\u00e1u v\u1edbi t\u01b0 c\u00e1ch l\u00e0 m\u1ed9t t\u00ecnh nguy\u1ec7n vi\u00ean c\u1ee7a ICP!<\/p>\n<p>N\u1ebfu nh\u01b0 c\u00e1c b\u1ea1n s\u1eed d\u1ee5ng ti\u1ebfng Anh hay ti\u1ebfng S\u00e9c th\u00e0nh th\u1ea1o, h\u00e3y truy c\u1eadp b\u1ea3n ti\u1ebfng Anh\/ S\u00e9c tr\u00ean trang web c\u1ee7a ch\u00fang t\u00f4i (g\u00f3c tr\u00ean c\u00f9ng b\u00ean ph\u1ea3i) v\u00e0 \u0111i\u1ec1n v\u00e0o \u0111\u01a1n \u0111\u0103ng k\u00fd cho t\u00ecnh nguy\u1ec7n vi\u00ean.<\/p>\n<p>N\u1ebfu nh\u01b0 c\u00e1c b\u1ea1n kh\u00f4ng bi\u1ebft ti\u1ebfng Anh l\u1eabn ti\u1ebfng S\u00e9c, xin h\u00e3y \u0111\u0103ng k\u00fd t\u1ea1i \u0111\u1ecba ch\u1ec9 email sau \u0111\u00e2y: <a href=\"mailto:dobrovolnici@icpraha.com\">dobrovolnici@icpraha.com<\/a> v\u00e0 ch\u00fang t\u00f4i s\u1ebd li\u00ean l\u1ea1c l\u1ea1i v\u1edbi c\u00e1c b\u1ea1n sau.<\/p>\n<\/div><\/section><\/div><div class='av-flex-placeholder'><\/div>\n<style type=\"text\/css\" data-created_by=\"avia_inline_auto\" id=\"style-css-av-bp233-67c42fb18a412b65d9c35f75da322c53\">\n#top .flex_column_table.av-equal-height-column-flextable.av-bp233-67c42fb18a412b65d9c35f75da322c53{\nmargin-top:0px;\nmargin-bottom:30px;\n}\n.flex_column.av-bp233-67c42fb18a412b65d9c35f75da322c53{\nborder-radius:10px 10px 10px 10px;\npadding:30px 30px 30px 30px;\nbackground-color:#148a73;\nbackground:linear-gradient( to top right, #148a73, #97b34d );\n}\n<\/style>\n<div  class='flex_column av-bp233-67c42fb18a412b65d9c35f75da322c53 av_one_third  avia-builder-el-11  el_after_av_two_third  el_before_av_one_third  shadow flex_column_table_cell av-equal-height-column av-align-middle av-hide-on-mobile  column-top-margin'     ><style type=\"text\/css\" data-created_by=\"avia_inline_auto\" id=\"style-css-av-jkax2ocz-2bf833e1c7d3e0e5dd38c25fb49738e8\">\n.av_font_icon.av-jkax2ocz-2bf833e1c7d3e0e5dd38c25fb49738e8{\ncolor:#ffffff;\nborder-color:#ffffff;\n}\n.av_font_icon.av-jkax2ocz-2bf833e1c7d3e0e5dd38c25fb49738e8 .av-icon-char{\nfont-size:120px;\nline-height:120px;\n}\n<\/style>\n<span  class='av_font_icon av-jkax2ocz-2bf833e1c7d3e0e5dd38c25fb49738e8 avia_animate_when_visible av-icon-style- avia-icon-pos-center avia-icon-animate'><span class='av-icon-char' aria-hidden='true' data-av_icon='\uf147' data-av_iconfont='flaticon' ><\/span><\/span><\/div><\/div><!--close column table wrapper. Autoclose: 1 --><div class='flex_column_table av-bp233-33283e27b33731bd604c6a1092dbc5df sc-av_one_third av-equal-height-column-flextable'>\n<style type=\"text\/css\" data-created_by=\"avia_inline_auto\" id=\"style-css-av-bp233-33283e27b33731bd604c6a1092dbc5df\">\n#top .flex_column_table.av-equal-height-column-flextable.av-bp233-33283e27b33731bd604c6a1092dbc5df{\nmargin-top:0px;\nmargin-bottom:30px;\n}\n.flex_column.av-bp233-33283e27b33731bd604c6a1092dbc5df{\nborder-radius:10px 10px 10px 10px;\npadding:30px 30px 30px 30px;\nbackground-color:#148a73;\nbackground:linear-gradient( to top right, #148a73, #97b34d );\n}\n<\/style>\n<div  class='flex_column av-bp233-33283e27b33731bd604c6a1092dbc5df av_one_third  avia-builder-el-13  el_after_av_one_third  el_before_av_two_third  shadow first flex_column_table_cell av-equal-height-column av-align-middle av-hide-on-mobile  column-top-margin'     ><style type=\"text\/css\" data-created_by=\"avia_inline_auto\" id=\"style-css-av-jkax2ocz-8b8e82e464ee7d6d2213cc1be9788705\">\n.av_font_icon.av-jkax2ocz-8b8e82e464ee7d6d2213cc1be9788705{\ncolor:#ffffff;\nborder-color:#ffffff;\n}\n.av_font_icon.av-jkax2ocz-8b8e82e464ee7d6d2213cc1be9788705 .av-icon-char{\nfont-size:120px;\nline-height:120px;\n}\n<\/style>\n<span  class='av_font_icon av-jkax2ocz-8b8e82e464ee7d6d2213cc1be9788705 avia_animate_when_visible av-icon-style- avia-icon-pos-center avia-icon-animate'><span class='av-icon-char' aria-hidden='true' data-av_icon='\uf12e' data-av_iconfont='flaticon' ><\/span><\/span><\/div><div class='av-flex-placeholder'><\/div>\n<style type=\"text\/css\" data-created_by=\"avia_inline_auto\" id=\"style-css-av-bp233-fba0af100d622e2cf8791e644f10fc6d\">\n#top .flex_column_table.av-equal-height-column-flextable.av-bp233-fba0af100d622e2cf8791e644f10fc6d{\nmargin-top:0px;\nmargin-bottom:30px;\n}\n.flex_column.av-bp233-fba0af100d622e2cf8791e644f10fc6d{\nborder-radius:10px 10px 10px 10px;\npadding:30px 30px 30px 30px;\nbackground-color:#ffffff;\n}\n<\/style>\n<div  class='flex_column av-bp233-fba0af100d622e2cf8791e644f10fc6d av_two_third  avia-builder-el-15  el_after_av_one_third  el_before_av_two_third  shadow flex_column_table_cell av-equal-height-column av-align-middle  column-top-margin'     ><section  class='av_textblock_section av-jkaxdisn-79f0c5fc7e51f651e1d9133c2faabacf '   itemscope=\"itemscope\" itemtype=\"https:\/\/schema.org\/CreativeWork\" ><div class='avia_textblock'  itemprop=\"text\" ><h2>Ch\u1ed7 l\u00e0m vi\u1ec7c tr\u1ed1ng<\/h2>\n<p>C\u00f4ng vi\u1ec7c trong l\u0129nh v\u1ef1c phi l\u1ee3i nhu\u1eadn thu h\u00fat b\u1ea1n v\u00e0 b\u1ea1n mu\u1ed1n l\u00e0m vi\u1ec7c trong m\u1ea3ng h\u1ed9i nh\u1eadp c\u1ee7a ng\u01b0\u1eddi n\u01b0\u1edbc ngo\u00e0i? B\u1ea1n h\u00e3y xem c\u00e1c ch\u1ed7 l\u00e0m vi\u1ec7c tr\u1ed1ng do ch\u00fang t\u00f4i cung c\u1ea5p t\u1ea1i th\u1eddi \u0111i\u1ec3m n\u00e0y v\u00e0 h\u00e3y tr\u1edf th\u00e0nh m\u1ed9t ph\u1ea7n c\u1ee7a \u0111\u1ed9i ng\u0169 ICP!<\/p>\n<\/div><\/section><br \/>\n<div  class='avia-button-wrap av-jm7iob4v-273b641038c614bffeea30e95d0b2afd-wrap avia-button-left  avia-builder-el-17  el_after_av_textblock  avia-builder-el-last '><a href='https:\/\/www.jobs.cz\/prace\/?company%5B%5D=339572376' class='avia-button av-jm7iob4v-273b641038c614bffeea30e95d0b2afd av-link-btn avia-icon_select-no avia-size-large avia-position-left avia-color-theme-color' target=\"_blank\" rel=\"noopener noreferrer\" aria-label=\"Ch\u1ed7 l\u00e0m vi\u1ec7c tr\u1ed1ng\"><span class='avia_iconbox_title' >Ch\u1ed7 l\u00e0m vi\u1ec7c tr\u1ed1ng<\/span><\/a><\/div><\/p><\/div><\/div><!--close column table wrapper. Autoclose: 1 --><div class='flex_column_table av-bp233-a91e294d631a14f96c0fe8dab13e8ef2 sc-av_two_third av-equal-height-column-flextable'>\n<style type=\"text\/css\" data-created_by=\"avia_inline_auto\" id=\"style-css-av-bp233-a91e294d631a14f96c0fe8dab13e8ef2\">\n#top .flex_column_table.av-equal-height-column-flextable.av-bp233-a91e294d631a14f96c0fe8dab13e8ef2{\nmargin-top:0px;\nmargin-bottom:30px;\n}\n.flex_column.av-bp233-a91e294d631a14f96c0fe8dab13e8ef2{\nborder-radius:10px 10px 10px 10px;\npadding:30px 30px 30px 30px;\nbackground-color:#ffffff;\n}\n<\/style>\n<div  class='flex_column av-bp233-a91e294d631a14f96c0fe8dab13e8ef2 av_two_third  avia-builder-el-18  el_after_av_two_third  el_before_av_one_third  shadow first flex_column_table_cell av-equal-height-column av-align-middle  column-top-margin'     ><section  class='av_textblock_section av-jkaxdisn-26fc6014e988ed687f5cf281ea118405 '   itemscope=\"itemscope\" itemtype=\"https:\/\/schema.org\/CreativeWork\" ><div class='avia_textblock'  itemprop=\"text\" ><h2>Sinh vi\u00ean \u0111i th\u1ef1c h\u00e0nh v\u00e0 th\u1ef1c t\u1eadp sinh<\/h2>\n<p class=\"p1\"><span class=\"s1\">Ch\u00fang t\u00f4i c\u0169ng cung c\u1ea5p cho b\u1ea1n c\u01a1 h\u1ed9i ho\u00e0n th\u00e0nh kh\u00f3a th\u1ef1c t\u1eadp chuy\u00ean m\u00f4n ho\u1eb7c th\u1ef1c t\u1eadp c\u1ee7a tr\u01b0\u1eddng. Trong tr\u01b0\u1eddng h\u1ee3p quan t\u00e2m, h\u00e3y g\u1eedi CV v\u00e0 th\u01b0 xin vi\u1ec7c cho ch\u00fang t\u00f4i.<\/span><\/p>\n<p class=\"p1\"><span class=\"s1\">Ch\u00fang t\u00f4i \u01b0u ti\u00ean c\u00e1c \u1ee9ng vi\u00ean c\u00f3 ki\u1ebfn th\u1ee9c v\u1ec1 ti\u1ebfng S\u00e9c v\u00e0 sinh vi\u00ean ho\u1eb7c sinh vi\u00ean t\u1ed1t nghi\u1ec7p c\u00e1c l\u0129nh v\u1ef1c sau:<\/span><\/p>\n<ul>\n<li class=\"p1\"><span class=\"s1\">C\u00f4ng vi\u1ec7c li\u00ean v\u0103n h\u00f3a, c\u00e1c ng\u00e0nh ng\u1eef v\u0103n v\u00e0 phi\u00ean d\u1ecbch (ti\u1ebfng Nga, ti\u1ebfng Ukraina, ti\u1ebfng Anh, ti\u1ebfng Vi\u1ec7t, ti\u1ebfng Trung, ti\u1ebfng \u1ea2 R\u1eadp).<br \/>\n<\/span>Li\u00ean h\u1ec7: <a href=\"mailto:m.danylyuk@icpraha.com\">m.danylyuk@icpraha.com<\/a><\/li>\n<li class=\"p1\">C\u00f4ng t\u00e1c x\u00e3 h\u1ed9i, s\u01b0 ph\u1ea1m x\u00e3 h\u1ed9i, ho\u1ea1t \u0111\u1ed9ng x\u00e3 h\u1ed9i v\u00e0 ph\u00e1p l\u00fd, ho\u1ea1t \u0111\u1ed9ng t\u1eeb thi\u1ec7n v\u00e0 x\u00e3 h\u1ed9i, b\u1ec7nh l\u00fd h\u1ecdc x\u00e3 h\u1ed9i, s\u01b0 ph\u1ea1m \u0111\u1eb7c bi\u1ec7t, ch\u00ednh s\u00e1ch x\u00e3 h\u1ed9i.<br \/>\nLi\u00ean h\u1ec7: <a href=\"mailto:socialni@icpraha.com\">socialni@icpraha.com<\/a><\/li>\n<li class=\"p1\">Giao ti\u1ebfp marketing, PR &#8211; v\u1edbi ki\u1ebfn th\u1ee9c ti\u1ebfng S\u00e9c ho\u1eb7c ti\u1ebfng Anh<br \/>\nLi\u00ean h\u1ec7: <a href=\"mailto:centrum@icpraha.com\">centrum@icpraha.com<\/a><\/li>\n<\/ul>\n<\/div><\/section><\/div><div class='av-flex-placeholder'><\/div>\n<style type=\"text\/css\" data-created_by=\"avia_inline_auto\" id=\"style-css-av-bp233-67c42fb18a412b65d9c35f75da322c53\">\n#top .flex_column_table.av-equal-height-column-flextable.av-bp233-67c42fb18a412b65d9c35f75da322c53{\nmargin-top:0px;\nmargin-bottom:30px;\n}\n.flex_column.av-bp233-67c42fb18a412b65d9c35f75da322c53{\nborder-radius:10px 10px 10px 10px;\npadding:30px 30px 30px 30px;\nbackground-color:#148a73;\nbackground:linear-gradient( to top right, #148a73, #97b34d );\n}\n<\/style>\n<div  class='flex_column av-bp233-67c42fb18a412b65d9c35f75da322c53 av_one_third  avia-builder-el-20  el_after_av_two_third  avia-builder-el-last  shadow flex_column_table_cell av-equal-height-column av-align-middle av-hide-on-mobile  column-top-margin'     ><style type=\"text\/css\" data-created_by=\"avia_inline_auto\" id=\"style-css-av-jkax2ocz-4965be4642a35d8f9d0947aa7b2d57b3\">\n.av_font_icon.av-jkax2ocz-4965be4642a35d8f9d0947aa7b2d57b3{\ncolor:#ffffff;\nborder-color:#ffffff;\n}\n.av_font_icon.av-jkax2ocz-4965be4642a35d8f9d0947aa7b2d57b3 .av-icon-char{\nfont-size:120px;\nline-height:120px;\n}\n<\/style>\n<span  class='av_font_icon av-jkax2ocz-4965be4642a35d8f9d0947aa7b2d57b3 avia_animate_when_visible av-icon-style- avia-icon-pos-center avia-icon-animate'><span class='av-icon-char' aria-hidden='true' data-av_icon='\uf136' data-av_iconfont='flaticon' ><\/span><\/span><\/div><\/div><!--close column table wrapper. Autoclose: 1 -->\n","protected":false},"excerpt":{"rendered":"","protected":false},"author":1,"featured_media":0,"parent":0,"menu_order":0,"comment_status":"closed","ping_status":"closed","template":"","meta":{"footnotes":""},"class_list":["post-4341","page","type-page","status-publish","hentry"],"yoast_head":"<!-- This site is optimized with the Yoast SEO plugin v25.3 - https:\/\/yoast.com\/wordpress\/plugins\/seo\/ -->\n<title>H\u00e3y tham gia - Integra\u010dn\u00ed centrum Praha<\/title>\n<meta name=\"robots\" content=\"noindex, follow, max-snippet:-1, max-image-preview:large, max-video-preview:-1\" \/>\n<meta property=\"og:locale\" content=\"vi_VN\" \/>\n<meta property=\"og:type\" content=\"article\" \/>\n<meta property=\"og:title\" content=\"H\u00e3y tham gia - Integra\u010dn\u00ed centrum Praha\" \/>\n<meta property=\"og:url\" content=\"https:\/\/old.icpraha.com\/zapojte-se\/\" \/>\n<meta property=\"og:site_name\" content=\"Integra\u010dn\u00ed centrum Praha\" \/>\n<meta property=\"article:publisher\" content=\"https:\/\/www.facebook.com\/ICPraha\" \/>\n<meta property=\"article:modified_time\" content=\"2021-08-17T20:55:23+00:00\" \/>\n<meta property=\"og:image\" content=\"https:\/\/old.icpraha.com\/wp-content\/uploads\/2018\/11\/shareimg.png\" \/>\n\t<meta property=\"og:image:width\" content=\"1200\" \/>\n\t<meta property=\"og:image:height\" content=\"630\" \/>\n\t<meta property=\"og:image:type\" content=\"image\/png\" \/>\n<meta name=\"twitter:card\" content=\"summary_large_image\" \/>\n<meta name=\"twitter:site\" content=\"@ICPraha\" \/>\n<meta name=\"twitter:label1\" content=\"Est. reading time\" \/>\n\t<meta name=\"twitter:data1\" content=\"11 minutes\" \/>\n<script type=\"application\/ld+json\" class=\"yoast-schema-graph\">{\"@context\":\"https:\/\/schema.org\",\"@graph\":[{\"@type\":\"WebPage\",\"@id\":\"https:\/\/old.icpraha.com\/zapojte-se\/\",\"url\":\"https:\/\/old.icpraha.com\/zapojte-se\/\",\"name\":\"H\u00e3y tham gia - Integra\u010dn\u00ed centrum Praha\",\"isPartOf\":{\"@id\":\"https:\/\/icpraha.com\/uk\/#website\"},\"datePublished\":\"2018-09-27T12:41:18+00:00\",\"dateModified\":\"2021-08-17T20:55:23+00:00\",\"breadcrumb\":{\"@id\":\"https:\/\/old.icpraha.com\/zapojte-se\/#breadcrumb\"},\"inLanguage\":\"vi-VN\",\"potentialAction\":[{\"@type\":\"ReadAction\",\"target\":[\"https:\/\/old.icpraha.com\/zapojte-se\/\"]}]},{\"@type\":\"BreadcrumbList\",\"@id\":\"https:\/\/old.icpraha.com\/zapojte-se\/#breadcrumb\",\"itemListElement\":[{\"@type\":\"ListItem\",\"position\":1,\"name\":\"Dom\u016f\",\"item\":\"https:\/\/icpraha.com\/vi\/\"},{\"@type\":\"ListItem\",\"position\":2,\"name\":\"H\u00e3y tham gia\"}]},{\"@type\":\"WebSite\",\"@id\":\"https:\/\/icpraha.com\/uk\/#website\",\"url\":\"https:\/\/icpraha.com\/uk\/\",\"name\":\"Integra\u010dn\u00ed centrum Praha\",\"description\":\"Praha \u2013 Metropole v\u0161ech\",\"publisher\":{\"@id\":\"https:\/\/icpraha.com\/uk\/#organization\"},\"potentialAction\":[{\"@type\":\"SearchAction\",\"target\":{\"@type\":\"EntryPoint\",\"urlTemplate\":\"https:\/\/icpraha.com\/uk\/?s={search_term_string}\"},\"query-input\":{\"@type\":\"PropertyValueSpecification\",\"valueRequired\":true,\"valueName\":\"search_term_string\"}}],\"inLanguage\":\"vi-VN\"},{\"@type\":\"Organization\",\"@id\":\"https:\/\/icpraha.com\/uk\/#organization\",\"name\":\"Integra\u010dn\u00ed centrum Praha o.p.s.\",\"url\":\"https:\/\/icpraha.com\/uk\/\",\"logo\":{\"@type\":\"ImageObject\",\"inLanguage\":\"vi-VN\",\"@id\":\"https:\/\/icpraha.com\/uk\/#\/schema\/logo\/image\/\",\"url\":\"https:\/\/old.icpraha.com\/wp-content\/uploads\/2018\/08\/ICP-full-color-medium.png\",\"contentUrl\":\"https:\/\/old.icpraha.com\/wp-content\/uploads\/2018\/08\/ICP-full-color-medium.png\",\"width\":1000,\"height\":429,\"caption\":\"Integra\u010dn\u00ed centrum Praha o.p.s.\"},\"image\":{\"@id\":\"https:\/\/icpraha.com\/uk\/#\/schema\/logo\/image\/\"},\"sameAs\":[\"https:\/\/www.facebook.com\/ICPraha\",\"https:\/\/x.com\/ICPraha\",\"https:\/\/www.instagram.com\/icpraha\"]}]}<\/script>\n<!-- \/ Yoast SEO plugin. -->","yoast_head_json":{"title":"H\u00e3y tham gia - Integra\u010dn\u00ed centrum Praha","robots":{"index":"noindex","follow":"follow","max-snippet":"max-snippet:-1","max-image-preview":"max-image-preview:large","max-video-preview":"max-video-preview:-1"},"og_locale":"vi_VN","og_type":"article","og_title":"H\u00e3y tham gia - Integra\u010dn\u00ed centrum Praha","og_url":"https:\/\/old.icpraha.com\/zapojte-se\/","og_site_name":"Integra\u010dn\u00ed centrum Praha","article_publisher":"https:\/\/www.facebook.com\/ICPraha","article_modified_time":"2021-08-17T20:55:23+00:00","og_image":[{"width":1200,"height":630,"url":"https:\/\/old.icpraha.com\/wp-content\/uploads\/2018\/11\/shareimg.png","type":"image\/png"}],"twitter_card":"summary_large_image","twitter_site":"@ICPraha","twitter_misc":{"Est. reading time":"11 minutes"},"schema":{"@context":"https:\/\/schema.org","@graph":[{"@type":"WebPage","@id":"https:\/\/old.icpraha.com\/zapojte-se\/","url":"https:\/\/old.icpraha.com\/zapojte-se\/","name":"H\u00e3y tham gia - Integra\u010dn\u00ed centrum Praha","isPartOf":{"@id":"https:\/\/icpraha.com\/uk\/#website"},"datePublished":"2018-09-27T12:41:18+00:00","dateModified":"2021-08-17T20:55:23+00:00","breadcrumb":{"@id":"https:\/\/old.icpraha.com\/zapojte-se\/#breadcrumb"},"inLanguage":"vi-VN","potentialAction":[{"@type":"ReadAction","target":["https:\/\/old.icpraha.com\/zapojte-se\/"]}]},{"@type":"BreadcrumbList","@id":"https:\/\/old.icpraha.com\/zapojte-se\/#breadcrumb","itemListElement":[{"@type":"ListItem","position":1,"name":"Dom\u016f","item":"https:\/\/icpraha.com\/vi\/"},{"@type":"ListItem","position":2,"name":"H\u00e3y tham gia"}]},{"@type":"WebSite","@id":"https:\/\/icpraha.com\/uk\/#website","url":"https:\/\/icpraha.com\/uk\/","name":"Integra\u010dn\u00ed centrum Praha","description":"Praha \u2013 Metropole v\u0161ech","publisher":{"@id":"https:\/\/icpraha.com\/uk\/#organization"},"potentialAction":[{"@type":"SearchAction","target":{"@type":"EntryPoint","urlTemplate":"https:\/\/icpraha.com\/uk\/?s={search_term_string}"},"query-input":{"@type":"PropertyValueSpecification","valueRequired":true,"valueName":"search_term_string"}}],"inLanguage":"vi-VN"},{"@type":"Organization","@id":"https:\/\/icpraha.com\/uk\/#organization","name":"Integra\u010dn\u00ed centrum Praha o.p.s.","url":"https:\/\/icpraha.com\/uk\/","logo":{"@type":"ImageObject","inLanguage":"vi-VN","@id":"https:\/\/icpraha.com\/uk\/#\/schema\/logo\/image\/","url":"https:\/\/old.icpraha.com\/wp-content\/uploads\/2018\/08\/ICP-full-color-medium.png","contentUrl":"https:\/\/old.icpraha.com\/wp-content\/uploads\/2018\/08\/ICP-full-color-medium.png","width":1000,"height":429,"caption":"Integra\u010dn\u00ed centrum Praha o.p.s."},"image":{"@id":"https:\/\/icpraha.com\/uk\/#\/schema\/logo\/image\/"},"sameAs":["https:\/\/www.facebook.com\/ICPraha","https:\/\/x.com\/ICPraha","https:\/\/www.instagram.com\/icpraha"]}]}},"_links":{"self":[{"href":"https:\/\/old.icpraha.com\/vi\/wp-json\/wp\/v2\/pages\/4341","targetHints":{"allow":["GET"]}}],"collection":[{"href":"https:\/\/old.icpraha.com\/vi\/wp-json\/wp\/v2\/pages"}],"about":[{"href":"https:\/\/old.icpraha.com\/vi\/wp-json\/wp\/v2\/types\/page"}],"author":[{"embeddable":true,"href":"https:\/\/old.icpraha.com\/vi\/wp-json\/wp\/v2\/users\/1"}],"replies":[{"embeddable":true,"href":"https:\/\/old.icpraha.com\/vi\/wp-json\/wp\/v2\/comments?post=4341"}],"version-history":[{"count":0,"href":"https:\/\/old.icpraha.com\/vi\/wp-json\/wp\/v2\/pages\/4341\/revisions"}],"wp:attachment":[{"href":"https:\/\/old.icpraha.com\/vi\/wp-json\/wp\/v2\/media?parent=4341"}],"curies":[{"name":"wp","href":"https:\/\/api.w.org\/{rel}","templated":true}]}}