{"id":4469,"date":"2018-09-27T15:39:57","date_gmt":"2018-09-27T14:39:57","guid":{"rendered":"http:\/\/icpraha.com\/?page_id=4469"},"modified":"2025-04-17T16:39:33","modified_gmt":"2025-04-17T15:39:33","slug":"chung-toi-la-ai","status":"publish","type":"page","link":"https:\/\/old.icpraha.com\/vi\/chung-toi-la-ai\/","title":{"rendered":"Ch\u00fang t\u00f4i l\u00e0 ai"},"content":{"rendered":"<div id='av_section_1'  class='avia-section av-hs5fj-25bb5b66d7dd593f72bba7fce67ac100 main_color avia-section-default avia-no-border-styling  avia-builder-el-0  el_before_av_video  avia-builder-el-first  avia-bg-style-scroll container_wrap fullsize'  ><div class='container av-section-cont-open' ><main  role=\"main\" itemprop=\"mainContentOfPage\"  class='template-page content  av-content-full alpha units'><div class='post-entry post-entry-type-page post-entry-4469'><div class='entry-content-wrapper clearfix'>\n<div class='flex_column_table av-bp233-bcbbda48e9746038f75f8cd6eade2559 sc-av_two_third av-equal-height-column-flextable'>\n<style type=\"text\/css\" data-created_by=\"avia_inline_auto\" id=\"style-css-av-bp233-bcbbda48e9746038f75f8cd6eade2559\">\n#top .flex_column_table.av-equal-height-column-flextable.av-bp233-bcbbda48e9746038f75f8cd6eade2559{\nmargin-top:0px;\nmargin-bottom:30px;\n}\n.flex_column.av-bp233-bcbbda48e9746038f75f8cd6eade2559{\nborder-radius:10px 10px 10px 10px;\npadding:120px 30px 120px 30px;\nbackground:url(https:\/\/old.icpraha.com\/wp-content\/uploads\/2021\/10\/IMG_2336-1030x687.jpg) 50% 50% repeat-x scroll rgba(0,0,0,0.6);\n}\n<\/style>\n<div  class='flex_column av-bp233-bcbbda48e9746038f75f8cd6eade2559 av_two_third  avia-builder-el-1  el_before_av_one_third  avia-builder-el-first  shadow blend first flex_column_table_cell av-equal-height-column av-align-middle  '     ><style type=\"text\/css\" data-created_by=\"avia_inline_auto\" id=\"style-css-av-jkaxdisn-91b9282c5ecf7ecba229c1b121e03cb8\">\n#top .av_textblock_section.av-jkaxdisn-91b9282c5ecf7ecba229c1b121e03cb8 .avia_textblock{\nfont-size:18px;\ncolor:#ffffff;\n}\n<\/style>\n<section  class='av_textblock_section av-jkaxdisn-91b9282c5ecf7ecba229c1b121e03cb8 '   itemscope=\"itemscope\" itemtype=\"https:\/\/schema.org\/CreativeWork\" ><div class='avia_textblock av_inherit_color'  itemprop=\"text\" ><h1 style=\"text-align: center;\">Ch\u00fang t\u00f4i l\u00e0 ai?<\/h1>\n<\/div><\/section><\/div><div class='av-flex-placeholder'><\/div>\n<style type=\"text\/css\" data-created_by=\"avia_inline_auto\" id=\"style-css-av-bp233-8-1dd60a1e7a4a090b6f03f594416b7caf\">\n#top .flex_column_table.av-equal-height-column-flextable.av-bp233-8-1dd60a1e7a4a090b6f03f594416b7caf{\nmargin-top:0px;\nmargin-bottom:30px;\n}\n.flex_column.av-bp233-8-1dd60a1e7a4a090b6f03f594416b7caf{\nborder-radius:10px 10px 10px 10px;\npadding:30px 30px 30px 30px;\nbackground-color:#148a73;\nbackground:linear-gradient( to top right, #148a73, #97b34d );\n}\n<\/style>\n<div  class='flex_column av-bp233-8-1dd60a1e7a4a090b6f03f594416b7caf av_one_third  avia-builder-el-3  el_after_av_two_third  el_before_av_one_third  shadow flex_column_table_cell av-equal-height-column av-align-middle  '     ><style type=\"text\/css\" data-created_by=\"avia_inline_auto\" id=\"style-css-av-jkaxdisn-7-0c4c9fbe8f32d0ca534842ff54879790\">\n#top .av_textblock_section.av-jkaxdisn-7-0c4c9fbe8f32d0ca534842ff54879790 .avia_textblock{\nfont-size:15px;\ncolor:#ffffff;\n}\n<\/style>\n<section  class='av_textblock_section av-jkaxdisn-7-0c4c9fbe8f32d0ca534842ff54879790 '   itemscope=\"itemscope\" itemtype=\"https:\/\/schema.org\/CreativeWork\" ><div class='avia_textblock av_inherit_color'  itemprop=\"text\" ><p style=\"text-align: center;\">Ch\u00fang t\u00f4i l\u00e0 t\u1ed5 ch\u1ee9c phi l\u1ee3i nhu\u1eadn \u0111ang c\u1ed1 g\u1eafng x\u00e2y d\u1ef1ng Praha th\u00e0nh m\u1ed9t th\u1ee7 \u0111\u00f4 c\u1ee7a t\u1ea5t c\u1ea3 &#8211; m\u1ed9t m\u00e1i nh\u00e0 d\u00e0nh cho t\u1ea5t c\u1ea3 nh\u1eefng ng\u01b0\u1eddi quy\u1ebft \u0111\u1ecbnh sinh s\u1ed1ng t\u1ea1i \u0111\u00e2y m\u00e0 kh\u00f4ng ph\u00e2n bi\u1ec7t h\u1ecd \u0111\u1ebfn t\u1eeb \u0111\u00e2u, v\u00e0 c\u0169ng l\u00e0 m\u1ed9t n\u01a1i m\u00e0 m\u1ed7i ng\u01b0\u1eddi d\u00e2n \u0111\u1ec1u t\u00f4n tr\u1ecdng l\u1eabn nhau, gi\u00fap \u0111\u1ee1 \u00a0v\u00e0 c\u00f9ng h\u1ee3p t\u00e1c v\u1edbi nhau.<\/p>\n<\/div><\/section><br \/>\n<div  class='avia-button-wrap av-jkcpodb3-ad5606f36988780b702eb594a5c9eb42-wrap avia-button-center  avia-builder-el-5  el_after_av_textblock  avia-builder-el-last '><a href='https:\/\/old.icpraha.com\/vi\/lien-he\/'  class='avia-button av-jkcpodb3-ad5606f36988780b702eb594a5c9eb42 av-link-btn avia-icon_select-no avia-size-large avia-position-center avia-color-light'   aria-label=\"LI\u00caN H\u1ec6\"><span class='avia_iconbox_title' >LI\u00caN H\u1ec6<\/span><\/a><\/div><\/p><\/div><\/div><!--close column table wrapper. Autoclose: 1 --><div class='flex_column_table av-bp233-6-4018b993381ba940332861d9f641eb62 sc-av_one_third av-equal-height-column-flextable'>\n<style type=\"text\/css\" data-created_by=\"avia_inline_auto\" id=\"style-css-av-bp233-6-4018b993381ba940332861d9f641eb62\">\n#top .flex_column_table.av-equal-height-column-flextable.av-bp233-6-4018b993381ba940332861d9f641eb62{\nmargin-top:0px;\nmargin-bottom:30px;\n}\n.flex_column.av-bp233-6-4018b993381ba940332861d9f641eb62{\nborder-radius:10px 10px 10px 10px;\npadding:30px 30px 30px 30px;\nbackground-color:#148a73;\nbackground:linear-gradient( to top right, #148a73, #97b34d );\n}\n<\/style>\n<div  class='flex_column av-bp233-6-4018b993381ba940332861d9f641eb62 av_one_third  avia-builder-el-6  el_after_av_one_third  el_before_av_two_third  shadow first flex_column_table_cell av-equal-height-column av-align-middle av-hide-on-mobile  column-top-margin'     ><style type=\"text\/css\" data-created_by=\"avia_inline_auto\" id=\"style-css-av-jkax2ocz-847b589cc9652c0bc837303413ffbf11\">\n.av_font_icon.av-jkax2ocz-847b589cc9652c0bc837303413ffbf11{\ncolor:#ffffff;\nborder-color:#ffffff;\n}\n.av_font_icon.av-jkax2ocz-847b589cc9652c0bc837303413ffbf11 .av-icon-char{\nfont-size:120px;\nline-height:120px;\n}\n<\/style>\n<span  class='av_font_icon av-jkax2ocz-847b589cc9652c0bc837303413ffbf11 avia_animate_when_visible av-icon-style- avia-icon-pos-center avia-icon-animate'><span class='av-icon-char' aria-hidden='true' data-av_icon='\uf158' data-av_iconfont='flaticon' ><\/span><\/span><\/div><div class='av-flex-placeholder'><\/div>\n<style type=\"text\/css\" data-created_by=\"avia_inline_auto\" id=\"style-css-av-bp233-4-1fe534ae5a112801b2390df4fb672ffd\">\n#top .flex_column_table.av-equal-height-column-flextable.av-bp233-4-1fe534ae5a112801b2390df4fb672ffd{\nmargin-top:0px;\nmargin-bottom:30px;\n}\n.flex_column.av-bp233-4-1fe534ae5a112801b2390df4fb672ffd{\nborder-radius:10px 10px 10px 10px;\npadding:30px 30px 30px 30px;\nbackground-color:#ffffff;\n}\n<\/style>\n<div  class='flex_column av-bp233-4-1fe534ae5a112801b2390df4fb672ffd av_two_third  avia-builder-el-8  el_after_av_one_third  el_before_av_two_third  shadow flex_column_table_cell av-equal-height-column av-align-middle  column-top-margin'     ><p><section  class='av_textblock_section av-765kl-67a82b2303d3e23fa11a880b7c1b1d6f '   itemscope=\"itemscope\" itemtype=\"https:\/\/schema.org\/CreativeWork\" ><div class='avia_textblock'  itemprop=\"text\" ><p>Kh\u00e1ch h\u00e0ng c\u1ee7a ch\u00fang t\u00f4i l\u00e0 ng\u01b0\u1eddi n\u01b0\u1edbc ngo\u00e0i t\u1eeb c\u00e1c n\u01b0\u1edbc kh\u00f4ng thu\u1ed9c EU, c\u00f3 gi\u1ea5y ph\u00e9p c\u01b0 tr\u00fa tr\u00ean l\u00e3nh th\u1ed5 C\u1ed9ng ho\u00e0 S\u00e9c h\u01a1n 90 ng\u00e0y ho\u1eb7c \u0111\u01b0\u1ee3c c\u1ea5p b\u1ea3o v\u1ec7 qu\u1ed1c t\u1ebf (t\u1ecb n\u1ea1n ho\u1eb7c b\u1ea3o v\u1ec7 b\u1ed5 sung) ho\u1eb7c b\u1ea3o v\u1ec7 t\u1ea1m th\u1eddi.<\/p>\n<\/div><\/section><br \/>\n<div  class='avia-button-wrap av-l6580cau-e3744ec73f8dd8d0bf35e67a056db8e2-wrap avia-button-left  avia-builder-el-10  el_after_av_textblock  el_before_av_button '><a href='https:\/\/icpraha.com\/wp-content\/uploads\/2025\/04\/Eticky-kodex-klienta-VIET.pdf'  class='avia-button av-l6580cau-e3744ec73f8dd8d0bf35e67a056db8e2 av-link-btn avia-icon_select-no avia-size-medium avia-position-left avia-color-theme-color'   aria-label=\"N\u1ed9i quy d\u00e0nh cho kh\u00e1ch h\u00e0ng s\u1eed d\u1ee5ng d\u1ecbch v\u1ee5 c\u1ee7a ICP\"><span class='avia_iconbox_title' >N\u1ed9i quy d\u00e0nh cho kh\u00e1ch h\u00e0ng s\u1eed d\u1ee5ng d\u1ecbch v\u1ee5 c\u1ee7a ICP<\/span><\/a><\/div><br \/>\n<div  class='avia-button-wrap av-av_button-84ba623b7d60d98a51542e80d8970414-wrap avia-button-left  avia-builder-el-11  el_after_av_button  avia-builder-el-last '><a href='https:\/\/www.google.com\/search?q=integra%C4%8Dn%C3%AD+centrum+praha&amp;oq=integra%C4%8Dn%C3%AD+centrum+praha&amp;aqs=chrome..69i57j46i175i199i512j0i22i30l2j69i61j69i60j69i61j69i65.5579j0j7&amp;sourceid=chrome&amp;ie=UTF-8#lrd=0x470b948db2e03abf:0x883d02dcb55c08c8,1,,,'  class='avia-button av-av_button-84ba623b7d60d98a51542e80d8970414 av-link-btn avia-icon_select-no avia-size-medium avia-position-left avia-color-theme-color'   aria-label=\"\u0110\u00e1nh gi\u00e1 t\u1eeb kh\u00e1ch h\u00e0ng c\u1ee7a ch\u00fang t\u00f4i\"><span class='avia_iconbox_title' >\u0110\u00e1nh gi\u00e1 t\u1eeb kh\u00e1ch h\u00e0ng c\u1ee7a ch\u00fang t\u00f4i<\/span><\/a><\/div><\/p><\/div><\/div><!--close column table wrapper. Autoclose: 1 --><div class='flex_column_table av-bp233-2-08aaf9bfd752da1328738a094dff5a33 sc-av_two_third av-equal-height-column-flextable'>\n<style type=\"text\/css\" data-created_by=\"avia_inline_auto\" id=\"style-css-av-bp233-2-08aaf9bfd752da1328738a094dff5a33\">\n.flex_column.av-bp233-2-08aaf9bfd752da1328738a094dff5a33{\nborder-radius:10px 10px 10px 10px;\npadding:30px 30px 30px 30px;\nbackground-color:#ffffff;\n}\n<\/style>\n<div  class='flex_column av-bp233-2-08aaf9bfd752da1328738a094dff5a33 av_two_third  avia-builder-el-12  el_after_av_two_third  el_before_av_one_third  shadow first flex_column_table_cell av-equal-height-column av-align-middle  column-top-margin'     ><section  class='av_textblock_section av-jkaxdisn-5-4a7365c7954ae05d41ad9d99b2fa35c1 '   itemscope=\"itemscope\" itemtype=\"https:\/\/schema.org\/CreativeWork\" ><div class='avia_textblock'  itemprop=\"text\" ><h2>Ch\u00fang t\u00f4i ho\u1ea1t \u0111\u1ed9ng nh\u01b0 th\u1ebf n\u00e0o?<\/h2>\n<p>Trung t\u00e2m h\u1ed9i nh\u1eadp Praha (ICP) l\u00e0 t\u1ed5 ch\u1ee9c ph\u00fac l\u1ee3i c\u00f4ng c\u1ed9ng \u0111\u01b0\u1ee3c th\u00e0nh l\u1eadp ng\u00e0y 14. 3. 2012 b\u1edfi \u1ee6y ban ch\u00ednh c\u1ee7a th\u1ee7 \u0111\u00f4 Praha nh\u1eb1m m\u1ee5c \u0111\u00edch \u0111i\u1ec1u ph\u1ed1i c\u00e1c ho\u1ea1t \u0111\u1ed9ng h\u1ed9i nh\u1eadp m\u1ed9t c\u00e1ch hi\u1ec7u qu\u1ea3 v\u00e0 k\u1ebft n\u1ed1i h\u1ee3p t\u00e1c v\u1edbi c\u00e1c b\u1ed9 ph\u1eadn phi l\u1ee3i nhu\u1eadn kh\u00e1c, ch\u00ednh quy\u1ec1n \u0111\u1ecba ph\u01b0\u01a1ng v\u00e0 \u1ee6y ban ch\u00ednh c\u1ee7a th\u1ee7 \u0111\u00f4 Praha.<\/p>\n<p>C\u00e1c ho\u1ea1t \u0111\u1ed9ng c\u1ee7a ch\u00fang t\u00f4i \u0111\u01b0\u1ee3c t\u00e0i tr\u1ee3 t\u1eeb ngu\u1ed3n c\u1ee7a qu\u1ef9 c\u1ee7a Li\u00ean minh ch\u00e2u \u00c2u v\u1ec1 T\u1ecb n\u1ea1n, di d\u00e2n v\u00e0 h\u1ed9i nh\u1eadp; t\u1eeb B\u1ed9 N\u1ed9i v\u1ee5 C\u1ed9ng h\u00f2a S\u00e9c; v\u00e0 t\u1eeb \u1ee6y ban ch\u00ednh c\u1ee7a th\u1ee7 \u0111\u00f4 Praha. Do \u0111\u00f3 ch\u00fang t\u00f4i c\u00f3 th\u1ec3 cung c\u1ea5p t\u1ea5t c\u1ea3 c\u00e1c d\u1ecbch v\u1ee5 mi\u1ec5n ph\u00ed v\u00e0 s\u1eb5n c\u00f3 cho t\u1ea5t c\u1ea3 nh\u1eefng ng\u01b0\u1eddi c\u1ea7n \u0111\u1ebfn.<\/p>\n<\/div><\/section><\/div><div class='av-flex-placeholder'><\/div>\n<style type=\"text\/css\" data-created_by=\"avia_inline_auto\" id=\"style-css-av-bp233-1-4735d4a96b7dcaae903c22bd2bd731c1\">\n.flex_column.av-bp233-1-4735d4a96b7dcaae903c22bd2bd731c1{\nborder-radius:10px 10px 10px 10px;\npadding:30px 30px 30px 30px;\nbackground-color:#148a73;\nbackground:linear-gradient( to top right, #148a73, #97b34d );\n}\n<\/style>\n<div  class='flex_column av-bp233-1-4735d4a96b7dcaae903c22bd2bd731c1 av_one_third  avia-builder-el-14  el_after_av_two_third  avia-builder-el-last  shadow flex_column_table_cell av-equal-height-column av-align-middle av-hide-on-mobile  column-top-margin'     ><style type=\"text\/css\" data-created_by=\"avia_inline_auto\" id=\"style-css-av-jkax2ocz-3-3f2a0aacccd4f208d175e22e4fb9d058\">\n.av_font_icon.av-jkax2ocz-3-3f2a0aacccd4f208d175e22e4fb9d058{\ncolor:#ffffff;\nborder-color:#ffffff;\n}\n.av_font_icon.av-jkax2ocz-3-3f2a0aacccd4f208d175e22e4fb9d058 .av-icon-char{\nfont-size:120px;\nline-height:120px;\n}\n<\/style>\n<span  class='av_font_icon av-jkax2ocz-3-3f2a0aacccd4f208d175e22e4fb9d058 avia_animate_when_visible av-icon-style- avia-icon-pos-center avia-icon-animate'><span class='av-icon-char' aria-hidden='true' data-av_icon='\uf11b' data-av_iconfont='flaticon' ><\/span><\/span><\/div><\/div><!--close column table wrapper. Autoclose: 1 --><\/div><\/div><\/main><!-- close content main element --><\/div><\/div><div id='after_section_1'  class='main_color av_default_container_wrap container_wrap fullsize'  ><div class='container av-section-cont-open' ><div class='template-page content  av-content-full alpha units'><div class='post-entry post-entry-type-page post-entry-4469'><div class='entry-content-wrapper clearfix'><div  class='avia-video av-kckm0rb5-bcabc347f2963ee5a150999cf6da9912 avia-video-16-9 shadow av-no-preview-image avia-video-load-always av-lazyload-immediate av-lazyload-video-embed'  itemprop=\"video\" itemtype=\"https:\/\/schema.org\/VideoObject\"  data-original_url='https:\/\/www.youtube.com\/watch?v=TQ3E7WIkhaw'><script type='text\/html' class='av-video-tmpl'><div class='avia-iframe-wrap'><iframe loading=\"lazy\" title=\"Integration Centre Prague - This is us (EN)\" width=\"1500\" height=\"844\" src=\"https:\/\/www.youtube.com\/embed\/TQ3E7WIkhaw?feature=oembed&autoplay=0&loop=0&controls=1&mute=0\" frameborder=\"0\" allow=\"accelerometer; autoplay; clipboard-write; encrypted-media; gyroscope; picture-in-picture\" allowfullscreen><\/iframe><\/div><\/script><div class='av-click-to-play-overlay'><div class=\"avia_playpause_icon\"><\/div><\/div><\/div><\/p>\n","protected":false},"excerpt":{"rendered":"","protected":false},"author":1,"featured_media":0,"parent":0,"menu_order":0,"comment_status":"closed","ping_status":"closed","template":"","meta":{"footnotes":""},"class_list":["post-4469","page","type-page","status-publish","hentry"],"yoast_head":"<!-- This site is optimized with the Yoast SEO plugin v25.3 - https:\/\/yoast.com\/wordpress\/plugins\/seo\/ -->\n<title>Ch\u00fang t\u00f4i l\u00e0 ai - Integra\u010dn\u00ed centrum Praha<\/title>\n<meta name=\"robots\" content=\"noindex, follow, max-snippet:-1, max-image-preview:large, max-video-preview:-1\" \/>\n<meta property=\"og:locale\" content=\"vi_VN\" \/>\n<meta property=\"og:type\" content=\"article\" \/>\n<meta property=\"og:title\" content=\"Ch\u00fang t\u00f4i l\u00e0 ai - Integra\u010dn\u00ed centrum Praha\" \/>\n<meta property=\"og:url\" content=\"https:\/\/old.icpraha.com\/vi\/chung-toi-la-ai\/\" \/>\n<meta property=\"og:site_name\" content=\"Integra\u010dn\u00ed centrum Praha\" \/>\n<meta property=\"article:publisher\" content=\"https:\/\/www.facebook.com\/ICPraha\" \/>\n<meta property=\"article:modified_time\" content=\"2025-04-17T15:39:33+00:00\" \/>\n<meta property=\"og:image\" content=\"https:\/\/old.icpraha.com\/wp-content\/uploads\/2018\/11\/shareimg.png\" \/>\n\t<meta property=\"og:image:width\" content=\"1200\" \/>\n\t<meta property=\"og:image:height\" content=\"630\" \/>\n\t<meta property=\"og:image:type\" content=\"image\/png\" \/>\n<meta name=\"twitter:card\" content=\"summary_large_image\" \/>\n<meta name=\"twitter:site\" content=\"@ICPraha\" \/>\n<meta name=\"twitter:label1\" content=\"Est. reading time\" \/>\n\t<meta name=\"twitter:data1\" content=\"2 minutes\" \/>\n<script type=\"application\/ld+json\" class=\"yoast-schema-graph\">{\"@context\":\"https:\/\/schema.org\",\"@graph\":[{\"@type\":\"WebPage\",\"@id\":\"https:\/\/old.icpraha.com\/vi\/chung-toi-la-ai\/\",\"url\":\"https:\/\/old.icpraha.com\/vi\/chung-toi-la-ai\/\",\"name\":\"Ch\u00fang t\u00f4i l\u00e0 ai - Integra\u010dn\u00ed centrum Praha\",\"isPartOf\":{\"@id\":\"https:\/\/icpraha.com\/uk\/#website\"},\"datePublished\":\"2018-09-27T14:39:57+00:00\",\"dateModified\":\"2025-04-17T15:39:33+00:00\",\"breadcrumb\":{\"@id\":\"https:\/\/old.icpraha.com\/vi\/chung-toi-la-ai\/#breadcrumb\"},\"inLanguage\":\"vi-VN\",\"potentialAction\":[{\"@type\":\"ReadAction\",\"target\":[\"https:\/\/old.icpraha.com\/vi\/chung-toi-la-ai\/\"]}]},{\"@type\":\"BreadcrumbList\",\"@id\":\"https:\/\/old.icpraha.com\/vi\/chung-toi-la-ai\/#breadcrumb\",\"itemListElement\":[{\"@type\":\"ListItem\",\"position\":1,\"name\":\"Dom\u016f\",\"item\":\"https:\/\/icpraha.com\/vi\/\"},{\"@type\":\"ListItem\",\"position\":2,\"name\":\"Ch\u00fang t\u00f4i l\u00e0 ai\"}]},{\"@type\":\"WebSite\",\"@id\":\"https:\/\/icpraha.com\/uk\/#website\",\"url\":\"https:\/\/icpraha.com\/uk\/\",\"name\":\"Integra\u010dn\u00ed centrum Praha\",\"description\":\"Praha \u2013 Metropole v\u0161ech\",\"publisher\":{\"@id\":\"https:\/\/icpraha.com\/uk\/#organization\"},\"potentialAction\":[{\"@type\":\"SearchAction\",\"target\":{\"@type\":\"EntryPoint\",\"urlTemplate\":\"https:\/\/icpraha.com\/uk\/?s={search_term_string}\"},\"query-input\":{\"@type\":\"PropertyValueSpecification\",\"valueRequired\":true,\"valueName\":\"search_term_string\"}}],\"inLanguage\":\"vi-VN\"},{\"@type\":\"Organization\",\"@id\":\"https:\/\/icpraha.com\/uk\/#organization\",\"name\":\"Integra\u010dn\u00ed centrum Praha o.p.s.\",\"url\":\"https:\/\/icpraha.com\/uk\/\",\"logo\":{\"@type\":\"ImageObject\",\"inLanguage\":\"vi-VN\",\"@id\":\"https:\/\/icpraha.com\/uk\/#\/schema\/logo\/image\/\",\"url\":\"https:\/\/old.icpraha.com\/wp-content\/uploads\/2018\/08\/ICP-full-color-medium.png\",\"contentUrl\":\"https:\/\/old.icpraha.com\/wp-content\/uploads\/2018\/08\/ICP-full-color-medium.png\",\"width\":1000,\"height\":429,\"caption\":\"Integra\u010dn\u00ed centrum Praha o.p.s.\"},\"image\":{\"@id\":\"https:\/\/icpraha.com\/uk\/#\/schema\/logo\/image\/\"},\"sameAs\":[\"https:\/\/www.facebook.com\/ICPraha\",\"https:\/\/x.com\/ICPraha\",\"https:\/\/www.instagram.com\/icpraha\"]}]}<\/script>\n<!-- \/ Yoast SEO plugin. -->","yoast_head_json":{"title":"Ch\u00fang t\u00f4i l\u00e0 ai - Integra\u010dn\u00ed centrum Praha","robots":{"index":"noindex","follow":"follow","max-snippet":"max-snippet:-1","max-image-preview":"max-image-preview:large","max-video-preview":"max-video-preview:-1"},"og_locale":"vi_VN","og_type":"article","og_title":"Ch\u00fang t\u00f4i l\u00e0 ai - Integra\u010dn\u00ed centrum Praha","og_url":"https:\/\/old.icpraha.com\/vi\/chung-toi-la-ai\/","og_site_name":"Integra\u010dn\u00ed centrum Praha","article_publisher":"https:\/\/www.facebook.com\/ICPraha","article_modified_time":"2025-04-17T15:39:33+00:00","og_image":[{"width":1200,"height":630,"url":"https:\/\/old.icpraha.com\/wp-content\/uploads\/2018\/11\/shareimg.png","type":"image\/png"}],"twitter_card":"summary_large_image","twitter_site":"@ICPraha","twitter_misc":{"Est. reading time":"2 minutes"},"schema":{"@context":"https:\/\/schema.org","@graph":[{"@type":"WebPage","@id":"https:\/\/old.icpraha.com\/vi\/chung-toi-la-ai\/","url":"https:\/\/old.icpraha.com\/vi\/chung-toi-la-ai\/","name":"Ch\u00fang t\u00f4i l\u00e0 ai - Integra\u010dn\u00ed centrum Praha","isPartOf":{"@id":"https:\/\/icpraha.com\/uk\/#website"},"datePublished":"2018-09-27T14:39:57+00:00","dateModified":"2025-04-17T15:39:33+00:00","breadcrumb":{"@id":"https:\/\/old.icpraha.com\/vi\/chung-toi-la-ai\/#breadcrumb"},"inLanguage":"vi-VN","potentialAction":[{"@type":"ReadAction","target":["https:\/\/old.icpraha.com\/vi\/chung-toi-la-ai\/"]}]},{"@type":"BreadcrumbList","@id":"https:\/\/old.icpraha.com\/vi\/chung-toi-la-ai\/#breadcrumb","itemListElement":[{"@type":"ListItem","position":1,"name":"Dom\u016f","item":"https:\/\/icpraha.com\/vi\/"},{"@type":"ListItem","position":2,"name":"Ch\u00fang t\u00f4i l\u00e0 ai"}]},{"@type":"WebSite","@id":"https:\/\/icpraha.com\/uk\/#website","url":"https:\/\/icpraha.com\/uk\/","name":"Integra\u010dn\u00ed centrum Praha","description":"Praha \u2013 Metropole v\u0161ech","publisher":{"@id":"https:\/\/icpraha.com\/uk\/#organization"},"potentialAction":[{"@type":"SearchAction","target":{"@type":"EntryPoint","urlTemplate":"https:\/\/icpraha.com\/uk\/?s={search_term_string}"},"query-input":{"@type":"PropertyValueSpecification","valueRequired":true,"valueName":"search_term_string"}}],"inLanguage":"vi-VN"},{"@type":"Organization","@id":"https:\/\/icpraha.com\/uk\/#organization","name":"Integra\u010dn\u00ed centrum Praha o.p.s.","url":"https:\/\/icpraha.com\/uk\/","logo":{"@type":"ImageObject","inLanguage":"vi-VN","@id":"https:\/\/icpraha.com\/uk\/#\/schema\/logo\/image\/","url":"https:\/\/old.icpraha.com\/wp-content\/uploads\/2018\/08\/ICP-full-color-medium.png","contentUrl":"https:\/\/old.icpraha.com\/wp-content\/uploads\/2018\/08\/ICP-full-color-medium.png","width":1000,"height":429,"caption":"Integra\u010dn\u00ed centrum Praha o.p.s."},"image":{"@id":"https:\/\/icpraha.com\/uk\/#\/schema\/logo\/image\/"},"sameAs":["https:\/\/www.facebook.com\/ICPraha","https:\/\/x.com\/ICPraha","https:\/\/www.instagram.com\/icpraha"]}]}},"_links":{"self":[{"href":"https:\/\/old.icpraha.com\/vi\/wp-json\/wp\/v2\/pages\/4469","targetHints":{"allow":["GET"]}}],"collection":[{"href":"https:\/\/old.icpraha.com\/vi\/wp-json\/wp\/v2\/pages"}],"about":[{"href":"https:\/\/old.icpraha.com\/vi\/wp-json\/wp\/v2\/types\/page"}],"author":[{"embeddable":true,"href":"https:\/\/old.icpraha.com\/vi\/wp-json\/wp\/v2\/users\/1"}],"replies":[{"embeddable":true,"href":"https:\/\/old.icpraha.com\/vi\/wp-json\/wp\/v2\/comments?post=4469"}],"version-history":[{"count":0,"href":"https:\/\/old.icpraha.com\/vi\/wp-json\/wp\/v2\/pages\/4469\/revisions"}],"wp:attachment":[{"href":"https:\/\/old.icpraha.com\/vi\/wp-json\/wp\/v2\/media?parent=4469"}],"curies":[{"name":"wp","href":"https:\/\/api.w.org\/{rel}","templated":true}]}}