{"id":5475,"date":"2018-11-07T14:33:12","date_gmt":"2018-11-07T13:33:12","guid":{"rendered":"http:\/\/icpraha.com\/?page_id=5475"},"modified":"2021-01-26T14:45:38","modified_gmt":"2021-01-26T13:45:38","slug":"gdpr","status":"publish","type":"page","link":"https:\/\/old.icpraha.com\/vi\/gdpr\/","title":{"rendered":"GDPR"},"content":{"rendered":"<div id='av_section_1'  class='avia-section av-723qr-f38e975d0a41d434c2ff4c61c4a94207 main_color avia-section-default avia-no-border-styling  avia-builder-el-0  avia-builder-el-no-sibling  avia-bg-style-scroll container_wrap fullsize'  ><div class='container av-section-cont-open' ><main  role=\"main\" itemprop=\"mainContentOfPage\"  class='template-page content  av-content-full alpha units'><div class='post-entry post-entry-type-page post-entry-5475'><div class='entry-content-wrapper clearfix'>\n<div class='flex_column_table av-bp233-1a65a6ced44d990e41cdf326b1ec8f20 sc-av_one_full av-equal-height-column-flextable'>\n<style type=\"text\/css\" data-created_by=\"avia_inline_auto\" id=\"style-css-av-bp233-1a65a6ced44d990e41cdf326b1ec8f20\">\n#top .flex_column_table.av-equal-height-column-flextable.av-bp233-1a65a6ced44d990e41cdf326b1ec8f20{\nmargin-top:0px;\nmargin-bottom:30px;\n}\n.flex_column.av-bp233-1a65a6ced44d990e41cdf326b1ec8f20{\nborder-radius:10px 10px 10px 10px;\npadding:30px 30px 30px 30px;\nbackground-color:#ffffff;\n}\n<\/style>\n<div  class='flex_column av-bp233-1a65a6ced44d990e41cdf326b1ec8f20 av_one_full  avia-builder-el-1  avia-builder-el-no-sibling  shadow first flex_column_table_cell av-equal-height-column av-align-top  '     ><section  class='av_textblock_section av-jldixe31-ec21c2069f53b5fde4c15ecd3463daaa '   itemscope=\"itemscope\" itemtype=\"https:\/\/schema.org\/CreativeWork\" ><div class='avia_textblock'  itemprop=\"text\" ><h1 style=\"text-align: left;\">Th\u00f4ng tin v\u1ec1 vi\u1ec7c x\u1eed l\u00fd d\u1eef li\u1ec7u c\u00e1 nh\u00e2n c\u1ee7a kh\u00e1ch h\u00e0ng<\/h1>\n<p style=\"text-align: left;\">K\u00ednh g\u1eedi qu\u00fd b\u00e0\/ qu\u00fd \u00f4ng,<\/p>\n<p style=\"text-align: left;\">Li\u00ean quan \u0111\u1ebfn vi\u1ec7c th\u1ef1c hi\u1ec7n quy \u0111\u1ecbnh m\u1edbi c\u1ee7a Ngh\u1ecb vi\u1ec7n ch\u00e2u \u00c2u v\u00e0 H\u1ed9i \u0111\u1ed3ng EU s\u1ed1 2016\/679 (Quy \u0111\u1ecbnh chung v\u1ec1 B\u1ea3o v\u1ec7 D\u1eef li\u1ec7u &#8211; GDPR), ch\u00fang t\u00f4i mu\u1ed1n th\u00f4ng b\u00e1o cho cho c\u00e1c b\u1ea1n nh\u1eefng vi\u1ec7c n\u1eb1m trong quy \u0111\u1ecbnh n\u00e0y v\u00e0 vi\u1ec7c b\u1ea3o v\u1ec7 v\u00e0 x\u1eed l\u00fd c\u00e1c d\u1eef li\u1ec7u c\u00e1 nh\u00e2n c\u1ee7a b\u1ea1n.<\/p>\n<p style=\"text-align: left;\">Trung t\u00e2m h\u1ed9i nh\u1eadp Praha o.p.s., m\u00e3 kinh doanh I\u010c: 242 28 320, tr\u1ee5 s\u1edf ch\u00ednh \u017d\u00edtn\u00e1 1574\/51, 110 00, Praha 1, \u0111\u01b0\u1ee3c \u0111\u0103ng k\u00fd trong danh b\u1ea1 chung c\u1ee7a c\u00e1c t\u1ed5 ch\u1ee9c ph\u00fac l\u1ee3i do T\u00f2a \u00e1n th\u00e0nh ph\u1ed1 Praha c\u1ea5p, m\u1ee5c O, t\u1ec7p 885 (ti\u1ebfp theo vi\u1ebft t\u1eaft l\u00e0 \u201eICP\u201c) s\u1ebd qu\u1ea3n l\u00fd th\u00f4ng tin c\u00e1 nh\u00e2n c\u1ee7a nh\u1eefng kh\u00e1ch h\u00e0ng hi\u1ec7n t\u1ea1i c\u0169ng nh\u01b0 nh\u1eefng kh\u00e1ch h\u00e0ng \u0111\u00e3 k\u1ebft th\u00fac vi\u1ec7c s\u1eed d\u1ee5ng d\u1ecbch v\u1ee5 h\u1ed9i nh\u1eadp nh\u01b0ng vi\u1ec7c x\u1eed l\u00fd c\u00e1c d\u1eef li\u1ec7u c\u00e1 nh\u00e2n c\u1ee7a h\u1ecd l\u00e0 c\u1ea7n thi\u1ebft v\u00ec nh\u1eefng l\u00fd do ph\u00e1p lu\u1eadt v\u00e0 quan tr\u1ecdng l\u00e0 th\u1ef1c hi\u1ec7n \u0111\u1ea7y \u0111\u1ee7 ngh\u0129a v\u1ee5 ph\u00e1p lu\u1eadt v\u00e0 b\u1ea3o v\u1ec7 quy\u1ec1n l\u1ee3i h\u1ee3p ph\u00e1p c\u1ee7a ICP.<\/p>\n<p style=\"text-align: left;\">Nh\u1eefng d\u1eef li\u1ec7u c\u00e1 nh\u00e2n c\u1ee7a b\u1ea1n sau ng\u00e0y 25.5.2018 n\u1eb1m trong m\u1ee5c li\u00ean quan t\u1edbi nh\u1eefng Quy \u0111\u1ecbnh chung v\u1ec1 B\u1ea3o v\u1ec7 D\u1eef li\u1ec7u &#8211; GDPR v\u00e0 trong m\u1ee5c li\u00ean quan \u0111\u1ebfn lu\u1eadt s\u1ed1 101\/2000 Sb. v\u1ec3 b\u1ea3o v\u1ec7 d\u1eef li\u1ec7u c\u00e1 nh\u00e2n trong lu\u1eadt hi\u1ec7n h\u00e0nh, v\u00e0 v\u00ec l\u00fd do th\u1ef1c hi\u1ec7n ngh\u0129a v\u1ee5 ph\u00e1p lu\u1eadt c\u1ee7a ICP, b\u1ea3o v\u1ec7 quy\u1ec1n l\u1ee3i h\u1ee3p ph\u00e1p c\u1ee7a ICP m\u00e0 li\u00ean quan \u0111\u1ebfn b\u1ea3o v\u1ec7 quy\u1ec1n s\u1edf h\u1eefu v\u00e0 ngh\u0129a v\u1ee5 ch\u1ee9ng minh t\u00ednh h\u1ee3p l\u1ec7 c\u1ee7a chi ti\u00eau t\u1eeb qu\u1ef9 c\u00f4ng d\u00e0nh cho d\u1ecbch v\u1ee5 h\u1ed9i nh\u1eadp v\u00e0 th\u1ef1c hi\u1ec7n h\u1ee3p \u0111\u1ed3ng r\u00e0ng bu\u1ed9c cung c\u1ea5p d\u1ecbch v\u1ee5 h\u1ed9i nh\u1eadp mi\u1ec5n ph\u00ed cho b\u1ea1n.<\/p>\n<p style=\"text-align: left;\">C\u1ee5 th\u1ec3 ICP x\u1eed l\u00fd c\u00e1c d\u1eef li\u1ec7u c\u00e1 nh\u00e2n c\u1ee7a b\u1ea1n cho nh\u1eefng m\u1ee5c \u0111\u00edch d\u01b0\u1edbi \u0111\u00e2y:<\/p>\n<p style=\"text-align: left;\">1) nh\u1eadn d\u1ea1ng kh\u00e1ch h\u00e0ng trong tr\u01b0\u1eddng h\u1ee3p c\u1ea7n thi\u1ebft k\u00fd h\u1ee3p \u0111\u1ed3ng v\u00e0 th\u1ef1c hi\u1ec7n h\u1ee3p \u0111\u1ed3ng r\u00e0ng bu\u1ed9c v\u1ec1 cung c\u1ea5p d\u1ecbch v\u1ee5 v\u00e0 \u0111\u00e1nh gi\u00e1 quy\u1ec1n l\u1ee3i h\u01b0\u1edfng d\u1ecbch v\u1ee5 c\u1ee7a ICP,<\/p>\n<p style=\"text-align: left;\">2) nh\u00e2n vi\u00ean ICP li\u00ean h\u1ec7 v\u1edbi kh\u00e1ch h\u00e0ng v\u00e0 c\u00e1c t\u1ed5 ch\u1ee9c \u0111\u1ed1i t\u00e1c c\u00f3 k\u00fd k\u1ebft trong khi cung c\u1ea5p d\u1ecbch v\u1ee5,<\/p>\n<p style=\"text-align: left;\">3) ki\u1ec3m tra c\u00e1c qu\u1ef9 t\u00e0i ch\u00ednh c\u00f4ng tr\u00ean c\u01a1 s\u1edf h\u1ed7 tr\u1ee3 v\u00e0 \u0111\u00f3ng g\u00f3p,<\/p>\n<p style=\"text-align: left;\">4) th\u00f4ng b\u00e1o cho kh\u00e1ch h\u00e0ng v\u00e0 c\u00f4ng ch\u00fang v\u1ec1 c\u00e1c ho\u1ea1t \u0111\u1ed9ng v\u00e0 d\u1ecbch v\u1ee5 c\u1ee7a ICP,<\/p>\n<p style=\"text-align: left;\">5) chia kh\u00e1ch h\u00e0ng v\u00e0o c\u00e1c nh\u00f3m l\u1edbp ti\u1ebfng s\u00e9c th\u00edch h\u1ee3p,<\/p>\n<p style=\"text-align: left;\">6) ch\u1ee9ng minh vi\u1ec7c th\u1ef1c hi\u1ec7n \u0111\u1ea7y \u0111\u1ee7 c\u00e1c \u0111i\u1ec1u ki\u1ec7n h\u1ed7 tr\u1ee3 v\u1ed1n cho Qu\u1ef9 EU d\u00e0nh cho t\u1ecb n\u1ea1n, di c\u01b0 v\u00e0 h\u1ed9i nh\u1eadp,<\/p>\n<p style=\"text-align: left;\">7) nghi\u00ean c\u1ee9u c\u00e1c m\u1ed1i quan h\u1ec7 gia \u0111\u00ecnh c\u1ee7a kh\u00e1ch h\u00e0ng trong tr\u01b0\u1eddng h\u1ee3p nh\u1eefng kh\u00e1ch h\u00e0ng c\u1ee7a ICP \u0111\u1ebfn t\u1eeb c\u00f9ng m\u1ed9t gia \u0111\u00ecnh.<\/p>\n<h2 style=\"text-align: left;\">Ch\u00fang t\u00f4i chia s\u1ebb d\u1eef li\u1ec7u c\u1ee7a b\u1ea1n cho ai?<\/h2>\n<p style=\"text-align: left;\">Ng\u01b0\u1eddi qu\u1ea3n l\u00fd d\u1eef li\u1ec7u c\u00e1 nh\u00e2n c\u1ee7a b\u1ea1n l\u00e0 ICP. Nh\u00e2n vi\u00ean c\u1ee7a ICP c\u00f3 quy\u1ec1n truy c\u1eadp v\u00e0o d\u1eef li\u1ec7u c\u00e1 nh\u00e2n c\u1ee7a b\u1ea1n m\u00e0 h\u1ecd c\u1ea7n \u0111\u1ec3 l\u00e0m vi\u1ec7c v\u00e0 h\u1ecd c\u00f3 tr\u00e1ch nhi\u1ec7m b\u1ea3o m\u1eadt tuy\u1ec7t \u0111\u1ed1i c\u00e1c th\u00f4ng tin n\u00e0y. Trong tr\u01b0\u1eddng h\u1ee3p c\u1ea7n thi\u1ebft li\u00ean quan \u0111\u1ebfn qu\u1ea3n l\u00fd v\u00e0 x\u1eed l\u00fd th\u00f4ng tin c\u00e1 nh\u00e2n, b\u1ea1n c\u00f3 th\u1ec3 li\u00ean l\u1ea1c v\u00e0o email <a href=\"mailto:a.covrigova@icpraha.com\">a.covrigova@icpraha.com<\/a>.<\/p>\n<p style=\"text-align: left;\">C\u00e1c d\u1eef li\u1ec7u c\u00e1 nh\u00e2n c\u1ee7a b\u1ea1n ICP c\u00f3 th\u1ec3 chia s\u1ebb tr\u00ean c\u01a1 s\u1edf tr\u00e1ch nhi\u1ec7m ph\u00e1p lu\u1eadt ho\u1eb7c c\u00e1c h\u1ee3p \u0111\u1ed3ng \u0111\u1ed1i t\u00e1c r\u00e0ng bu\u1ed9c v\u1edbi nh\u1eefng t\u1ed5 ch\u1ee9c phi ch\u00ednh ph\u1ee7 (T\u1ed5 ch\u1ee9c gi\u00fap \u0111\u1ee1 ng\u01b0\u1eddi ng\u01b0\u1eddi t\u1ecb n\u1ea1n, T\u01b0 v\u1ea5n d\u00e0nh cho h\u1ed9i nh\u1eadp, Hi\u1ec7p h\u1ed9i d\u00e0nh cho h\u1ed9i nh\u1eadp v\u00e0 di c\u01b0, InB\u00e1ze), v\u00e0 c\u00e1c t\u1ed5 ch\u1ee9c h\u1ed7 tr\u1ee3 v\u00e0 \u0111\u00f3ng g\u00f3p (B\u1ed9 N\u1ed9i V\u1ee5, T\u00f2a th\u1ecb ch\u00ednh th\u1ee7 \u0111\u00f4 Praha, H\u1ed9i \u0111\u1ed3ng Ch\u00e2u \u00c2u), c\u00f9ng c\u00e1c c\u01a1 quan quan ki\u1ec3m tra (C\u01a1 quan qu\u1ea3n l\u00fd t\u00e0i ch\u00ednh, B\u1ed9 T\u00e0i Ch\u00ednh, \u1ee6y ban ki\u1ec3m tra t\u1ed1i cao, \u1ee6y ban b\u1ea3o v\u1ec7 d\u1eef li\u1ec7u c\u00e1 nh\u00e2n, C\u01a1 quan ki\u1ec3m to\u00e1n Ch\u00e2u \u00c2u), c\u00e1c c\u01a1 quan qu\u1ea3n l\u00fd c\u00f4ng (C\u1ea3nh s\u00e1t c\u1ed9ng h\u00f2a S\u00e9c, t\u00f2a \u00e1n), c\u00e1c ki\u1ec3m to\u00e1n vi\u00ean, k\u1ebf to\u00e1n vi\u00ean b\u00ean ngo\u00e0i, c\u00e1c nh\u00e0 cung c\u1ea5p v\u00e0 qu\u1ea3n l\u00fd h\u1ec7 th\u1ed1ng, c\u01a1 s\u1edf d\u1eef li\u1ec7u v\u00e0 m\u1ea1ng x\u00e3 h\u1ed9i (Facebook, Instagram). D\u1eef li\u1ec7u c\u00e1 nh\u00e2n c\u1ee7a b\u1ea1n ICP kh\u00f4ng b\u00e1n v\u00e0 kh\u00f4ng chia s\u1ebb cho b\u1ea5t k\u1ef3 \u0111\u1ed1i t\u01b0\u1ee3ng th\u1ee9 ba n\u00e0o tr\u1eeb tr\u01b0\u1eddng h\u1ee3p \u0111\u1eb7c bi\u1ec7t l\u00e0 c\u00e1c \u0111\u1ed1i t\u00e1c c\u00f3 k\u00fd k\u1ebft h\u1ee3p \u0111\u1ed3ng.<\/p>\n<h2 style=\"text-align: left;\">Ch\u00fang t\u00f4i x\u1eed l\u00fd nh\u1eefng lo\u1ea1i d\u1eef li\u1ec7u n\u00e0o c\u1ee7a b\u1ea1n?<\/h2>\n<ol style=\"text-align: left;\">\n<li>a) c\u00e1c d\u1eef li\u1ec7u \u0111\u1ecba ch\u1ec9 v\u00e0 nh\u1eadn d\u1ea1ng \u0111\u1ec3 x\u00e1c nh\u1eadn b\u1ea1n v\u00e0 c\u00e1c nh\u1eadn d\u1ea1ng kh\u00f4ng thay \u0111\u1ed5i (t\u00ean, h\u1ecd, gi\u1edbi t\u00ednh, ng\u00e0y sinh, ngu\u1ed3n g\u1ed1c \u0111\u1ea5t n\u01b0\u1edbc, qu\u1ed1c t\u1ecbch, d\u1ea1ng c\u01b0 tr\u00fa t\u1ea1i C\u1ed9ng H\u00f2a S\u00e9c, d\u1ea1ng v\u00e0 s\u1ed1 c\u00e1c gi\u1ea5y t\u1edd t\u00f9y th\u00e2n); b)d\u1eef li\u1ec7u li\u00ean l\u1ea1c (\u0111\u1ecba ch\u1ec9 li\u00ean l\u1ea1c t\u1ea1i C\u1ed9ng H\u00f2a S\u00e9c, s\u1ed1 \u0111i\u1ec7n tho\u1ea1i, \u0111\u1ecba ch\u1ec9 email); c) c\u00e1c d\u1eef li\u1ec7u kh\u00e1c d\u00e0nh cho m\u1ee5c \u0111\u00edch cung c\u1ea5p d\u1ecbch v\u1ee5 h\u1ed9i nh\u1eadp (ng\u00f4n ng\u1eef t\u1eeb n\u01a1i b\u1ea1n \u0111\u1ebfn, m\u1ee9c \u0111\u1ed9 hi\u1ec3u bi\u1ebft ti\u1ebfng s\u00e9c, t\u00ean h\u1ecd nh\u1eefng ng\u01b0\u1eddi th\u00e2n trong gia \u0111\u00ecnh m\u00e0 c\u0169ng l\u00e0 kh\u00e1ch h\u00e0ng c\u1ee7a ICP; d)d\u1eef li\u1ec7u v\u1ec1 qu\u00e1 tr\u00ecnh cung c\u1ea5p d\u1ecbch v\u1ee5 h\u1ed9i nh\u1eadp; e)c\u00e1c \u1ea3nh th\u00f4ng th\u01b0\u1eddng ho\u1eb7c ch\u00e2n dung, c\u00e1c h\u00ecnh \u1ea3nh h\u00ecnh th\u00e0nh cho m\u1ee5c \u0111\u00edch t\u01b0 li\u1ec7u ho\u1eb7c t\u1ed5 ch\u1ee9c c\u00e1c s\u1ef1 ki\u1ec7n c\u1ee7a ICP. C\u00e1c d\u1eef li\u1ec7u n\u00e0y c\u00e1c b\u1ea1n b\u1eaft bu\u1ed9c ph\u1ea3i \u0111\u1ec3 ICP x\u1eed l\u00fd \u0111\u1ec3 c\u00f3 th\u1ec3 cung c\u1ea5p cho b\u1ea1n d\u1ecbch v\u1ee5 h\u1ed9i nh\u1eadp mi\u1ec5n ph\u00ed.<\/li>\n<\/ol>\n<p style=\"text-align: left;\">Ti\u1ebfp theo ICP c\u00f3 th\u1ec3 x\u1eed l\u00fd nh\u1eefng d\u1eef li\u1ec7u c\u00e1 nh\u00e2n c\u1ee7a b\u1ea1n n\u1ebfu nh\u01b0 b\u1ea1n th\u1ef1c hi\u1ec7n vi\u1ec7c \u0111\u1ed3ng \u00fd:<\/p>\n<ol style=\"text-align: left;\">\n<li>f) c\u00e1c \u1ea3nh th\u00f4ng th\u01b0\u1eddng ho\u1eb7c ch\u00e2n dung, c\u00e1c h\u00ecnh \u1ea3nh h\u00ecnh th\u00e0nh cho m\u1ee5c \u0111\u00edch th\u00f4ng b\u00e1o cho c\u00f4ng ch\u00fang v\u1ec1 nh\u1eefng ho\u1ea1t \u0111\u1ed9ng v\u00e0 c\u00e1c s\u1ef1 ki\u1ec7n t\u1ed5 ch\u1ee9c b\u1edfi ICP; g) email v\u00e0 s\u1ed1 \u0111i\u1ec7n tho\u1ea1i khi c\u1ea7n \u0111\u1ec3 g\u1eedi c\u00e1c th\u00f4ng tin v\u1ec1 ho\u1ea1t \u0111\u1ed9ng v\u00e0 s\u1ef1 ki\u1ec7n \u0111\u01b0\u1ee3c t\u1ed5 ch\u1ee9c b\u1edfi ICP.<\/li>\n<\/ol>\n<p style=\"text-align: left;\">C\u00e1c d\u1eef li\u1ec7u trong m\u1ee5c f) v\u00e0 g) \u0111\u01b0\u1ee3c x\u1eed l\u00fd ch\u1ec9 v\u1edbi s\u1ef1 \u0111\u1ed3ng \u00fd c\u1ee7a b\u1ea1n m\u00e0 b\u1ea1n c\u00f3 th\u1ec3 r\u00fat l\u1ea1i s\u1ef1 \u0111\u1ed3ng \u00fd b\u1eb1ng v\u0103n b\u1ea3n vi\u1ebft b\u1ea5t k\u1ef3 khi n\u00e0o b\u1eb1ng m\u1eabu \u0111\u01a1n \u0111\u01b0\u1ee3c l\u01b0u t\u1ea1i tr\u1ee5 s\u1edf ch\u00ednh v\u00e0 c\u00e1c chi nh\u00e1nh ho\u1eb7c th\u00f4ng qua email <a href=\"mailto:centrum@icpraha.com\">centrum@icpraha.com<\/a>. Trong tr\u01b0\u1eddng h\u1ee3p n\u00e0y ICP s\u1ebd kh\u00f4ng ti\u1ebfp t\u1ee5c \u0111\u01b0\u1ee3c ph\u00e9p g\u1eedi c\u00e1c th\u00f4ng tin v\u1ec1 ho\u1ea1t \u0111\u1ed9ng c\u1ee7a ICP.<\/p>\n<h2 style=\"text-align: left;\">D\u1eef li\u1ec7u c\u00e1 nh\u00e2n c\u1ee7a b\u1ea1n \u0111\u01b0\u1ee3c ch\u00fang t\u00f4i x\u1eed l\u00fd trong bao nhi\u00eau l\u00e2u?<\/h2>\n<p style=\"text-align: left;\">C\u00e1c d\u1eef li\u1ec7u c\u00e1 nh\u00e2n c\u1ee7a b\u1ea1n \u0111\u01b0\u1ee3c ICP x\u1eed l\u00fd ch\u1ec9 trong th\u1eddi gian c\u1ea7n thi\u1ebft \u0111\u1ec3 \u0111\u1ea3m b\u1ea3o quy\u1ec1n v\u00e0 ngh\u0129a v\u1ee5 sinh ra t\u1eeb m\u1ed1i quan h\u1ec7 r\u00e0ng bu\u1ed9c v\u00e0 quy \u0111\u1ecbnh c\u1ee7a lu\u1eadt hi\u1ec7n h\u00e0nh, \u1edf \u0111\u00e2y l\u00e0 sau khi k\u1ebft th\u00fac vi\u1ec7c cung c\u1ea5p d\u1ecbch v\u1ee5 h\u1ed9i nh\u1eadp cho b\u1ea1n, v\u00e0 trong th\u1eddi gian d\u00e0i nh\u1ea5t l\u00e0 trong v\u00f2ng 10 n\u0103m ti\u1ebfp theo t\u1eeb ng\u00e0y 1 th\u00e1ng 1 n\u0103m ti\u1ebfp theo sau khi k\u1ebft th\u00fac d\u1ef1 \u00e1n, trong th\u1eddi gian \u0111\u01b0\u1ee3c quy \u0111\u1ecbnh theo lu\u1eadt ho\u1eb7c theo th\u1eddi h\u1ea1n c\u1ee7a v\u0103n b\u1ea3n \u0111\u1ed3ng \u00fd v\u1edbi vi\u1ec7c x\u1eed l\u00fd c\u00e1c d\u1eef li\u1ec7u c\u00e1 nh\u00e2n.<\/p>\n<h2 style=\"text-align: left;\">\u0110i\u1ec1u ki\u1ec7n x\u1eed l\u00fd, th\u00f4ng tin v\u1ec1 vi\u1ec7c x\u1eed l\u00fd v\u00e0 quy\u1ec1n l\u1ee3i c\u1ee7a kh\u00e1ch h\u00e0ng<\/h2>\n<p style=\"text-align: left;\">Vi\u1ec7c x\u1eed l\u00fd d\u1eef li\u1ec7u c\u00e1 nh\u00e2n ti\u1ebfp theo \u0111\u01b0\u1ee3c \u0111i\u1ec1u ch\u1ec9nh b\u1edfi nh\u1eefng quy \u0111\u1ecbnh c\u1ee7a n\u1ed9i b\u1ed9 ICP, tr\u01b0\u1edbc ti\u00ean l\u00e0 c\u00e1c quy \u0111\u1ecbnh v\u1ec1 l\u01b0u tr\u1eef d\u1eef li\u1ec7u c\u00e1 nh\u00e2n, quy t\u1eafc \u0111\u1ea1o \u0111\u1ee9c, c\u1ea5t gi\u1eef v\u00e0 ph\u00e2n t\u1ec7p \u0111\u1ec3 \u0111\u1ea3m b\u1ea3o b\u1ea3o v\u1ec7 cho d\u1eef li\u1ec7u c\u00e1 nh\u00e2n c\u1ee7a b\u1ea1n tr\u01b0\u1edbc vi\u1ec7c b\u1ecb l\u1ea1m d\u1ee5ng, m\u1ea5t m\u00e1t ho\u1eb7c ti\u00eau h\u1ee7y.<\/p>\n<p style=\"text-align: left;\">B\u1ea1n ph\u1ea3i cung c\u1ea5p cho ICP c\u00e1c th\u00f4ng tin ch\u00ednh x\u00e1c v\u00e0 \u0111\u1ea7y \u0111\u1ee7 v\u1ec1 li\u00ean h\u1ec7 v\u00e0 d\u1eef li\u1ec7u nh\u1eadn d\u1ea1ng c\u00e1 nh\u00e2n, \u0111\u1ecba ch\u1ec9 l\u01b0u tr\u00fa t\u1ea1i c\u1ed9ng h\u00f2a S\u00e9c v\u00e0 nh\u1eefng d\u1eef li\u1ec7u c\u1ea7n thi\u1ebft \u0111\u1ec3 cung c\u1ea5p d\u1ecbch v\u1ee5 h\u1ed9i nh\u1eadp. Vi\u1ec7c cung c\u1ea5p c\u00e1c d\u1eef li\u1ec7u tr\u00ean l\u00e0 c\u1ea7n thi\u1ebft cho c\u00e1c ho\u1ea1t \u0111\u1ed9ng c\u1ee7a ICP v\u00e0 vi\u1ec7c cung c\u1ea5p d\u1ecbch v\u1ee5 h\u1ed9i nh\u1eadp, thi\u1ebfu nh\u1eefng th\u00f4ng tin n\u00e0y ICP kh\u00f4ng th\u1ec3 cung c\u1ea5p d\u1ecbch v\u1ee5 h\u1ed9i nh\u1eadp cho b\u1ea1n \u0111\u01b0\u1ee3c.<\/p>\n<p style=\"text-align: left;\">D\u1ef1a tr\u00ean c\u01a1 s\u1edf y\u00eau c\u1ea7u b\u1eb1ng v\u0103n b\u1ea3n, ICP b\u1eaft bu\u1ed9c ph\u1ea3i cung c\u1ea5p cho b\u1ea1n m\u1ed9t n\u0103m m\u1ed9t l\u1ea7n mi\u1ec5n ph\u00ed c\u00e1c th\u00f4ng tin v\u1ec1 vi\u1ec7c x\u1eed l\u00fd d\u1eef li\u1ec7u c\u00e1 nh\u00e2n c\u1ee7a b\u1ea1n nh\u01b0 th\u1ebf n\u00e0o, \u1edf m\u1ee9c \u0111\u1ed9 n\u00e0o v\u00e0 b\u1ea1n c\u00f3 quy\u1ec1n truy c\u1eadp c\u00e1c d\u1eef li\u1ec7u c\u00e1 nh\u00e2n n\u00e0y ho\u1eb7c b\u1ea3n sao c\u00e1c d\u1eef li\u1ec7u c\u00e1 nh\u00e2n n\u00e0y. Ngo\u00e0i ra b\u1ea1n c\u00f3 th\u1ec3 l\u1ea5y nh\u1eefng th\u00f4ng tin n\u00e0y b\u1ea5t k\u1ef3 khi n\u00e0o v\u1edbi m\u1ed9t m\u1ee9c ph\u00ed h\u1ee3p l\u00fd.<\/p>\n<p style=\"text-align: left;\">N\u1ebfu b\u1ea1n nh\u1eadn th\u1ea5y r\u1eb1ng ICP hay b\u1ea5t k\u1ef3 ng\u01b0\u1eddi x\u1eed l\u00fd ho\u1eb7c nh\u1eefng ng\u01b0\u1eddi kh\u00e1c nh\u1eadn \u0111\u01b0\u1ee3c d\u1eef li\u1ec7u c\u00e1 nh\u00e2n c\u1ee7a b\u1ea1n \u0111\u00e3 x\u1eed l\u00fd d\u1eef li\u1ec7u c\u00e1 nh\u00e2n c\u1ee7a b\u1ea1n kh\u00f4ng \u0111\u00fang v\u1edbi c\u00e1c quy \u0111\u1ecbnh ph\u00e1p lu\u1eadt v\u00e0 tr\u00e1i v\u1edbi c\u00e1c quy \u0111\u1ecbnh v\u1ec1 b\u1ea3o v\u1ec7 d\u1eef li\u1ec7u c\u00e1 nh\u00e2n, v\u00e0 \u0111\u1eb7c bi\u1ec7t n\u1ebfu d\u1eef li\u1ec7u c\u00e1 nh\u00e2n c\u1ee7a b\u1ea1n kh\u00f4ng ch\u00ednh x\u00e1c b\u1ea1n c\u00f3 th\u1ec3: 1) Y\u00eau c\u1ea7u s\u1ef1 gi\u1ea3i th\u00edch c\u1ee7a ICP, nh\u1eefng ng\u01b0\u1eddi x\u1eed l\u00fd d\u1eef li\u1ec7u c\u1ee7a ICP ho\u1eb7c nh\u1eefng ng\u01b0\u1eddi ti\u1ebfp nh\u1eadn d\u1eef li\u1ec7u, 2) y\u00eau c\u1ea7u ICP x\u00f3a b\u1ecf t\u00ecnh tr\u1ea1ng x\u1ea3y ra, 3) y\u00eau c\u1ea7u s\u1eeda ch\u1eefa d\u1eef li\u1ec7u c\u00e1 nh\u00e2n c\u1ee7a b\u1ea1n 4) trong tr\u01b0\u1eddng h\u1ee3p s\u1eed d\u1ee5ng c\u00e1c d\u1eef li\u1ec7u cho vi\u1ec7c qu\u1ea3ng c\u00e1o v\u00e0 m\u1ee5c \u0111\u00edch th\u00f4ng b\u00e1o, c\u00e1c b\u1ea1n c\u00f3 th\u1ec3 ph\u1ea3n \u0111\u1ed1i vi\u1ec7c x\u1eed l\u00fd d\u1eef li\u1ec7u c\u1ee7a b\u1ea1n, 5) Y\u00eau c\u1ea7u v\u1ec1 vi\u1ec7c h\u1ea1n ch\u1ebf x\u1eed l\u00fd v\u00ec l\u00fd do ph\u00e1p lu\u1eadt 6) \u00fd ki\u1ebfn \u0111\u1ec3 gi\u1ea3i quy\u1ebft v\u1edbi \u1ee6y ban B\u1ea3o v\u1ec7 D\u1eef li\u1ec7u c\u00e1 nh\u00e2n.<\/p>\n<p style=\"text-align: left;\">B\u1ea1n c\u0169ng c\u00f3 quy\u1ec1n di chuy\u1ec3n c\u00e1c d\u1eef li\u1ec7u n\u00e0y v\u00e0 x\u00f3a c\u00e1c d\u1eef li\u1ec7u c\u00e1 nh\u00e2n c\u1ee7a b\u1ea1n d\u1ef1a v\u00e0o c\u00e1c quy \u0111\u1ecbnh ph\u00e1p lu\u1eadt.<\/p>\n<p style=\"text-align: left;\">\u0110\u1ec3 th\u1ef1c hi\u1ec7n nh\u1eefng quy\u1ec1n l\u1ee3i n\u00e0y b\u1ea1n c\u00f3 th\u1ec3 vi\u1ebft cho nh\u00e2n vi\u00ean c\u1ee7a trung t\u00e2m th\u00f4ng tin ICP ho\u1eb7c c\u00e1c chi nh\u00e1nh ho\u1eb7c th\u00f4ng qua \u0111\u1ecba ch\u1ec9 email <a href=\"mailto:a.covrigova@icpraha.com\">a.covrigova@icpraha.com<\/a>.<\/p>\n<p style=\"text-align: left;\">C\u00e1c b\u1ea1n c\u00f3 quy\u1ec1n nh\u1eadn \u0111\u01b0\u1ee3c ph\u1ea3n h\u1ed3i kh\u00f4ng ch\u1eadm tr\u1ec5 c\u1ee7a ICP d\u1ef1a tr\u00ean \u0111\u01a1n y\u00eau c\u1ea7u c\u1ee7a m\u00ecnh v\u00e0 c\u00e2u tr\u1ea3 l\u1eddi mu\u1ed9n nh\u1ea5t l\u00e0 trong v\u00f2ng m\u1ed9t th\u00e1ng. Trong tr\u01b0\u1eddng h\u1ee3p c\u00f3 l\u00fd do h\u1ee3p l\u00fd, ICP c\u00f3 th\u1ec3 k\u00e9o d\u00e0i th\u1eddi h\u1ea1n th\u00eam hai th\u00e1ng ti\u1ebfp theo v\u00e0 b\u1eaft bu\u1ed9c ph\u1ea3i th\u00f4ng b\u00e1o cho b\u1ea1n v\u1ec1 nh\u1eefng l\u00fd do n\u00e0y. Y\u00eau c\u1ea7u c\u1ee7a b\u1ea1n s\u1ebd \u0111\u01b0\u1ee3c th\u1ef1c hi\u1ec7n mi\u1ec5n ph\u00ed m\u1ed9t n\u0103m m\u1ed9t l\u1ea7n, c\u00f2n l\u1ea1i s\u1ebd \u0111\u01b0\u1ee3c t\u00ednh ph\u00ed h\u1ee3p l\u00fd.<\/p>\n<\/div><\/section><\/div><\/div><!--close column table wrapper. Autoclose: 1 -->\n","protected":false},"excerpt":{"rendered":"","protected":false},"author":1,"featured_media":0,"parent":0,"menu_order":0,"comment_status":"closed","ping_status":"closed","template":"","meta":{"footnotes":""},"class_list":["post-5475","page","type-page","status-publish","hentry"],"yoast_head":"<!-- This site is optimized with the Yoast SEO plugin v25.3 - https:\/\/yoast.com\/wordpress\/plugins\/seo\/ -->\n<title>GDPR - Integra\u010dn\u00ed centrum Praha<\/title>\n<meta name=\"robots\" content=\"noindex, follow, max-snippet:-1, max-image-preview:large, max-video-preview:-1\" \/>\n<meta property=\"og:locale\" content=\"vi_VN\" \/>\n<meta property=\"og:type\" content=\"article\" \/>\n<meta property=\"og:title\" content=\"GDPR - Integra\u010dn\u00ed centrum Praha\" \/>\n<meta property=\"og:url\" content=\"https:\/\/old.icpraha.com\/ochrana-osobnich-udaju\/\" \/>\n<meta property=\"og:site_name\" content=\"Integra\u010dn\u00ed centrum Praha\" \/>\n<meta property=\"article:publisher\" content=\"https:\/\/www.facebook.com\/ICPraha\" \/>\n<meta property=\"article:modified_time\" content=\"2021-01-26T13:45:38+00:00\" \/>\n<meta property=\"og:image\" content=\"https:\/\/old.icpraha.com\/wp-content\/uploads\/2018\/11\/shareimg.png\" \/>\n\t<meta property=\"og:image:width\" content=\"1200\" \/>\n\t<meta property=\"og:image:height\" content=\"630\" \/>\n\t<meta property=\"og:image:type\" content=\"image\/png\" \/>\n<meta name=\"twitter:card\" content=\"summary_large_image\" \/>\n<meta name=\"twitter:site\" content=\"@ICPraha\" \/>\n<meta name=\"twitter:label1\" content=\"Est. reading time\" \/>\n\t<meta name=\"twitter:data1\" content=\"15 minutes\" \/>\n<script type=\"application\/ld+json\" class=\"yoast-schema-graph\">{\"@context\":\"https:\/\/schema.org\",\"@graph\":[{\"@type\":\"WebPage\",\"@id\":\"https:\/\/old.icpraha.com\/ochrana-osobnich-udaju\/\",\"url\":\"https:\/\/old.icpraha.com\/ochrana-osobnich-udaju\/\",\"name\":\"GDPR - Integra\u010dn\u00ed centrum Praha\",\"isPartOf\":{\"@id\":\"https:\/\/icpraha.com\/uk\/#website\"},\"datePublished\":\"2018-11-07T13:33:12+00:00\",\"dateModified\":\"2021-01-26T13:45:38+00:00\",\"breadcrumb\":{\"@id\":\"https:\/\/old.icpraha.com\/ochrana-osobnich-udaju\/#breadcrumb\"},\"inLanguage\":\"vi-VN\",\"potentialAction\":[{\"@type\":\"ReadAction\",\"target\":[\"https:\/\/old.icpraha.com\/ochrana-osobnich-udaju\/\"]}]},{\"@type\":\"BreadcrumbList\",\"@id\":\"https:\/\/old.icpraha.com\/ochrana-osobnich-udaju\/#breadcrumb\",\"itemListElement\":[{\"@type\":\"ListItem\",\"position\":1,\"name\":\"Dom\u016f\",\"item\":\"https:\/\/icpraha.com\/vi\/\"},{\"@type\":\"ListItem\",\"position\":2,\"name\":\"GDPR\"}]},{\"@type\":\"WebSite\",\"@id\":\"https:\/\/icpraha.com\/uk\/#website\",\"url\":\"https:\/\/icpraha.com\/uk\/\",\"name\":\"Integra\u010dn\u00ed centrum Praha\",\"description\":\"Praha \u2013 Metropole v\u0161ech\",\"publisher\":{\"@id\":\"https:\/\/icpraha.com\/uk\/#organization\"},\"potentialAction\":[{\"@type\":\"SearchAction\",\"target\":{\"@type\":\"EntryPoint\",\"urlTemplate\":\"https:\/\/icpraha.com\/uk\/?s={search_term_string}\"},\"query-input\":{\"@type\":\"PropertyValueSpecification\",\"valueRequired\":true,\"valueName\":\"search_term_string\"}}],\"inLanguage\":\"vi-VN\"},{\"@type\":\"Organization\",\"@id\":\"https:\/\/icpraha.com\/uk\/#organization\",\"name\":\"Integra\u010dn\u00ed centrum Praha o.p.s.\",\"url\":\"https:\/\/icpraha.com\/uk\/\",\"logo\":{\"@type\":\"ImageObject\",\"inLanguage\":\"vi-VN\",\"@id\":\"https:\/\/icpraha.com\/uk\/#\/schema\/logo\/image\/\",\"url\":\"https:\/\/old.icpraha.com\/wp-content\/uploads\/2018\/08\/ICP-full-color-medium.png\",\"contentUrl\":\"https:\/\/old.icpraha.com\/wp-content\/uploads\/2018\/08\/ICP-full-color-medium.png\",\"width\":1000,\"height\":429,\"caption\":\"Integra\u010dn\u00ed centrum Praha o.p.s.\"},\"image\":{\"@id\":\"https:\/\/icpraha.com\/uk\/#\/schema\/logo\/image\/\"},\"sameAs\":[\"https:\/\/www.facebook.com\/ICPraha\",\"https:\/\/x.com\/ICPraha\",\"https:\/\/www.instagram.com\/icpraha\"]}]}<\/script>\n<!-- \/ Yoast SEO plugin. -->","yoast_head_json":{"title":"GDPR - Integra\u010dn\u00ed centrum Praha","robots":{"index":"noindex","follow":"follow","max-snippet":"max-snippet:-1","max-image-preview":"max-image-preview:large","max-video-preview":"max-video-preview:-1"},"og_locale":"vi_VN","og_type":"article","og_title":"GDPR - Integra\u010dn\u00ed centrum Praha","og_url":"https:\/\/old.icpraha.com\/ochrana-osobnich-udaju\/","og_site_name":"Integra\u010dn\u00ed centrum Praha","article_publisher":"https:\/\/www.facebook.com\/ICPraha","article_modified_time":"2021-01-26T13:45:38+00:00","og_image":[{"width":1200,"height":630,"url":"https:\/\/old.icpraha.com\/wp-content\/uploads\/2018\/11\/shareimg.png","type":"image\/png"}],"twitter_card":"summary_large_image","twitter_site":"@ICPraha","twitter_misc":{"Est. reading time":"15 minutes"},"schema":{"@context":"https:\/\/schema.org","@graph":[{"@type":"WebPage","@id":"https:\/\/old.icpraha.com\/ochrana-osobnich-udaju\/","url":"https:\/\/old.icpraha.com\/ochrana-osobnich-udaju\/","name":"GDPR - Integra\u010dn\u00ed centrum Praha","isPartOf":{"@id":"https:\/\/icpraha.com\/uk\/#website"},"datePublished":"2018-11-07T13:33:12+00:00","dateModified":"2021-01-26T13:45:38+00:00","breadcrumb":{"@id":"https:\/\/old.icpraha.com\/ochrana-osobnich-udaju\/#breadcrumb"},"inLanguage":"vi-VN","potentialAction":[{"@type":"ReadAction","target":["https:\/\/old.icpraha.com\/ochrana-osobnich-udaju\/"]}]},{"@type":"BreadcrumbList","@id":"https:\/\/old.icpraha.com\/ochrana-osobnich-udaju\/#breadcrumb","itemListElement":[{"@type":"ListItem","position":1,"name":"Dom\u016f","item":"https:\/\/icpraha.com\/vi\/"},{"@type":"ListItem","position":2,"name":"GDPR"}]},{"@type":"WebSite","@id":"https:\/\/icpraha.com\/uk\/#website","url":"https:\/\/icpraha.com\/uk\/","name":"Integra\u010dn\u00ed centrum Praha","description":"Praha \u2013 Metropole v\u0161ech","publisher":{"@id":"https:\/\/icpraha.com\/uk\/#organization"},"potentialAction":[{"@type":"SearchAction","target":{"@type":"EntryPoint","urlTemplate":"https:\/\/icpraha.com\/uk\/?s={search_term_string}"},"query-input":{"@type":"PropertyValueSpecification","valueRequired":true,"valueName":"search_term_string"}}],"inLanguage":"vi-VN"},{"@type":"Organization","@id":"https:\/\/icpraha.com\/uk\/#organization","name":"Integra\u010dn\u00ed centrum Praha o.p.s.","url":"https:\/\/icpraha.com\/uk\/","logo":{"@type":"ImageObject","inLanguage":"vi-VN","@id":"https:\/\/icpraha.com\/uk\/#\/schema\/logo\/image\/","url":"https:\/\/old.icpraha.com\/wp-content\/uploads\/2018\/08\/ICP-full-color-medium.png","contentUrl":"https:\/\/old.icpraha.com\/wp-content\/uploads\/2018\/08\/ICP-full-color-medium.png","width":1000,"height":429,"caption":"Integra\u010dn\u00ed centrum Praha o.p.s."},"image":{"@id":"https:\/\/icpraha.com\/uk\/#\/schema\/logo\/image\/"},"sameAs":["https:\/\/www.facebook.com\/ICPraha","https:\/\/x.com\/ICPraha","https:\/\/www.instagram.com\/icpraha"]}]}},"_links":{"self":[{"href":"https:\/\/old.icpraha.com\/vi\/wp-json\/wp\/v2\/pages\/5475","targetHints":{"allow":["GET"]}}],"collection":[{"href":"https:\/\/old.icpraha.com\/vi\/wp-json\/wp\/v2\/pages"}],"about":[{"href":"https:\/\/old.icpraha.com\/vi\/wp-json\/wp\/v2\/types\/page"}],"author":[{"embeddable":true,"href":"https:\/\/old.icpraha.com\/vi\/wp-json\/wp\/v2\/users\/1"}],"replies":[{"embeddable":true,"href":"https:\/\/old.icpraha.com\/vi\/wp-json\/wp\/v2\/comments?post=5475"}],"version-history":[{"count":0,"href":"https:\/\/old.icpraha.com\/vi\/wp-json\/wp\/v2\/pages\/5475\/revisions"}],"wp:attachment":[{"href":"https:\/\/old.icpraha.com\/vi\/wp-json\/wp\/v2\/media?parent=5475"}],"curies":[{"name":"wp","href":"https:\/\/api.w.org\/{rel}","templated":true}]}}