{"id":12255,"date":"2020-01-10T15:03:34","date_gmt":"2020-01-10T14:03:34","guid":{"rendered":"https:\/\/icpraha.com\/?page_id=12255"},"modified":"2024-05-20T10:27:26","modified_gmt":"2024-05-20T09:27:26","slug":"%e7%bb%8f%e5%b8%b8%e9%97%ae%e9%81%93%e7%9a%84%e9%97%ae%e9%a2%98","status":"publish","type":"page","link":"https:\/\/old.icpraha.com\/zh-hans\/%e7%bb%8f%e5%b8%b8%e9%97%ae%e9%81%93%e7%9a%84%e9%97%ae%e9%a2%98\/","title":{"rendered":"\u7ecf\u5e38\u95ee\u9053\u7684\u95ee\u9898"},"content":{"rendered":"<div id='av_section_1'  class='avia-section av-q4mymm-74ee6d170c1b09eeecde121ca739d887 main_color avia-section-default avia-no-border-styling  avia-builder-el-0  avia-builder-el-no-sibling  avia-bg-style-scroll container_wrap fullsize'  ><div class='container av-section-cont-open' ><main  role=\"main\" itemprop=\"mainContentOfPage\"  class='template-page content  av-content-full alpha units'><div class='post-entry post-entry-type-page post-entry-12255'><div class='entry-content-wrapper clearfix'>\n<section  class='av_textblock_section av-jz8dpk74-49259ed0201f7cef81e17af23400e78f '   itemscope=\"itemscope\" itemtype=\"https:\/\/schema.org\/CreativeWork\" ><div class='avia_textblock'  itemprop=\"text\" ><h1 style=\"text-align: center;\"><span style=\"font-weight: 400;\">\u5e38\u89c1\u95ee\u9898<\/span><\/h1>\n<h3><strong>1. \u6211\u60f3\u5b66\u6377\u8bed\u3002\u8bfe\u7a0b\u4ec0\u4e48\u65f6\u5019\u5f00\u59cb\uff1f<\/strong><\/h3>\n<p>ICP \u6210\u4eba\u6377\u514b\u8bed\u8bfe\u7a0b\u6bcf\u5e74\u5f00\u8bbe\u4e24\u6b21\u3002\u6c38\u4e45\u5c45\u7559\u8003\u8bd5\u51c6\u5907\u8bfe\u7a0b\u3001\u53e3\u8bed\u8bfe\u7a0b\u548c\u7535\u5b50\u5b66\u4e60\u8bfe\u7a0b\u6bcf\u5e74\u4e5f\u5f00\u8bbe\u4e24\u6b21\u3002\u5177\u4f53\u7684\u8bfe\u7a0b\u62a5\u540d\u65e5\u671f\u5c06\u5728\u76f8\u5e94\u8bfe\u7a0b\u7684 &#8220;\u8be6\u60c5+\u62a5\u540d &#8220;\u90e8\u5206\u63d0\u524d\u516c\u5e03\u3002<\/p>\n<h3><strong>2.\u6211\u4e0d\u77e5\u9053\u6211\u7684\u6377\u8bed\u6c34\u5e73\u3002<\/strong><\/h3>\n<p><span style=\"font-weight: 400;\">\u6ca1\u5173\u7cfb\uff01\u62a5\u540d\u7b2c\u4e00\u9636\u6bb5\u53ef\u4ee5\u5b8c\u6210\u5206\u7ea7\u6d4b\u8bd5\u4ee5\u8bc4\u4ef7\u60a8\u7684\u6377\u8bed\u6c34\u5e73\u3002\u7cfb\u7edf\u5c06\u6839\u636e\u6d4b\u8bd5\u7ed3\u679c\u51b3\u5b9a\u60a8\u7684\u6377\u8bed\u6c34\u5e73\u662fA1\u8fd8\u662fA2\u3002\u96f6\u57fa\u7840\uff0c\u53ef\u4ee5\u8dc3\u8fc7\u6d4b\u8bd5\u3002<\/span><\/p>\n<p><span style=\"font-weight: 400;\">\u8bf7\u6ce8\u610f\uff1a\u5982\u679c\u6709\u4eba\u66ff\u60a8\u5b8c\u6210\u6d4b\u8bd5\uff0c\u6211\u4eec\u5c06\u65e0\u6cd5\u5224\u65ad\u60a8\u7684\u6377\u8bed\u6c34\u5e73\uff0c\u4ece\u800c\u60a8\u65e0\u6cd5\u62a5\u540d\u9002\u5408\u60a8\u7684\u8bfe\u7a0b\u3002\u56e0\u6b64\u4e3a\u4e86\u907f\u514d\u51fa\u95ee\u9898\uff0c\u8bf7\u60a8\u81ea\u5df1\u5b8c\u6210\u6d4b\u8bd5\u3002\u8c22\u8c22\u3002<\/span><\/p>\n<h3><strong>3.\u53ef\u4ee5\u63d0\u524d\u62a5\u540d\uff0c\u4fdd\u8bc1\u81ea\u5df1\u7684\u4f4d\u7f6e\u5417?<\/strong><\/h3>\n<p><span style=\"font-weight: 400;\">\u62b1\u6b49\uff0c\u65e0\u6cd5\u4fdd\u8bc1\u53c2\u52a0\u8bfe\u7a0b\u7684\u4f4d\u7f6e\u3002\u6bcf\u5e74\u7ec4\u7ec7\u62a5\u540d\u6709\u4e24\u6b21\u3002\u9664\u4e86\u6307\u5b9a\u65f6\u95f4\u4ee5\u5916\u65e0\u6cd5\u62a5\u540d\u53c2\u52a0\u6377\u8bed\u8bfe\u7a0b\u3002\u5173\u4e8e\u62a5\u540d\u53c2\u52a0\u6377\u8bed\u8bfe\u7a0b\u7684\u4fe1\u606f\uff0c\u6211\u4eec\u5728\u7f51\u7ad9\u4e0a\u516c\u5e03\u3002\u8bf7\u60a8\u53ea\u5173\u6ce8ICP\u5b98\u65b9\u7f51\u7ad9\uff0c\u4e0d\u8981\u76f8\u4fe1\u5b98\u65b9\u7f51\u4ee5\u5916\u7684\u8d44\u6e90\u3002<\/span><\/p>\n<h3><strong>4.\u53ef\u4ee5\u6362\u4e2a\u8bfe\u7a0b\u6216\u66f4\u6539\u8bfe\u7a0b\u65f6\u95f4\u5417?<\/strong><\/h3>\n<p>\u5728\u6ce8\u518c\u5468\u671f\u95f4\uff0c\u60a8\u53ef\u4ee5\u6839\u636e\u6ce8\u518c\u7cfb\u7edf\u4e2d\u7684\u83dc\u5355\u968f\u610f\u66f4\u6539\u8bfe\u7a0b\u9009\u62e9\u3002\u4e00\u65e6\u6ce8\u518c\u5468\u7ed3\u675f\uff0c\u8bfe\u7a0b\u5f00\u59cb\u540e\uff0c\u60a8\u5c31\u4e0d\u80fd\u66f4\u6539\u8bfe\u7a0b\u3002<\/p>\n<p>\u60a8\u4ed4\u7ec6\u8003\u8651\u662f\u5426\u80fd\u53c2\u4e0e\u6240\u62a5\u540d\u7684\u8bfe\u7a0b (\u8bfe\u7a0b\u7684\u65e5\u671f\u3001\u65f6\u95f4\u548c\u5f62\u5f0f\u662f\u5426\u9002\u5408\u60a8)<\/p>\n<h3><strong>5.\u6240\u63d0\u4f9b\u8bfe\u7a0b\uff0c\u6ca1\u6709\u9002\u5408\u6211\u7684\uff0c\u600e\u4e48\u529e?<\/strong><\/h3>\n<p><span style=\"font-weight: 400;\">\u62b1\u6b49\uff0c\u6211\u4eec\u6ca1\u6709\u9002\u5408\u60a8\u7684\u6377\u8bed\u8bfe\u7a0b\u3002\u4e0d\u8fc7\u6211\u4eec\u4e0d\u662f\u5728\u5e03\u62c9\u683c\u63d0\u4f9b\u6377\u8bed\u8bfe\u7a0b\u7684\u552f\u4e00\u4e00\u4e2a\u7ec4\u7ec7\u3002\u5efa\u8bae\u60a8\u67e5\u4e00\u4e0b\u4e0b\u5217\u7ec4\u7ec7:<\/span><\/p>\n<p><a href=\"https:\/\/www.cicops.cz\/cz\/\"><span style=\"font-weight: 400;\">CIC \u2013 Centrum pro integraci cizinc\u016f<\/span><\/a><\/p>\n<p><a href=\"https:\/\/meta-ops.eu\/\"><span style=\"font-weight: 400;\">META\u00a0<\/span><\/a><\/p>\n<p><a href=\"https:\/\/inbaze.cz\/\"><span style=\"font-weight: 400;\">InB\u00e1ze<\/span><\/a><\/p>\n<p><a href=\"http:\/\/www.p-p-i.cz\/\"><span style=\"font-weight: 400;\">Poradna pro integraci<\/span><\/a><\/p>\n<p><a href=\"http:\/\/ujop.cuni.cz\/en\/\"><span style=\"font-weight: 400;\">\u00dastav jazykov\u00e9 a odborn\u00e9 p\u0159\u00edpravy Univerzity Karlovy<\/span><\/a><\/p>\n<h3><strong>6.\u4e3a\u4ec0\u4e48\u8bf4\u8bfe\u7a0b\u662f\u514d\u8d39\u7684\uff0c\u800c\u6211\u8981\u652f\u4ed8\u4e24\u5343\u514b\u6717\uff1f<\/strong><\/h3>\n<p>\u60a8\u4ea4\u4ed8\u7684\u91d1\u989d\u4e0d\u662f\u5b66\u8d39\u800c\u662f\u53ef\u9000\u6362\u7684\u62bc\u91d1\u3002\u5982\u679c\u5b66\u751f\u5b8c\u6210\u81f3\u5c1170%\u7684\u8bfe\u7a0b\u5e76\u5728\u671f\u672b\u8003\u8bd5\u83b7\u5f97\u81f3\u5c1170%\uff0c\u62bc\u91d1\u5c06\u9000\u8fd8\u7ed9\u5b66\u751f.<br \/>\n\u8fd9\u4e2a\u63aa\u65bd\u76ee\u7684\u662f\u8ba9\u771f\u6b63\u5e0c\u671b\u53c2\u52a0\u8bfe\u7a0b\u7684\u5b66\u5458\u624d\u62a5\u540d\u53c2\u52a0\u3002.<\/p>\n<h3><strong>7.\u4f60\u4eec\u8bf4\u4e0d\u80fd\u7ed9\u6240\u6709\u7684\u4eba\u63d0\u4f9b\u670d\u52a1\u3002\u6211\u600e\u4e48\u77e5\u9053\u6211\u662f\u5426\u5c5e\u4e8e\u4f60\u4eec\u7684\u76ee\u6807\u7fa4\uff0c\u4e5f\u5c31\u662f\u8bf4\u662f\u5426\u53ef\u4ee5\u62a5\u540d\u53c2\u52a0\u6377\u8bed\u8bfe\u7a0b?<\/strong><\/h3>\n<p><span style=\"font-weight: 400;\">\u6211\u4eec\u7684\u670d\u52a1\uff0c\u7531\u6b27\u76df\u4f9b\u7ed9\u8d44\u91d1\u5e76\u7531\u6b27\u76df\u89c4\u5b9a\u76f8\u5173\u6761\u4f8b\uff0c\u5176\u4e2d\u5305\u62ec\u670d\u52a1\u76ee\u6807\u7fa4\uff1a\u5728\u6377\u514b\u630190\u5929\u4ee5\u4e0a\u5c45\u7559\u8bb8\u53ef\uff08\u957f\u671f\u7b7e\u8bc1\u3001\u957f\u671f\u5c45\u7559\u3001\u4e34\u65f6\u5c45\u7559\u3001\u6c38\u4e45\u5c45\u7559\u7b49,\u6682\u65f6\u4fdd\u62a4\uff09\u6216\u5728\u6377\u514b\u5df2\u4e88\u4ee5\u56fd\u9645\u4fdd\u62a4\uff08\u5305\u62ec\u5e87\u62a4\u548c\u8865\u5145\u4fdd\u62a4\uff09\u7684\u975e\u6b27\u76df\u516c\u6c11.<\/span><\/p>\n<h3><strong>8.\u6211\u6ca1\u62a5\u4e0a\uff0c\u600e\u4e48\u529e\uff1f<\/strong><\/h3>\n<p><span style=\"font-weight: 400;\">\u5047\u5982\u7cfb\u7edf\u6ca1\u6709\u628a\u60a8\u62bd\u9009\u4e3a\u5b66\u5458\uff0c\u4e5f\u4e48\u6709\u628a\u60a8\u653e\u5165\u7b49\u5f85\u540d\u5355\uff0c\u5f88\u62b1\u6b49\uff0c\u6211\u4eec\u5e2e\u4e0d\u4e86\u60a8\u4e86\u3002\u4e0d\u8fc7\u4e0d\u8981\u7edd\u671b\uff0c\u60a8\u4e0b\u5b66\u671f\u53ef\u4ee5\u62a5\u540d\u53c2\u52a0\u3002\u4e5f\u53ef\u4ee5\u8bd5\u8bd5\u8ddf\u5176\u4ed6\u63d0\u4f9b\u6377\u8bed\u8bfe\u7684\u673a\u6784\u8054\u7cfb\u3002<\/span><\/p>\n<p><span style=\"font-weight: 400;\">\u8bf7\u8bb0\u5f97\uff0cICP\u6bcf\u6b21\u5f00\u73ed\u90fd\u6709\u51e0\u767e\u4e2a\u4eba\u60f3\u62a5\u540d\u53c2\u52a0\u3002<\/span><\/p>\n<p><span style=\"font-weight: 400;\">\u6211\u4eec\u5728\u5168\u529b\u4ee5\u8d74\u8ba9\u5c3d\u53ef\u80fd\u591a\u7684\u4eba\u6709\u673a\u4f1a\u53c2\u52a0\u8bfe\u7a0b\uff0c\u6211\u4eec\u4e5f\u5728\u52aa\u529b\u7ee7\u7eed\u63d0\u4f9b\u9ad8\u54c1\u8d28\u8bfe\u7a0b\u3002<\/span><\/p>\n<h3><strong>9.\u8bfe\u7a0b\u5728\u54ea\u513f\u8fdb\u884c\uff1f<\/strong><\/h3>\n<p><span style=\"font-weight: 400;\">\u5927\u90e8\u5206\u8bfe\u7a0b\u5728ICP\u878d\u5408\u4e2d\u5fc3\u7684\u6559\u5ba4\u4e0a\u8bfe\uff1a\u017ditn\u00e1 1574\/51\uff0c\u5e03\u62c9\u683c1\u533a\u3002<\/span><\/p>\n<h3><strong>10.\u7cfb\u7edf\u5728\u663e\u793a\u6211\u5728\u7b49\u5f85\u540d\u5355\u4e0a\uff0c\u600e\u4e48\u529e\uff1f<\/strong><\/h3>\n<p><span style=\"font-weight: 400;\">\u5047\u5982\u88ab\u7cfb\u7edf\u9009\u51fa\u4f5c\u4e3a\u7b49\u5f85\u540d\u5355\uff0c\u60a8\u8fd8\u6709\u673a\u4f1a\u53c2\u52a0\u8bfe\u7a0b\u3002\u4e00\u65e6\u6709\u7a7a\u51fa\u7684\u5b66\u4f4d\uff0c\u6211\u4eec\u5c31\u4f1a\u8054\u7cfb\u7b49\u5f85\u540d\u5355\u4e0a\u7684\u4eba\u3002\u6700\u665a\u8054\u7cfb\u671f\u9650\u4e3a\u8bfe\u7a0b\u7b2c\u4e09\u5802\u8bfe\u3002<\/span><\/p>\n<h3><strong>11.\u6211\u5fd8\u4e86\u5bc6\u7801\uff0c\u600e\u4e48\u529e\uff1f<\/strong><\/h3>\n<p><span style=\"font-weight: 400;\">\u5bc6\u7801\u91cd\u7f6e\u5f88\u7b80\u5355\u3002\u6309\u4e0b\u201c\u5bc6\u7801\u91cd\u7f6e\u201d\u6309\u94ae\u5373\u53ef\u3002\u65b0\u5bc6\u7801\u4f1a\u90ae\u4ef6\u53d1\u9001\u7ed9\u60a8\u7684\u3002\u5373\u4fbf\u5982\u6b64\uff0c\u8bf7\u8bb0\u4f4f\u60a8\u7684\u767b\u5f55\u4fe1\u606f\uff0c\u56e0\u4e3a\u7cfb\u7edf\u4f1a\u663e\u793a\u8bfe\u7a0b\u76f8\u5173\u4fe1\u606f\u548c\u62bc\u91d1\u4ea4\u4ed8\u6307\u793a\u3002\u8bf7\u4e0d\u8981\u5728\u62a5\u540d\u7cfb\u7edf\u4e2d\u6ce8\u518c\u591a\u4e2a\u8d26\u6237\uff0c\u8fd9\u6837\u4e0d\u4f1a\u63d0\u9ad8\u60a8\u88ab\u62bd\u9009\u7684\u51e0\u7387\uff0c\u800c\u591a\u4f59\u7684\u8d26\u6237\u4f1a\u88ab\u5220\u6389\u7684\u3002<\/span><\/p>\n<h3><strong>12.\u53ef\u4ee5\u62a5\u540d\u53c2\u52a0\u8fde\u7eed\u8bfe\u7a0b\u5417\uff1f<\/strong><\/h3>\n<p>\u60a8\u53ef\u4ee5\u62a5\u540d\u53c2\u52a0\u4e0b\u4e2a\u7ea7\u522b\u7684\u8bfe\u7a0b\uff0c\u4f46\u5fc5\u987b\u518d\u6b21\u5b8c\u6210\u6240\u6709\u6ce8\u518c\u6b65\u9aa4\uff0c\u4e5f\u5305\u62ec\u62bd\u7b7e\u3002\u4f46\u662f\uff0c\u540c\u6837\u7ea7\u522b\u7684\u8bfe\u7a0b\u4e0d\u80fd\u591a\u6b21\u53c2\u52a0<\/p>\n<p>\u5982\u679c\u60a8\u4ed4\u7ec6\u9605\u8bfb\u4e86\u6211\u4eec\u7684\u7f51\u7ad9\uff0c\u4f46\u6ca1\u627e\u5230\u60a8\u95ee\u9898\u7684\u7b54\u6848\uff0c\u60a8\u53ef\u4ee5\u901a\u8fc7 <a href=\"mailto:cestina@icpraha.com\">cestina@icpraha.com<\/a> \u8054\u7cfb\u8d1f\u8d23\u6377\u514b\u8bed\u8bfe\u7a0b\u7684\u4eba\u5458\u3002<\/p>\n<\/div><\/section>\n\n","protected":false},"excerpt":{"rendered":"","protected":false},"author":6,"featured_media":0,"parent":0,"menu_order":0,"comment_status":"closed","ping_status":"closed","template":"","meta":{"footnotes":""},"class_list":["post-12255","page","type-page","status-publish","hentry"],"yoast_head":"<!-- This site is optimized with the Yoast SEO plugin v25.3 - https:\/\/yoast.com\/wordpress\/plugins\/seo\/ -->\n<title>\u7ecf\u5e38\u95ee\u9053\u7684\u95ee\u9898 - Integra\u010dn\u00ed centrum Praha<\/title>\n<meta name=\"robots\" content=\"noindex, follow, max-snippet:-1, max-image-preview:large, max-video-preview:-1\" \/>\n<meta property=\"og:locale\" content=\"zh_CN\" \/>\n<meta property=\"og:type\" content=\"article\" \/>\n<meta property=\"og:title\" content=\"\u7ecf\u5e38\u95ee\u9053\u7684\u95ee\u9898 - Integra\u010dn\u00ed centrum Praha\" \/>\n<meta property=\"og:url\" content=\"https:\/\/old.icpraha.com\/q-and-a\/\" \/>\n<meta property=\"og:site_name\" content=\"Integra\u010dn\u00ed centrum Praha\" \/>\n<meta property=\"article:publisher\" content=\"https:\/\/www.facebook.com\/ICPraha\" \/>\n<meta property=\"article:modified_time\" content=\"2024-05-20T09:27:26+00:00\" \/>\n<meta property=\"og:image\" content=\"https:\/\/old.icpraha.com\/wp-content\/uploads\/2018\/11\/shareimg.png\" \/>\n\t<meta property=\"og:image:width\" content=\"1200\" \/>\n\t<meta property=\"og:image:height\" content=\"630\" \/>\n\t<meta property=\"og:image:type\" content=\"image\/png\" \/>\n<meta name=\"twitter:card\" content=\"summary_large_image\" \/>\n<meta name=\"twitter:site\" content=\"@ICPraha\" \/>\n<meta name=\"twitter:label1\" content=\"\u9884\u8ba1\u9605\u8bfb\u65f6\u95f4\" \/>\n\t<meta name=\"twitter:data1\" content=\"1 \u5206\" \/>\n<script type=\"application\/ld+json\" class=\"yoast-schema-graph\">{\"@context\":\"https:\/\/schema.org\",\"@graph\":[{\"@type\":\"WebPage\",\"@id\":\"https:\/\/old.icpraha.com\/q-and-a\/\",\"url\":\"https:\/\/old.icpraha.com\/q-and-a\/\",\"name\":\"\u7ecf\u5e38\u95ee\u9053\u7684\u95ee\u9898 - Integra\u010dn\u00ed centrum Praha\",\"isPartOf\":{\"@id\":\"https:\/\/icpraha.com\/uk\/#website\"},\"datePublished\":\"2020-01-10T14:03:34+00:00\",\"dateModified\":\"2024-05-20T09:27:26+00:00\",\"breadcrumb\":{\"@id\":\"https:\/\/old.icpraha.com\/q-and-a\/#breadcrumb\"},\"inLanguage\":\"zh-Hans\",\"potentialAction\":[{\"@type\":\"ReadAction\",\"target\":[\"https:\/\/old.icpraha.com\/q-and-a\/\"]}]},{\"@type\":\"BreadcrumbList\",\"@id\":\"https:\/\/old.icpraha.com\/q-and-a\/#breadcrumb\",\"itemListElement\":[{\"@type\":\"ListItem\",\"position\":1,\"name\":\"Dom\u016f\",\"item\":\"https:\/\/icpraha.com\/zh-hans\/\"},{\"@type\":\"ListItem\",\"position\":2,\"name\":\"\u7ecf\u5e38\u95ee\u9053\u7684\u95ee\u9898\"}]},{\"@type\":\"WebSite\",\"@id\":\"https:\/\/icpraha.com\/uk\/#website\",\"url\":\"https:\/\/icpraha.com\/uk\/\",\"name\":\"Integra\u010dn\u00ed centrum Praha\",\"description\":\"Praha \u2013 Metropole v\u0161ech\",\"publisher\":{\"@id\":\"https:\/\/icpraha.com\/uk\/#organization\"},\"potentialAction\":[{\"@type\":\"SearchAction\",\"target\":{\"@type\":\"EntryPoint\",\"urlTemplate\":\"https:\/\/icpraha.com\/uk\/?s={search_term_string}\"},\"query-input\":{\"@type\":\"PropertyValueSpecification\",\"valueRequired\":true,\"valueName\":\"search_term_string\"}}],\"inLanguage\":\"zh-Hans\"},{\"@type\":\"Organization\",\"@id\":\"https:\/\/icpraha.com\/uk\/#organization\",\"name\":\"Integra\u010dn\u00ed centrum Praha o.p.s.\",\"url\":\"https:\/\/icpraha.com\/uk\/\",\"logo\":{\"@type\":\"ImageObject\",\"inLanguage\":\"zh-Hans\",\"@id\":\"https:\/\/icpraha.com\/uk\/#\/schema\/logo\/image\/\",\"url\":\"https:\/\/old.icpraha.com\/wp-content\/uploads\/2018\/08\/ICP-full-color-medium.png\",\"contentUrl\":\"https:\/\/old.icpraha.com\/wp-content\/uploads\/2018\/08\/ICP-full-color-medium.png\",\"width\":1000,\"height\":429,\"caption\":\"Integra\u010dn\u00ed centrum Praha o.p.s.\"},\"image\":{\"@id\":\"https:\/\/icpraha.com\/uk\/#\/schema\/logo\/image\/\"},\"sameAs\":[\"https:\/\/www.facebook.com\/ICPraha\",\"https:\/\/x.com\/ICPraha\",\"https:\/\/www.instagram.com\/icpraha\"]}]}<\/script>\n<!-- \/ Yoast SEO plugin. -->","yoast_head_json":{"title":"\u7ecf\u5e38\u95ee\u9053\u7684\u95ee\u9898 - Integra\u010dn\u00ed centrum Praha","robots":{"index":"noindex","follow":"follow","max-snippet":"max-snippet:-1","max-image-preview":"max-image-preview:large","max-video-preview":"max-video-preview:-1"},"og_locale":"zh_CN","og_type":"article","og_title":"\u7ecf\u5e38\u95ee\u9053\u7684\u95ee\u9898 - Integra\u010dn\u00ed centrum Praha","og_url":"https:\/\/old.icpraha.com\/q-and-a\/","og_site_name":"Integra\u010dn\u00ed centrum Praha","article_publisher":"https:\/\/www.facebook.com\/ICPraha","article_modified_time":"2024-05-20T09:27:26+00:00","og_image":[{"width":1200,"height":630,"url":"https:\/\/old.icpraha.com\/wp-content\/uploads\/2018\/11\/shareimg.png","type":"image\/png"}],"twitter_card":"summary_large_image","twitter_site":"@ICPraha","twitter_misc":{"\u9884\u8ba1\u9605\u8bfb\u65f6\u95f4":"1 \u5206"},"schema":{"@context":"https:\/\/schema.org","@graph":[{"@type":"WebPage","@id":"https:\/\/old.icpraha.com\/q-and-a\/","url":"https:\/\/old.icpraha.com\/q-and-a\/","name":"\u7ecf\u5e38\u95ee\u9053\u7684\u95ee\u9898 - Integra\u010dn\u00ed centrum Praha","isPartOf":{"@id":"https:\/\/icpraha.com\/uk\/#website"},"datePublished":"2020-01-10T14:03:34+00:00","dateModified":"2024-05-20T09:27:26+00:00","breadcrumb":{"@id":"https:\/\/old.icpraha.com\/q-and-a\/#breadcrumb"},"inLanguage":"zh-Hans","potentialAction":[{"@type":"ReadAction","target":["https:\/\/old.icpraha.com\/q-and-a\/"]}]},{"@type":"BreadcrumbList","@id":"https:\/\/old.icpraha.com\/q-and-a\/#breadcrumb","itemListElement":[{"@type":"ListItem","position":1,"name":"Dom\u016f","item":"https:\/\/icpraha.com\/zh-hans\/"},{"@type":"ListItem","position":2,"name":"\u7ecf\u5e38\u95ee\u9053\u7684\u95ee\u9898"}]},{"@type":"WebSite","@id":"https:\/\/icpraha.com\/uk\/#website","url":"https:\/\/icpraha.com\/uk\/","name":"Integra\u010dn\u00ed centrum Praha","description":"Praha \u2013 Metropole v\u0161ech","publisher":{"@id":"https:\/\/icpraha.com\/uk\/#organization"},"potentialAction":[{"@type":"SearchAction","target":{"@type":"EntryPoint","urlTemplate":"https:\/\/icpraha.com\/uk\/?s={search_term_string}"},"query-input":{"@type":"PropertyValueSpecification","valueRequired":true,"valueName":"search_term_string"}}],"inLanguage":"zh-Hans"},{"@type":"Organization","@id":"https:\/\/icpraha.com\/uk\/#organization","name":"Integra\u010dn\u00ed centrum Praha o.p.s.","url":"https:\/\/icpraha.com\/uk\/","logo":{"@type":"ImageObject","inLanguage":"zh-Hans","@id":"https:\/\/icpraha.com\/uk\/#\/schema\/logo\/image\/","url":"https:\/\/old.icpraha.com\/wp-content\/uploads\/2018\/08\/ICP-full-color-medium.png","contentUrl":"https:\/\/old.icpraha.com\/wp-content\/uploads\/2018\/08\/ICP-full-color-medium.png","width":1000,"height":429,"caption":"Integra\u010dn\u00ed centrum Praha o.p.s."},"image":{"@id":"https:\/\/icpraha.com\/uk\/#\/schema\/logo\/image\/"},"sameAs":["https:\/\/www.facebook.com\/ICPraha","https:\/\/x.com\/ICPraha","https:\/\/www.instagram.com\/icpraha"]}]}},"_links":{"self":[{"href":"https:\/\/old.icpraha.com\/zh-hans\/wp-json\/wp\/v2\/pages\/12255","targetHints":{"allow":["GET"]}}],"collection":[{"href":"https:\/\/old.icpraha.com\/zh-hans\/wp-json\/wp\/v2\/pages"}],"about":[{"href":"https:\/\/old.icpraha.com\/zh-hans\/wp-json\/wp\/v2\/types\/page"}],"author":[{"embeddable":true,"href":"https:\/\/old.icpraha.com\/zh-hans\/wp-json\/wp\/v2\/users\/6"}],"replies":[{"embeddable":true,"href":"https:\/\/old.icpraha.com\/zh-hans\/wp-json\/wp\/v2\/comments?post=12255"}],"version-history":[{"count":0,"href":"https:\/\/old.icpraha.com\/zh-hans\/wp-json\/wp\/v2\/pages\/12255\/revisions"}],"wp:attachment":[{"href":"https:\/\/old.icpraha.com\/zh-hans\/wp-json\/wp\/v2\/media?parent=12255"}],"curies":[{"name":"wp","href":"https:\/\/api.w.org\/{rel}","templated":true}]}}