{"id":16727,"date":"2021-01-31T11:40:05","date_gmt":"2021-01-31T10:40:05","guid":{"rendered":"https:\/\/icpraha.com\/zdravotnictvi\/"},"modified":"2021-02-21T22:30:43","modified_gmt":"2021-02-21T21:30:43","slug":"%e6%8d%b7%e5%85%8b%e5%8d%ab%e7%94%9f%e4%bf%9d%e5%81%a5%e4%bd%93%e7%b3%bb","status":"publish","type":"page","link":"https:\/\/old.icpraha.com\/zh-hans\/%e6%8d%b7%e5%85%8b%e5%8d%ab%e7%94%9f%e4%bf%9d%e5%81%a5%e4%bd%93%e7%b3%bb\/","title":{"rendered":"\u6377\u514b\u536b\u751f\u4fdd\u5065\u4f53\u7cfb"},"content":{"rendered":"<div id='av_section_1'  class='avia-section av-9ozze-f76b8117085b0f800b54e70e2bdc3cd8 main_color avia-section-default avia-no-border-styling  avia-builder-el-0  avia-builder-el-no-sibling  avia-bg-style-scroll container_wrap fullsize'  ><div class='container av-section-cont-open' ><main  role=\"main\" itemprop=\"mainContentOfPage\"  class='template-page content  av-content-full alpha units'><div class='post-entry post-entry-type-page post-entry-16727'><div class='entry-content-wrapper clearfix'>\n<div class='flex_column_table av-bp233-0befe264c9c1876b376ff1773c573dee sc-av_one_full av-equal-height-column-flextable'>\n<style type=\"text\/css\" data-created_by=\"avia_inline_auto\" id=\"style-css-av-bp233-0befe264c9c1876b376ff1773c573dee\">\n#top .flex_column_table.av-equal-height-column-flextable.av-bp233-0befe264c9c1876b376ff1773c573dee{\nmargin-top:0px;\nmargin-bottom:30px;\n}\n.flex_column.av-bp233-0befe264c9c1876b376ff1773c573dee{\nborder-radius:10px 10px 10px 10px;\npadding:150px 30px 150px 30px;\nbackground:url(https:\/\/old.icpraha.com\/wp-content\/uploads\/2021\/01\/bofu-shaw-hOfBn4jQEyo-unsplash-scaled.jpg) 100% 50% no-repeat scroll rgba(0,0,0,0.6);\n}\n<\/style>\n<div  class='flex_column av-bp233-0befe264c9c1876b376ff1773c573dee av_one_full  avia-builder-el-1  el_before_av_one_full  avia-builder-el-first  shadow blend first flex_column_table_cell av-equal-height-column av-align-middle avia-full-stretch  '     ><style type=\"text\/css\" data-created_by=\"avia_inline_auto\" id=\"style-css-av-jkaxdisn-a3c96d983f2c6d594152475aeb1fedde\">\n#top .av_textblock_section.av-jkaxdisn-a3c96d983f2c6d594152475aeb1fedde .avia_textblock{\nfont-size:18px;\ncolor:#ffffff;\n}\n<\/style>\n<section  class='av_textblock_section av-jkaxdisn-a3c96d983f2c6d594152475aeb1fedde '   itemscope=\"itemscope\" itemtype=\"https:\/\/schema.org\/CreativeWork\" ><div class='avia_textblock av_inherit_color'  itemprop=\"text\" ><h1 style=\"text-align: center;\">\u6377\u514b\u536b\u751f\u4fdd\u5065\u4f53\u7cfb<\/h1>\n<h3 style=\"text-align: center;\">\u91cd\u8981\u94fe\u63a5<\/h3>\n<\/div><\/section><\/div><\/div><!--close column table wrapper. Autoclose: 1 --><div class='flex_column_table av-bp233-1a65a6ced44d990e41cdf326b1ec8f20 sc-av_one_full av-equal-height-column-flextable'>\n<style type=\"text\/css\" data-created_by=\"avia_inline_auto\" id=\"style-css-av-bp233-1a65a6ced44d990e41cdf326b1ec8f20\">\n#top .flex_column_table.av-equal-height-column-flextable.av-bp233-1a65a6ced44d990e41cdf326b1ec8f20{\nmargin-top:0px;\nmargin-bottom:30px;\n}\n.flex_column.av-bp233-1a65a6ced44d990e41cdf326b1ec8f20{\nborder-radius:10px 10px 10px 10px;\npadding:30px 30px 30px 30px;\nbackground-color:#ffffff;\n}\n<\/style>\n<div  class='flex_column av-bp233-1a65a6ced44d990e41cdf326b1ec8f20 av_one_full  avia-builder-el-3  el_after_av_one_full  avia-builder-el-last  shadow first flex_column_table_cell av-equal-height-column av-align-top  column-top-margin'     ><section  class='av_textblock_section av-jkaxdisn-02e7baa098b5bea22cbd6b28280285a1 '   itemscope=\"itemscope\" itemtype=\"https:\/\/schema.org\/CreativeWork\" ><div class='avia_textblock'  itemprop=\"text\" ><h3><strong>\u91cd\u8981\u94fe\u63a5:<\/strong><\/h3>\n<ul>\n<li><span style=\"font-weight: 400;\">\u6377\u514b\u536b\u751f\u90e8\u53d1\u5e03\u7684\u536b\u751f\u4fdd\u5065\u4f53\u7cfb\u53c2\u8003\u624b\u518c: <\/span><a href=\"http:\/\/www.nemcb.cz\/upload\/files\/Patient_Guide_-_Patient_Safety_Improvement_Manual.pdf\"><span style=\"font-weight: 400;\">http:\/\/www.nemcb.cz\/upload\/files\/Patient_Guide_-_Patient_Safety_Improvement_Manual.pdf<\/span><\/a><\/li>\n<li>2019\u51a0\u72b6\u75c5\u6bd2\u75c5\u5f53\u524d\u75ab\u60c5\u6709\u5173\u4fe1\u606f: <a href=\"https:\/\/koronavirus.mzcr.cz\/en\/\">https:\/\/koronavirus.mzcr.cz\/en\/<\/a><\/li>\n<li>\u4e0e\u533b\u751f\u4ea4\u6d41\u7528\u53e5: <a href=\"https:\/\/www.mzcr.cz\/komunikacni-karty-pro-pacienty-cizince-a-zdravotniky\/\">https:\/\/www.mzcr.cz\/komunikacni-karty-pro-pacienty-cizince-a-zdravotniky\/<\/a><\/li>\n<li><span style=\"font-weight: 400;\">\u533b\u751f\u641c\u7d22\u5e73\u53f0\uff0c\u53ef\u6309\u5730\u70b9\u3001\u4e13\u79d1\u3001\u662f\u5426\u63a5\u53d7\u65b0\u5ba2\u6237\u7b49\u7b5b\u9009:\u00a0 <a href=\"https:\/\/www.znamylekar.cz\/\">https:\/\/www.znamylekar.cz\/<\/a><\/span><\/li>\n<li><span style=\"font-weight: 400;\">\u80fd\u7528\u82f1\u8bed\u4ea4\u6d41\u7684\u533b\u9662:<br \/>\n\u533b\u5b66\u9662\u9644\u5c5eMotol\u533b\u9662: <a href=\"https:\/\/www.fnmotol.cz\/en\/samoplatci\/health-care-services-for-foreigners\/\">https:\/\/www.fnmotol.cz\/en\/samoplatci\/health-care-services-for-foreigners\/<\/a><br \/>\n\u603b\u519b\u533b\u9662\uff08\u00dast\u0159edn\u00ed vojensk\u00e1 nemocnice\uff09: <\/span><a href=\"https:\/\/www.uvn.cz\/en\/\"><span style=\"font-weight: 400;\">https:\/\/www.uvn.cz\/en\/<\/span><\/a><span style=\"font-weight: 400;\">\u00a0<\/span><\/li>\n<li><span style=\"font-weight: 400;\">\u536b\u751f\u90e8\u7f51\u7ad9: <\/span><a href=\"https:\/\/www.mzcr.cz\/\"><span style=\"font-weight: 400;\">https:\/\/www.mzcr.cz\/<\/span><\/a><\/li>\n<\/ul>\n<p><span data-sheets-formula-bar-text-style=\"font-size:15px;color:#000000;font-weight:normal;text-decoration:none;font-family:'Arial';font-style:normal;text-decoration-skip-ink:none;\">\u60a8\u662f\u5426\u5bf9\u533b\u7597\u4fdd\u9669\u95ee\u9898\u611f\u5174\u8da3\uff1f\u53ef\u4ee5\u770b\u770b\u6211\u4eec\u7684\u76f8\u5173<\/span><span data-sheets-formula-bar-text-style=\"font-size:15px;color:#000000;font-weight:bold;text-decoration:none;font-family:''Arial'';font-style:normal;text-decoration-skip-ink:none;\">\u6587<a href=\"https:\/\/icpraha.com\/zh-hans\/zdravotni-pojisteni-v-cr-chn\/\">\u7ae0<\/a>\u3002<\/span><\/p>\n<\/div><\/section><\/div><\/div><!--close column table wrapper. Autoclose: 1 -->\n","protected":false},"excerpt":{"rendered":"","protected":false},"author":6,"featured_media":0,"parent":0,"menu_order":0,"comment_status":"closed","ping_status":"closed","template":"","meta":{"footnotes":""},"class_list":["post-16727","page","type-page","status-publish","hentry"],"yoast_head":"<!-- This site is optimized with the Yoast SEO plugin v25.3 - https:\/\/yoast.com\/wordpress\/plugins\/seo\/ -->\n<title>\u6377\u514b\u536b\u751f\u4fdd\u5065\u4f53\u7cfb - Integra\u010dn\u00ed centrum Praha<\/title>\n<meta name=\"robots\" content=\"noindex, follow, max-snippet:-1, max-image-preview:large, max-video-preview:-1\" \/>\n<meta property=\"og:locale\" content=\"zh_CN\" \/>\n<meta property=\"og:type\" content=\"article\" \/>\n<meta property=\"og:title\" content=\"\u6377\u514b\u536b\u751f\u4fdd\u5065\u4f53\u7cfb - Integra\u010dn\u00ed centrum Praha\" \/>\n<meta property=\"og:url\" content=\"https:\/\/old.icpraha.com\/zdravotnictvi\/\" \/>\n<meta property=\"og:site_name\" content=\"Integra\u010dn\u00ed centrum Praha\" \/>\n<meta property=\"article:publisher\" content=\"https:\/\/www.facebook.com\/ICPraha\" \/>\n<meta property=\"article:modified_time\" content=\"2021-02-21T21:30:43+00:00\" \/>\n<meta property=\"og:image\" content=\"https:\/\/old.icpraha.com\/wp-content\/uploads\/2018\/11\/shareimg.png\" \/>\n\t<meta property=\"og:image:width\" content=\"1200\" \/>\n\t<meta property=\"og:image:height\" content=\"630\" \/>\n\t<meta property=\"og:image:type\" content=\"image\/png\" \/>\n<meta name=\"twitter:card\" content=\"summary_large_image\" \/>\n<meta name=\"twitter:site\" content=\"@ICPraha\" \/>\n<meta name=\"twitter:label1\" content=\"\u9884\u8ba1\u9605\u8bfb\u65f6\u95f4\" \/>\n\t<meta name=\"twitter:data1\" content=\"1 \u5206\" \/>\n<script type=\"application\/ld+json\" class=\"yoast-schema-graph\">{\"@context\":\"https:\/\/schema.org\",\"@graph\":[{\"@type\":\"WebPage\",\"@id\":\"https:\/\/old.icpraha.com\/zdravotnictvi\/\",\"url\":\"https:\/\/old.icpraha.com\/zdravotnictvi\/\",\"name\":\"\u6377\u514b\u536b\u751f\u4fdd\u5065\u4f53\u7cfb - Integra\u010dn\u00ed centrum Praha\",\"isPartOf\":{\"@id\":\"https:\/\/icpraha.com\/uk\/#website\"},\"datePublished\":\"2021-01-31T10:40:05+00:00\",\"dateModified\":\"2021-02-21T21:30:43+00:00\",\"breadcrumb\":{\"@id\":\"https:\/\/old.icpraha.com\/zdravotnictvi\/#breadcrumb\"},\"inLanguage\":\"zh-Hans\",\"potentialAction\":[{\"@type\":\"ReadAction\",\"target\":[\"https:\/\/old.icpraha.com\/zdravotnictvi\/\"]}]},{\"@type\":\"BreadcrumbList\",\"@id\":\"https:\/\/old.icpraha.com\/zdravotnictvi\/#breadcrumb\",\"itemListElement\":[{\"@type\":\"ListItem\",\"position\":1,\"name\":\"Dom\u016f\",\"item\":\"https:\/\/icpraha.com\/zh-hans\/\"},{\"@type\":\"ListItem\",\"position\":2,\"name\":\"\u6377\u514b\u536b\u751f\u4fdd\u5065\u4f53\u7cfb\"}]},{\"@type\":\"WebSite\",\"@id\":\"https:\/\/icpraha.com\/uk\/#website\",\"url\":\"https:\/\/icpraha.com\/uk\/\",\"name\":\"Integra\u010dn\u00ed centrum Praha\",\"description\":\"Praha \u2013 Metropole v\u0161ech\",\"publisher\":{\"@id\":\"https:\/\/icpraha.com\/uk\/#organization\"},\"potentialAction\":[{\"@type\":\"SearchAction\",\"target\":{\"@type\":\"EntryPoint\",\"urlTemplate\":\"https:\/\/icpraha.com\/uk\/?s={search_term_string}\"},\"query-input\":{\"@type\":\"PropertyValueSpecification\",\"valueRequired\":true,\"valueName\":\"search_term_string\"}}],\"inLanguage\":\"zh-Hans\"},{\"@type\":\"Organization\",\"@id\":\"https:\/\/icpraha.com\/uk\/#organization\",\"name\":\"Integra\u010dn\u00ed centrum Praha o.p.s.\",\"url\":\"https:\/\/icpraha.com\/uk\/\",\"logo\":{\"@type\":\"ImageObject\",\"inLanguage\":\"zh-Hans\",\"@id\":\"https:\/\/icpraha.com\/uk\/#\/schema\/logo\/image\/\",\"url\":\"https:\/\/old.icpraha.com\/wp-content\/uploads\/2018\/08\/ICP-full-color-medium.png\",\"contentUrl\":\"https:\/\/old.icpraha.com\/wp-content\/uploads\/2018\/08\/ICP-full-color-medium.png\",\"width\":1000,\"height\":429,\"caption\":\"Integra\u010dn\u00ed centrum Praha o.p.s.\"},\"image\":{\"@id\":\"https:\/\/icpraha.com\/uk\/#\/schema\/logo\/image\/\"},\"sameAs\":[\"https:\/\/www.facebook.com\/ICPraha\",\"https:\/\/x.com\/ICPraha\",\"https:\/\/www.instagram.com\/icpraha\"]}]}<\/script>\n<!-- \/ Yoast SEO plugin. -->","yoast_head_json":{"title":"\u6377\u514b\u536b\u751f\u4fdd\u5065\u4f53\u7cfb - Integra\u010dn\u00ed centrum Praha","robots":{"index":"noindex","follow":"follow","max-snippet":"max-snippet:-1","max-image-preview":"max-image-preview:large","max-video-preview":"max-video-preview:-1"},"og_locale":"zh_CN","og_type":"article","og_title":"\u6377\u514b\u536b\u751f\u4fdd\u5065\u4f53\u7cfb - Integra\u010dn\u00ed centrum Praha","og_url":"https:\/\/old.icpraha.com\/zdravotnictvi\/","og_site_name":"Integra\u010dn\u00ed centrum Praha","article_publisher":"https:\/\/www.facebook.com\/ICPraha","article_modified_time":"2021-02-21T21:30:43+00:00","og_image":[{"width":1200,"height":630,"url":"https:\/\/old.icpraha.com\/wp-content\/uploads\/2018\/11\/shareimg.png","type":"image\/png"}],"twitter_card":"summary_large_image","twitter_site":"@ICPraha","twitter_misc":{"\u9884\u8ba1\u9605\u8bfb\u65f6\u95f4":"1 \u5206"},"schema":{"@context":"https:\/\/schema.org","@graph":[{"@type":"WebPage","@id":"https:\/\/old.icpraha.com\/zdravotnictvi\/","url":"https:\/\/old.icpraha.com\/zdravotnictvi\/","name":"\u6377\u514b\u536b\u751f\u4fdd\u5065\u4f53\u7cfb - Integra\u010dn\u00ed centrum Praha","isPartOf":{"@id":"https:\/\/icpraha.com\/uk\/#website"},"datePublished":"2021-01-31T10:40:05+00:00","dateModified":"2021-02-21T21:30:43+00:00","breadcrumb":{"@id":"https:\/\/old.icpraha.com\/zdravotnictvi\/#breadcrumb"},"inLanguage":"zh-Hans","potentialAction":[{"@type":"ReadAction","target":["https:\/\/old.icpraha.com\/zdravotnictvi\/"]}]},{"@type":"BreadcrumbList","@id":"https:\/\/old.icpraha.com\/zdravotnictvi\/#breadcrumb","itemListElement":[{"@type":"ListItem","position":1,"name":"Dom\u016f","item":"https:\/\/icpraha.com\/zh-hans\/"},{"@type":"ListItem","position":2,"name":"\u6377\u514b\u536b\u751f\u4fdd\u5065\u4f53\u7cfb"}]},{"@type":"WebSite","@id":"https:\/\/icpraha.com\/uk\/#website","url":"https:\/\/icpraha.com\/uk\/","name":"Integra\u010dn\u00ed centrum Praha","description":"Praha \u2013 Metropole v\u0161ech","publisher":{"@id":"https:\/\/icpraha.com\/uk\/#organization"},"potentialAction":[{"@type":"SearchAction","target":{"@type":"EntryPoint","urlTemplate":"https:\/\/icpraha.com\/uk\/?s={search_term_string}"},"query-input":{"@type":"PropertyValueSpecification","valueRequired":true,"valueName":"search_term_string"}}],"inLanguage":"zh-Hans"},{"@type":"Organization","@id":"https:\/\/icpraha.com\/uk\/#organization","name":"Integra\u010dn\u00ed centrum Praha o.p.s.","url":"https:\/\/icpraha.com\/uk\/","logo":{"@type":"ImageObject","inLanguage":"zh-Hans","@id":"https:\/\/icpraha.com\/uk\/#\/schema\/logo\/image\/","url":"https:\/\/old.icpraha.com\/wp-content\/uploads\/2018\/08\/ICP-full-color-medium.png","contentUrl":"https:\/\/old.icpraha.com\/wp-content\/uploads\/2018\/08\/ICP-full-color-medium.png","width":1000,"height":429,"caption":"Integra\u010dn\u00ed centrum Praha o.p.s."},"image":{"@id":"https:\/\/icpraha.com\/uk\/#\/schema\/logo\/image\/"},"sameAs":["https:\/\/www.facebook.com\/ICPraha","https:\/\/x.com\/ICPraha","https:\/\/www.instagram.com\/icpraha"]}]}},"_links":{"self":[{"href":"https:\/\/old.icpraha.com\/zh-hans\/wp-json\/wp\/v2\/pages\/16727","targetHints":{"allow":["GET"]}}],"collection":[{"href":"https:\/\/old.icpraha.com\/zh-hans\/wp-json\/wp\/v2\/pages"}],"about":[{"href":"https:\/\/old.icpraha.com\/zh-hans\/wp-json\/wp\/v2\/types\/page"}],"author":[{"embeddable":true,"href":"https:\/\/old.icpraha.com\/zh-hans\/wp-json\/wp\/v2\/users\/6"}],"replies":[{"embeddable":true,"href":"https:\/\/old.icpraha.com\/zh-hans\/wp-json\/wp\/v2\/comments?post=16727"}],"version-history":[{"count":0,"href":"https:\/\/old.icpraha.com\/zh-hans\/wp-json\/wp\/v2\/pages\/16727\/revisions"}],"wp:attachment":[{"href":"https:\/\/old.icpraha.com\/zh-hans\/wp-json\/wp\/v2\/media?parent=16727"}],"curies":[{"name":"wp","href":"https:\/\/api.w.org\/{rel}","templated":true}]}}